{"id":7209,"date":"2025-04-16T14:43:29","date_gmt":"2025-04-16T14:43:29","guid":{"rendered":"https:\/\/www.masmaristany.com\/?page_id=7209"},"modified":"2025-04-22T14:42:40","modified_gmt":"2025-04-22T14:42:40","slug":"urbanism-public-space","status":"publish","type":"page","link":"https:\/\/www.masmaristany.com\/en\/urbanism-public-space\/","title":{"rendered":"urbanism \/ PUBLIC SPACE"},"content":{"rendered":"\t\t<div data-elementor-type=\"wp-page\" data-elementor-id=\"7209\" class=\"elementor elementor-7209\">\n\t\t\t\t<div class=\"elementor-element elementor-element-f9e9797 e-flex e-con-boxed e-con e-parent\" data-id=\"f9e9797\" data-element_type=\"container\">\n\t\t\t\t\t<div class=\"e-con-inner\">\n\t\t\t\t<div class=\"elementor-element elementor-element-41682fd elementor-grid-3 elementor-grid-tablet-2 elementor-grid-mobile-1 elementor-widget elementor-widget-elementor-blog-posts\" data-id=\"41682fd\" data-element_type=\"widget\" data-settings=\"{&quot;columns&quot;:&quot;3&quot;,&quot;columns_tablet&quot;:&quot;2&quot;,&quot;columns_mobile&quot;:&quot;1&quot;}\" data-widget_type=\"elementor-blog-posts.default\">\n\t\t\t\t<div class=\"elementor-widget-container\">\n\t\t\t\t\t\t\t<div class=\"wpcap-grid\">\n\t\t\t\t\t\t<div class=\"wpcap-grid-container elementor-grid wpcap-grid-desktop-3 wpcap-grid-tablet-2 wpcap-grid-mobile-1\">\n\n\t\t\t\t\n        <article id=\"post-5471\" class=\"wpcap-post post-5471 post type-post status-publish format-standard has-post-thumbnail hentry category-urban-planning-public-space\">\n         \n            <div class=\"post-grid-inner\">\n            \t\n            \t\t\t\t<div class=\"post-grid-thumbnail\">\n\t\t\t\t<a href=\"https:\/\/www.masmaristany.com\/en\/2025\/03\/24\/are-pou-boronat-tarragona-eng\/\">\n\t\t\t\t\t<img fetchpriority=\"high\" decoding=\"async\" width=\"768\" height=\"518\" src=\"https:\/\/www.masmaristany.com\/wp-content\/uploads\/2025\/03\/01-Pou-Boronat-portada-768x518.jpg\" class=\"attachment-medium_large size-medium_large wp-post-image\" alt=\"\" srcset=\"https:\/\/www.masmaristany.com\/wp-content\/uploads\/2025\/03\/01-Pou-Boronat-portada-768x518.jpg 768w, https:\/\/www.masmaristany.com\/wp-content\/uploads\/2025\/03\/01-Pou-Boronat-portada-300x202.jpg 300w, https:\/\/www.masmaristany.com\/wp-content\/uploads\/2025\/03\/01-Pou-Boronat-portada-1024x690.jpg 1024w, https:\/\/www.masmaristany.com\/wp-content\/uploads\/2025\/03\/01-Pou-Boronat-portada.jpg 1240w\" sizes=\"(max-width: 768px) 100vw, 768px\" \/>\t\t\t\t<\/a>\n\t\t\t<\/div>\n        \n                <div class=\"post-grid-text-wrap\">\n               \t\t\t\t<h3 class=\"title\">\n\t\t\t<a href=\"https:\/\/www.masmaristany.com\/en\/2025\/03\/24\/are-pou-boronat-tarragona-eng\/\">ARE POU BORONAT (TARRAGONA) eng<\/a>\n\t\t<\/h3>\n\t\t\t                \t                \t                                <\/div>\n\n            <\/div><!-- .blog-inner -->\n           \n        <\/article>\n\n        \n        <article id=\"post-4627\" class=\"wpcap-post post-4627 post type-post status-publish format-standard has-post-thumbnail hentry category-urban-planning-public-space\">\n         \n            <div class=\"post-grid-inner\">\n            \t\n            \t\t\t\t<div class=\"post-grid-thumbnail\">\n\t\t\t\t<a href=\"https:\/\/www.masmaristany.com\/en\/2025\/03\/24\/canyelles-gate\/\">\n\t\t\t\t\t<img decoding=\"async\" width=\"768\" height=\"518\" src=\"https:\/\/www.masmaristany.com\/wp-content\/uploads\/2025\/03\/01-PUERTA-CANYELLES-PORTADA-768x518.jpg\" class=\"attachment-medium_large size-medium_large wp-post-image\" alt=\"\" srcset=\"https:\/\/www.masmaristany.com\/wp-content\/uploads\/2025\/03\/01-PUERTA-CANYELLES-PORTADA-768x518.jpg 768w, https:\/\/www.masmaristany.com\/wp-content\/uploads\/2025\/03\/01-PUERTA-CANYELLES-PORTADA-300x202.jpg 300w, https:\/\/www.masmaristany.com\/wp-content\/uploads\/2025\/03\/01-PUERTA-CANYELLES-PORTADA-1024x690.jpg 1024w, https:\/\/www.masmaristany.com\/wp-content\/uploads\/2025\/03\/01-PUERTA-CANYELLES-PORTADA.jpg 1240w\" sizes=\"(max-width: 768px) 100vw, 768px\" \/>\t\t\t\t<\/a>\n\t\t\t<\/div>\n        \n                <div class=\"post-grid-text-wrap\">\n               \t\t\t\t<h3 class=\"title\">\n\t\t\t<a href=\"https:\/\/www.masmaristany.com\/en\/2025\/03\/24\/canyelles-gate\/\">CANYELLES GATE<\/a>\n\t\t<\/h3>\n\t\t\t                \t                \t                                <\/div>\n\n            <\/div><!-- .blog-inner -->\n           \n        <\/article>\n\n        \n        <article id=\"post-4582\" class=\"wpcap-post post-4582 post type-post status-publish format-standard has-post-thumbnail hentry category-urban-planning-public-space\">\n         \n            <div class=\"post-grid-inner\">\n            \t\n            \t\t\t\t<div class=\"post-grid-thumbnail\">\n\t\t\t\t<a href=\"https:\/\/www.masmaristany.com\/en\/2025\/03\/24\/peu-zal-de-tarragona-logistics-activities-zone\/\">\n\t\t\t\t\t<img decoding=\"async\" width=\"768\" height=\"518\" src=\"https:\/\/www.masmaristany.com\/wp-content\/uploads\/2025\/03\/01-PE-ZAL-portada-768x518.jpg\" class=\"attachment-medium_large size-medium_large wp-post-image\" alt=\"\" srcset=\"https:\/\/www.masmaristany.com\/wp-content\/uploads\/2025\/03\/01-PE-ZAL-portada-768x518.jpg 768w, https:\/\/www.masmaristany.com\/wp-content\/uploads\/2025\/03\/01-PE-ZAL-portada-300x202.jpg 300w, https:\/\/www.masmaristany.com\/wp-content\/uploads\/2025\/03\/01-PE-ZAL-portada-1024x690.jpg 1024w, https:\/\/www.masmaristany.com\/wp-content\/uploads\/2025\/03\/01-PE-ZAL-portada.jpg 1240w\" sizes=\"(max-width: 768px) 100vw, 768px\" \/>\t\t\t\t<\/a>\n\t\t\t<\/div>\n        \n                <div class=\"post-grid-text-wrap\">\n               \t\t\t\t<h3 class=\"title\">\n\t\t\t<a href=\"https:\/\/www.masmaristany.com\/en\/2025\/03\/24\/peu-zal-de-tarragona-logistics-activities-zone\/\">PEU ZAL DE TARRAGONA  Logistics Activities Zone<\/a>\n\t\t<\/h3>\n\t\t\t                \t                \t                                <\/div>\n\n            <\/div><!-- .blog-inner -->\n           \n        <\/article>\n\n        \n        <article id=\"post-4235\" class=\"wpcap-post post-4235 post type-post status-publish format-standard has-post-thumbnail hentry category-urban-planning-public-space\">\n         \n            <div class=\"post-grid-inner\">\n            \t\n            \t\t\t\t<div class=\"post-grid-thumbnail\">\n\t\t\t\t<a href=\"https:\/\/www.masmaristany.com\/en\/2025\/03\/24\/mppgm-in-sant-feliu-llobregat\/\">\n\t\t\t\t\t<img loading=\"lazy\" decoding=\"async\" width=\"768\" height=\"518\" src=\"https:\/\/www.masmaristany.com\/wp-content\/uploads\/2025\/03\/01-Mp-sant-feliu-portada-768x518.jpg\" class=\"attachment-medium_large size-medium_large wp-post-image\" alt=\"\" srcset=\"https:\/\/www.masmaristany.com\/wp-content\/uploads\/2025\/03\/01-Mp-sant-feliu-portada-768x518.jpg 768w, https:\/\/www.masmaristany.com\/wp-content\/uploads\/2025\/03\/01-Mp-sant-feliu-portada-300x202.jpg 300w, https:\/\/www.masmaristany.com\/wp-content\/uploads\/2025\/03\/01-Mp-sant-feliu-portada-1024x690.jpg 1024w, https:\/\/www.masmaristany.com\/wp-content\/uploads\/2025\/03\/01-Mp-sant-feliu-portada.jpg 1240w\" sizes=\"(max-width: 768px) 100vw, 768px\" \/>\t\t\t\t<\/a>\n\t\t\t<\/div>\n        \n                <div class=\"post-grid-text-wrap\">\n               \t\t\t\t<h3 class=\"title\">\n\t\t\t<a href=\"https:\/\/www.masmaristany.com\/en\/2025\/03\/24\/mppgm-in-sant-feliu-llobregat\/\">MPPGM IN SANT FELIU LLOBREGAT<\/a>\n\t\t<\/h3>\n\t\t\t                \t                \t                                <\/div>\n\n            <\/div><!-- .blog-inner -->\n           \n        <\/article>\n\n        \n        <article id=\"post-3570\" class=\"wpcap-post post-3570 post type-post status-publish format-standard has-post-thumbnail hentry category-urban-planning-public-space\">\n         \n            <div class=\"post-grid-inner\">\n            \t\n            \t\t\t\t<div class=\"post-grid-thumbnail\">\n\t\t\t\t<a href=\"https:\/\/www.masmaristany.com\/en\/2025\/03\/11\/transformation-of-the-rec-neighborhood\/\">\n\t\t\t\t\t<img loading=\"lazy\" decoding=\"async\" width=\"768\" height=\"518\" src=\"https:\/\/www.masmaristany.com\/wp-content\/uploads\/2025\/03\/01-PORTADA-igualada_verdes_grande-OK-768x518.jpg\" class=\"attachment-medium_large size-medium_large wp-post-image\" alt=\"\" srcset=\"https:\/\/www.masmaristany.com\/wp-content\/uploads\/2025\/03\/01-PORTADA-igualada_verdes_grande-OK-768x518.jpg 768w, https:\/\/www.masmaristany.com\/wp-content\/uploads\/2025\/03\/01-PORTADA-igualada_verdes_grande-OK-300x202.jpg 300w, https:\/\/www.masmaristany.com\/wp-content\/uploads\/2025\/03\/01-PORTADA-igualada_verdes_grande-OK-1024x690.jpg 1024w, https:\/\/www.masmaristany.com\/wp-content\/uploads\/2025\/03\/01-PORTADA-igualada_verdes_grande-OK.jpg 1240w\" sizes=\"(max-width: 768px) 100vw, 768px\" \/>\t\t\t\t<\/a>\n\t\t\t<\/div>\n        \n                <div class=\"post-grid-text-wrap\">\n               \t\t\t\t<h3 class=\"title\">\n\t\t\t<a href=\"https:\/\/www.masmaristany.com\/en\/2025\/03\/11\/transformation-of-the-rec-neighborhood\/\">TRANSFORMATION OF THE REC NEIGHBORHOOD<\/a>\n\t\t<\/h3>\n\t\t\t                \t                \t                                <\/div>\n\n            <\/div><!-- .blog-inner -->\n           \n        <\/article>\n\n        \n\t\t\t<\/div>\n\t\t<\/div>\n\t\t\t\t\t\t<\/div>\n\t\t\t\t<\/div>\n\t\t\t\t\t<\/div>\n\t\t\t\t<\/div>\n\t\t\t\t<\/div>\n\t\t","protected":false},"excerpt":{"rendered":"TRANSFORMATION OF THE REC NEIGHBORHOOD Ideas Competition for the Rec of Igualada Developer: Igualada City Council.\u00a0 Date: 2017. Drafting team:\u00a0 S\u00edlvia Mas, Lorena Maristany, Marisol Jim\u00e9nez, Julio-Alan Latre, Tamar Firer, Marta P\u00e9rez, Architects. Collaborators: Anna Zahonero, Biologist \/ Albert Cortina, Lawyer. The proposal is based on the reconversion of the Rec industrial area into a [...]","protected":false},"author":3,"featured_media":0,"parent":0,"menu_order":0,"comment_status":"closed","ping_status":"closed","template":"elementor_header_footer","meta":{"footnotes":""},"class_list":["post-7209","page","type-page","status-publish","hentry"],"yoast_head":"<!-- This site is optimized with the Yoast SEO plugin v26.7 - https:\/\/yoast.com\/wordpress\/plugins\/seo\/ -->\n<title>urbanism \/ PUBLIC SPACE - mas maristany<\/title>\n<meta name=\"robots\" content=\"index, follow, max-snippet:-1, max-image-preview:large, max-video-preview:-1\" \/>\n<link rel=\"canonical\" href=\"https:\/\/www.masmaristany.com\/en\/urbanism-public-space\/\" \/>\n<meta property=\"og:locale\" content=\"en_US\" \/>\n<meta property=\"og:type\" content=\"article\" \/>\n<meta property=\"og:title\" content=\"urbanism \/ PUBLIC SPACE - mas maristany\" \/>\n<meta property=\"og:url\" content=\"https:\/\/www.masmaristany.com\/en\/urbanism-public-space\/\" \/>\n<meta property=\"og:site_name\" content=\"mas maristany\" \/>\n<meta property=\"article:modified_time\" content=\"2025-04-22T14:42:40+00:00\" \/>\n<meta name=\"twitter:card\" content=\"summary_large_image\" \/>\n<script type=\"application\/ld+json\" class=\"yoast-schema-graph\">{\"@context\":\"https:\/\/schema.org\",\"@graph\":[{\"@type\":\"WebPage\",\"@id\":\"https:\/\/www.masmaristany.com\/en\/urbanism-public-space\/\",\"url\":\"https:\/\/www.masmaristany.com\/en\/urbanism-public-space\/\",\"name\":\"urbanism \/ PUBLIC SPACE - mas maristany\",\"isPartOf\":{\"@id\":\"https:\/\/www.masmaristany.com\/#website\"},\"datePublished\":\"2025-04-16T14:43:29+00:00\",\"dateModified\":\"2025-04-22T14:42:40+00:00\",\"breadcrumb\":{\"@id\":\"https:\/\/www.masmaristany.com\/en\/urbanism-public-space\/#breadcrumb\"},\"inLanguage\":\"en-US\",\"potentialAction\":[{\"@type\":\"ReadAction\",\"target\":[\"https:\/\/www.masmaristany.com\/en\/urbanism-public-space\/\"]}]},{\"@type\":\"BreadcrumbList\",\"@id\":\"https:\/\/www.masmaristany.com\/en\/urbanism-public-space\/#breadcrumb\",\"itemListElement\":[{\"@type\":\"ListItem\",\"position\":1,\"name\":\"Portada\",\"item\":\"https:\/\/www.masmaristany.com\/en\/\"},{\"@type\":\"ListItem\",\"position\":2,\"name\":\"urbanism \/ PUBLIC SPACE\"}]},{\"@type\":\"WebSite\",\"@id\":\"https:\/\/www.masmaristany.com\/#website\",\"url\":\"https:\/\/www.masmaristany.com\/\",\"name\":\"mas maristany\",\"description\":\"Estudio de arquitectura\",\"publisher\":{\"@id\":\"https:\/\/www.masmaristany.com\/#organization\"},\"potentialAction\":[{\"@type\":\"SearchAction\",\"target\":{\"@type\":\"EntryPoint\",\"urlTemplate\":\"https:\/\/www.masmaristany.com\/?s={search_term_string}\"},\"query-input\":{\"@type\":\"PropertyValueSpecification\",\"valueRequired\":true,\"valueName\":\"search_term_string\"}}],\"inLanguage\":\"en-US\"},{\"@type\":\"Organization\",\"@id\":\"https:\/\/www.masmaristany.com\/#organization\",\"name\":\"mas maristany\",\"url\":\"https:\/\/www.masmaristany.com\/\",\"logo\":{\"@type\":\"ImageObject\",\"inLanguage\":\"en-US\",\"@id\":\"https:\/\/www.masmaristany.com\/#\/schema\/logo\/image\/\",\"url\":\"https:\/\/www.masmaristany.com\/wp-content\/uploads\/2025\/03\/mas-maristany_logo-2.png\",\"contentUrl\":\"https:\/\/www.masmaristany.com\/wp-content\/uploads\/2025\/03\/mas-maristany_logo-2.png\",\"width\":1563,\"height\":625,\"caption\":\"mas maristany\"},\"image\":{\"@id\":\"https:\/\/www.masmaristany.com\/#\/schema\/logo\/image\/\"}}]}<\/script>\n<!-- \/ Yoast SEO plugin. -->","yoast_head_json":{"title":"urbanism \/ PUBLIC SPACE - mas maristany","robots":{"index":"index","follow":"follow","max-snippet":"max-snippet:-1","max-image-preview":"max-image-preview:large","max-video-preview":"max-video-preview:-1"},"canonical":"https:\/\/www.masmaristany.com\/en\/urbanism-public-space\/","og_locale":"en_US","og_type":"article","og_title":"urbanism \/ PUBLIC SPACE - mas maristany","og_url":"https:\/\/www.masmaristany.com\/en\/urbanism-public-space\/","og_site_name":"mas maristany","article_modified_time":"2025-04-22T14:42:40+00:00","twitter_card":"summary_large_image","schema":{"@context":"https:\/\/schema.org","@graph":[{"@type":"WebPage","@id":"https:\/\/www.masmaristany.com\/en\/urbanism-public-space\/","url":"https:\/\/www.masmaristany.com\/en\/urbanism-public-space\/","name":"urbanism \/ PUBLIC SPACE - mas maristany","isPartOf":{"@id":"https:\/\/www.masmaristany.com\/#website"},"datePublished":"2025-04-16T14:43:29+00:00","dateModified":"2025-04-22T14:42:40+00:00","breadcrumb":{"@id":"https:\/\/www.masmaristany.com\/en\/urbanism-public-space\/#breadcrumb"},"inLanguage":"en-US","potentialAction":[{"@type":"ReadAction","target":["https:\/\/www.masmaristany.com\/en\/urbanism-public-space\/"]}]},{"@type":"BreadcrumbList","@id":"https:\/\/www.masmaristany.com\/en\/urbanism-public-space\/#breadcrumb","itemListElement":[{"@type":"ListItem","position":1,"name":"Portada","item":"https:\/\/www.masmaristany.com\/en\/"},{"@type":"ListItem","position":2,"name":"urbanism \/ PUBLIC SPACE"}]},{"@type":"WebSite","@id":"https:\/\/www.masmaristany.com\/#website","url":"https:\/\/www.masmaristany.com\/","name":"mas maristany","description":"Estudio de arquitectura","publisher":{"@id":"https:\/\/www.masmaristany.com\/#organization"},"potentialAction":[{"@type":"SearchAction","target":{"@type":"EntryPoint","urlTemplate":"https:\/\/www.masmaristany.com\/?s={search_term_string}"},"query-input":{"@type":"PropertyValueSpecification","valueRequired":true,"valueName":"search_term_string"}}],"inLanguage":"en-US"},{"@type":"Organization","@id":"https:\/\/www.masmaristany.com\/#organization","name":"mas maristany","url":"https:\/\/www.masmaristany.com\/","logo":{"@type":"ImageObject","inLanguage":"en-US","@id":"https:\/\/www.masmaristany.com\/#\/schema\/logo\/image\/","url":"https:\/\/www.masmaristany.com\/wp-content\/uploads\/2025\/03\/mas-maristany_logo-2.png","contentUrl":"https:\/\/www.masmaristany.com\/wp-content\/uploads\/2025\/03\/mas-maristany_logo-2.png","width":1563,"height":625,"caption":"mas maristany"},"image":{"@id":"https:\/\/www.masmaristany.com\/#\/schema\/logo\/image\/"}}]}},"_links":{"self":[{"href":"https:\/\/www.masmaristany.com\/en\/wp-json\/wp\/v2\/pages\/7209","targetHints":{"allow":["GET"]}}],"collection":[{"href":"https:\/\/www.masmaristany.com\/en\/wp-json\/wp\/v2\/pages"}],"about":[{"href":"https:\/\/www.masmaristany.com\/en\/wp-json\/wp\/v2\/types\/page"}],"author":[{"embeddable":true,"href":"https:\/\/www.masmaristany.com\/en\/wp-json\/wp\/v2\/users\/3"}],"replies":[{"embeddable":true,"href":"https:\/\/www.masmaristany.com\/en\/wp-json\/wp\/v2\/comments?post=7209"}],"version-history":[{"count":7,"href":"https:\/\/www.masmaristany.com\/en\/wp-json\/wp\/v2\/pages\/7209\/revisions"}],"predecessor-version":[{"id":7360,"href":"https:\/\/www.masmaristany.com\/en\/wp-json\/wp\/v2\/pages\/7209\/revisions\/7360"}],"wp:attachment":[{"href":"https:\/\/www.masmaristany.com\/en\/wp-json\/wp\/v2\/media?parent=7209"}],"curies":[{"name":"wp","href":"https:\/\/api.w.org\/{rel}","templated":true}]}}