{"id":393,"date":"2015-12-20T07:36:16","date_gmt":"2015-12-20T07:36:16","guid":{"rendered":"https:\/\/www.masmaristany.com\/?page_id=393"},"modified":"2020-05-28T10:48:30","modified_gmt":"2020-05-28T10:48:30","slug":"info-2","status":"publish","type":"page","link":"https:\/\/www.masmaristany.com\/en\/info-2\/","title":{"rendered":"+ Info"},"content":{"rendered":"<div class=\"wpb-content-wrapper\"><p>[vc_row][vc_column][wr_text_block imgposition=&#8221;st1&#8243; image=&#8221;317&#8243;]<strong>masmaristany<\/strong> es un estudio formado por las arquitectas S\u00edlvia Mas y Lorena Maristany, licenciadas en la ETSA Valles (UPC) en 1996 y 1998 respectivamente. <strong>masmaristany<\/strong> se dedica, desde el a\u00f1o 2004, al desarrollo de estudios y proyectos arquitect\u00f3nicos, urbanos y territoriales.<\/p>\n<p>Paralelamente, desde el a\u00f1o 1997 hemos formado parte del equipo de investigaci\u00f3n de la c\u00e1tedra de urban\u00edstica dirigida por el profesor Antonio Font donde hemos desarrollado un gran n\u00famero de proyectos de investigaci\u00f3n y de planificaci\u00f3n urbana y territorial.<\/p>\n<p><strong>Misi\u00f3n<\/strong><\/p>\n<p>Asesoramiento y provisi\u00f3n de servicios relacionados con la arquitectura, el urbanismo, el territorio y el medioambiente.<\/p>\n<p><strong>Objetivos<\/strong><\/p>\n<p>Promover una visi\u00f3n estrat\u00e9gica y global en los procesos de Planificaci\u00f3n Urbana y Territorial y Gesti\u00f3n, siempre en un marco sostenible.<\/p>\n<p>Impulsar el desarrollo econ\u00f3mico y social de territorios, pueblos y ciudades a trav\u00e9s de sus planes urban\u00edsticos y territoriales potenciando sus valores locales -patrimonio, paisaje, actividades-.<\/p>\n<p>Nos interesa la visi\u00f3n transescalar y las relaciones que se establecen entre el territorio como matriz biof\u00edsica, el urbanismo y la arquitectura.<\/p>\n<p><strong>Factores de competitividad<\/strong><\/p>\n<p>Capacidad de realizar una tarea cuidadosa, profesional e innovadora gracias a un equipo de profesionales de reconocida experiencia en el campo acad\u00e9mico y del sector privado.<\/p>\n<p>Todos sus miembros son especialistas con titulaciones de grado superior y postgrado, est\u00e1n vinculados a la universidad y poseen experiencia investigadora.<\/p>\n<p><em>Staff<\/em> permanente y un equipo de colaboradores externos pluridisciplinar (abogados, medioambient\u00f3logos, ingenieros agr\u00f3nomos, bi\u00f3logos, t\u00e9cnicos forestales, ingenieros de canales caminos y puertos, etc.)<\/p>\n<p>Recursos y formaci\u00f3n necesaria para garantizar la utilizaci\u00f3n de las mejores t\u00e9cnicas disponibles, una alta calidad en los contenidos, difusi\u00f3n, manipulaci\u00f3n y presentaci\u00f3n de sus trabajos<\/p>\n<p><strong>Clientes<\/strong><\/p>\n<p>Administraci\u00f3n publica, Ayuntamientos, Consejos Comarcales, Gobiernos Auton\u00f3micos, Diputaciones, IETCAT, Uni\u00f3 de Pagesos, C\u00e1maras de Comercios, \u00c1rea metropolitana de Barcelona (AMB)<br \/>\nEmpresas, promotoras y privados.<\/p>\n<p><strong>Servicios<\/strong><\/p>\n<p>Consultor\u00eda, asesor\u00eda y planificaci\u00f3n estrat\u00e9gica. Asistencia t\u00e9cnica en proyectos de Arquitectura en obra nueva y rehabilitaci\u00f3n.[\/wr_text_block][\/vc_column][\/vc_row][vc_row][vc_column][wr_text_block title=&#8221;LORENA MARISTANY JACKSON&#8221; image=&#8221;596&#8243;]T\u00edtulo en Interiorismo por la Escuela\u00a0<strong>ELISAVA<\/strong> de Barcelona, 1989<br \/>\nEstudios en la licenciatura de <strong>Geograf\u00eda e Historia<\/strong> de la Universidad de Barcelona (UB), 1986-1988.<br \/>\nCurso de intercambio en <strong>School of Architecture, University of Texas in Arlington<\/strong> (UTA) EE.UU, 1996.<br \/>\nLicenciatura en <strong>Arquitectura<\/strong> por la <strong>ETSAV-UPC<\/strong>, con una cualificaci\u00f3n de excelente y 3\u00ba <strong>Premio Dragados de Proyectos de Fin de Carrera<\/strong>, 1998.<br \/>\nBeca en el Programa de Postgrado en el <strong>M\u00e1ster en Proyectaci\u00f3n Urban\u00edstica<\/strong> (UPC) en el m\u00f3dulo Proyectar el Territorio, 1998.<br \/>\n<strong>Diploma de Estudios Avanzados <\/strong>(DEA) en el programa de Urbanismo del DUOT-UPC con el proyecto de tesis \u201cTerritorios fr\u00e1giles, espacio libre y proyecto territorial\u201d, dirigido por Dr. Arquitecto Antonio Font Arellano, 2007.<\/p>\n<p>Durante los estudios colabora en los despachos de arquitectura de Miquel Adri\u00e0 y Joan Fabregat (1989-94); Pere Armadas (1991); In\u00e9s Jackson (1991-1994); Franc Fern\u00e1ndez (1995); Antonio Font, TAU (1996); Jordi Badia i Josep Val, 1996; Mario Corea (1997); Toni Casamor y David Baena, BCQ (1998).<\/p>\n<p>Primer premio en el Concurso KNAUF para estudiantes \u201c<strong>Proyecto y acondicionamiento ac\u00fastico del Bar de la ETSAV<\/strong>\u201d, 1996.<\/p>\n<p>Como arquitecta trabaja en <strong>RGA<\/strong> Riera Guti\u00e9rrez y asociados, 1998-2000.<\/p>\n<p>Finalista en el Concurso P\u00fablico de Ideas para la construcci\u00f3n del &#8220;<strong>Palacio de Congresos y Auditorio Cultural Navarra<\/strong>&#8220;, con Pere Riera y Josep Ricart, 1998.<\/p>\n<p>Tercer premio en el Concurso del &#8220;<strong>Campus Metropolitano de la ETSAV<\/strong>&#8220;, con Jon Tugores, Robert Brufau y Gemma Mu\u00f1oz, 2001.<\/p>\n<p>Desde el a\u00f1o 2000 hasta 2016 es miembro del <strong>Equipo de Investigaci\u00f3n de la C\u00e1tedra de Urban\u00edstica<\/strong> (ETSAV-UPC) dirigida por Dr. Antonio Font.<\/p>\n<p>Desde el a\u00f1o 2004 trabaja de manera asociada con la arquitecta S\u00edlvia Mas en <strong>masmaristany<\/strong> <em>arquitectura urbanismo territorio.<br \/>\n<\/em>Finalistas en el Concurso de\u00a0&#8220;<a href=\"http:\/\/ajuntament.barcelona.cat\/portescollserola\/es\/les-portes\/porta-11\/mediterrani\/\"><strong>Las puertas de Collserola. Puerta de Canyelles-Tur\u00f3 de la Peira-St. Ll\u00e0tzer-Can Ferrer<\/strong><\/a>&#8220;, 2012.<br \/>\nPrimer premio en el concurso de &#8220;<strong><a href=\"http:\/\/consultarecigualada.cat\/\">Proyectos para el Barrio del Rec de Igualada<\/a>&#8220;<\/strong> en materia de urbanismo y conectividad, 2017.<\/p>\n<p><strong>Profesora<\/strong> colaboradora en diversos talleres de urbanismo (2000-01), en la asignatura urban\u00edstica IV ETSAV-UPC (2003) y en Taller de Arquitectura y Proyecto TAP VI, ETSAV-UPC (2004-06).<br \/>\nProfesora en el <strong>M\u00e1ster de Proyectaci\u00f3n Urban\u00edstica<\/strong> m\u00f3dulo &#8220;Proyectar la Ciudad\u201d desde 2014.<br \/>\n<strong>Profesora asociada<\/strong> del Departamento de Urbanismo y Ordenaci\u00f3n del Territorio DUOT (2008-09) y desde 2016 profesora en el <strong>M\u00e1ster universitario en Arquitectura<\/strong> (MArq) de la ETSA Vall\u00e8s (UPC).[\/wr_text_block][\/vc_column][\/vc_row][vc_row][vc_column][wr_text_block title=&#8221;S\u00cdLVIA MAS ARTIGAS&#8221; imgposition=&#8221;st1&#8243; image=&#8221;323&#8243;]<em>Formaci\u00f3n<\/em><br \/>\n1996. Licenciatura en <strong>Arquitectura<\/strong> por la <strong>ETSAV-UPC<\/strong>.<br \/>\n2008.<strong> Diploma de Estudios Avanzados <\/strong>(DEA) en el programa de Urbanismo del DUOT-UPC con el proyecto de tesis \u201cEspacios de proximidad, elementos para el an\u00e1lisis y el proyecto de los espacios abiertos metropolitanos de Barcelona\u201d, dirigido por el Dr. Arq.\u00a0Antonio Font.<\/p>\n<p><em>Profesi\u00f3n<\/em><br \/>\n1989-2003. Colaboraci\u00f3n en los despachos de arquitectura de D. Garcia; I. Alday; J. Forgas; D. Calatayud; A. Font, TAU; R. Pi\u00e9 i J. Ma. Vilanova y M. Marsal.<\/p>\n<p>1997-2016. Miembro del\u00a0<strong>Equipo de Investigaci\u00f3n de la C\u00e1tedra de Urban\u00edstica<\/strong>\u00a0(ETSAV-UPC) dirigido por el Dr. Arq. Antonio Font.<\/p>\n<p>2000-. Trabaja de manera asociada con la arquitecta Lorena Maristany en\u00a0<strong>masmaristany<\/strong>\u00a0<em>arquitectura urbanismo territorio.<\/em><\/p>\n<p><em>Concursos<\/em><br \/>\n2012. Finalistas en el Concurso de<em> <strong>Las puertas de Collserola. Puerta de Canyelles-Tur\u00f3 de la Peira-St. Ll\u00e0tzer-Can Ferrer<\/strong>.<\/em><br \/>\n2017.\u00a0Primer premio en el concurso de <strong>Proyectos para el Barrio del Rec de Igualada<\/strong> en materia de urbanismo y conectividad.<\/p>\n<p><em>Docencia<\/em><br \/>\n2002-2004.<strong> Profesora<\/strong>\u00a0colaboradora en diversas asignaturas de urbanismo y en Taller de Arquitectura y Proyecto TAP VI, ETSAV-UPC.<br \/>\n2013.<strong> Profesora<\/strong>\u00a0colaboradora en asignatura de urbanismo, ETSAV-UPC.<br \/>\n2014. Profesora en el\u00a0<strong>M\u00e1ster de Proyectaci\u00f3n Urban\u00edstica<\/strong>\u00a0m\u00f3dulo &#8220;Proyectar la Ciudad\u201d.[\/wr_text_block][\/vc_column][\/vc_row][vc_row][vc_column css=&#8221;.vc_custom_1467666425235{margin-top: 0px !important;margin-bottom: 0px !important;border-top-width: 0px !important;border-bottom-width: 0px !important;padding-top: 0px !important;padding-bottom: 0px !important;}&#8221; el_class=&#8221;colabora&#8221;][wr_text_block image=&#8221;324&#8243;]<\/p>\n<\/div>","protected":false},"excerpt":{"rendered":"<p>[vc_row][vc_column][wr_text_block imgposition=&#8221;st1&#8243; image=&#8221;317&#8243;]masmaristany es un estudio formado por las arquitectas S\u00edlvia Mas y Lorena Maristany, licenciadas en la ETSA Valles (UPC) en 1996 y 1998 respectivamente. masmaristany se dedica, desde el a\u00f1o 2004, al desarrollo de estudios y proyectos arquitect\u00f3nicos, urbanos y territoriales. Paralelamente, desde el a\u00f1o 1997 hemos formado parte del equipo de investigaci\u00f3n [&hellip;]<\/p>\n","protected":false},"author":1,"featured_media":0,"parent":0,"menu_order":0,"comment_status":"closed","ping_status":"closed","template":"","meta":{"footnotes":""},"class_list":["post-393","page","type-page","status-publish","hentry"],"yoast_head":"<!-- This site is optimized with the Yoast SEO plugin v26.7 - https:\/\/yoast.com\/wordpress\/plugins\/seo\/ -->\n<title>+ Info - mas maristany<\/title>\n<meta name=\"robots\" content=\"index, follow, max-snippet:-1, max-image-preview:large, max-video-preview:-1\" \/>\n<link rel=\"canonical\" href=\"https:\/\/www.masmaristany.com\/en\/info-2\/\" \/>\n<meta property=\"og:locale\" content=\"en_US\" \/>\n<meta property=\"og:type\" content=\"article\" \/>\n<meta property=\"og:title\" content=\"+ Info - mas maristany\" \/>\n<meta property=\"og:description\" content=\"[vc_row][vc_column][wr_text_block imgposition=&#8221;st1&#8243; image=&#8221;317&#8243;]masmaristany es un estudio formado por las arquitectas S\u00edlvia Mas y Lorena Maristany, licenciadas en la ETSA Valles (UPC) en 1996 y 1998 respectivamente. masmaristany se dedica, desde el a\u00f1o 2004, al desarrollo de estudios y proyectos arquitect\u00f3nicos, urbanos y territoriales. Paralelamente, desde el a\u00f1o 1997 hemos formado parte del equipo de investigaci\u00f3n [&hellip;]\" \/>\n<meta property=\"og:url\" content=\"https:\/\/www.masmaristany.com\/en\/info-2\/\" \/>\n<meta property=\"og:site_name\" content=\"mas maristany\" \/>\n<meta property=\"article:modified_time\" content=\"2020-05-28T10:48:30+00:00\" \/>\n<meta name=\"twitter:card\" content=\"summary_large_image\" \/>\n<meta name=\"twitter:label1\" content=\"Est. reading time\" \/>\n\t<meta name=\"twitter:data1\" content=\"5 minutes\" \/>\n<script type=\"application\/ld+json\" class=\"yoast-schema-graph\">{\"@context\":\"https:\/\/schema.org\",\"@graph\":[{\"@type\":\"WebPage\",\"@id\":\"https:\/\/www.masmaristany.com\/en\/info-2\/\",\"url\":\"https:\/\/www.masmaristany.com\/en\/info-2\/\",\"name\":\"+ Info - mas maristany\",\"isPartOf\":{\"@id\":\"https:\/\/www.masmaristany.com\/#website\"},\"datePublished\":\"2015-12-20T07:36:16+00:00\",\"dateModified\":\"2020-05-28T10:48:30+00:00\",\"breadcrumb\":{\"@id\":\"https:\/\/www.masmaristany.com\/en\/info-2\/#breadcrumb\"},\"inLanguage\":\"en-US\",\"potentialAction\":[{\"@type\":\"ReadAction\",\"target\":[\"https:\/\/www.masmaristany.com\/en\/info-2\/\"]}]},{\"@type\":\"BreadcrumbList\",\"@id\":\"https:\/\/www.masmaristany.com\/en\/info-2\/#breadcrumb\",\"itemListElement\":[{\"@type\":\"ListItem\",\"position\":1,\"name\":\"Portada\",\"item\":\"https:\/\/www.masmaristany.com\/en\/\"},{\"@type\":\"ListItem\",\"position\":2,\"name\":\"+ Info\"}]},{\"@type\":\"WebSite\",\"@id\":\"https:\/\/www.masmaristany.com\/#website\",\"url\":\"https:\/\/www.masmaristany.com\/\",\"name\":\"mas maristany\",\"description\":\"Estudio de arquitectura\",\"publisher\":{\"@id\":\"https:\/\/www.masmaristany.com\/#organization\"},\"potentialAction\":[{\"@type\":\"SearchAction\",\"target\":{\"@type\":\"EntryPoint\",\"urlTemplate\":\"https:\/\/www.masmaristany.com\/?s={search_term_string}\"},\"query-input\":{\"@type\":\"PropertyValueSpecification\",\"valueRequired\":true,\"valueName\":\"search_term_string\"}}],\"inLanguage\":\"en-US\"},{\"@type\":\"Organization\",\"@id\":\"https:\/\/www.masmaristany.com\/#organization\",\"name\":\"mas maristany\",\"url\":\"https:\/\/www.masmaristany.com\/\",\"logo\":{\"@type\":\"ImageObject\",\"inLanguage\":\"en-US\",\"@id\":\"https:\/\/www.masmaristany.com\/#\/schema\/logo\/image\/\",\"url\":\"https:\/\/www.masmaristany.com\/wp-content\/uploads\/2025\/03\/mas-maristany_logo-2.png\",\"contentUrl\":\"https:\/\/www.masmaristany.com\/wp-content\/uploads\/2025\/03\/mas-maristany_logo-2.png\",\"width\":1563,\"height\":625,\"caption\":\"mas maristany\"},\"image\":{\"@id\":\"https:\/\/www.masmaristany.com\/#\/schema\/logo\/image\/\"}}]}<\/script>\n<!-- \/ Yoast SEO plugin. -->","yoast_head_json":{"title":"+ Info - mas maristany","robots":{"index":"index","follow":"follow","max-snippet":"max-snippet:-1","max-image-preview":"max-image-preview:large","max-video-preview":"max-video-preview:-1"},"canonical":"https:\/\/www.masmaristany.com\/en\/info-2\/","og_locale":"en_US","og_type":"article","og_title":"+ Info - mas maristany","og_description":"[vc_row][vc_column][wr_text_block imgposition=&#8221;st1&#8243; image=&#8221;317&#8243;]masmaristany es un estudio formado por las arquitectas S\u00edlvia Mas y Lorena Maristany, licenciadas en la ETSA Valles (UPC) en 1996 y 1998 respectivamente. masmaristany se dedica, desde el a\u00f1o 2004, al desarrollo de estudios y proyectos arquitect\u00f3nicos, urbanos y territoriales. Paralelamente, desde el a\u00f1o 1997 hemos formado parte del equipo de investigaci\u00f3n [&hellip;]","og_url":"https:\/\/www.masmaristany.com\/en\/info-2\/","og_site_name":"mas maristany","article_modified_time":"2020-05-28T10:48:30+00:00","twitter_card":"summary_large_image","twitter_misc":{"Est. reading time":"5 minutes"},"schema":{"@context":"https:\/\/schema.org","@graph":[{"@type":"WebPage","@id":"https:\/\/www.masmaristany.com\/en\/info-2\/","url":"https:\/\/www.masmaristany.com\/en\/info-2\/","name":"+ Info - mas maristany","isPartOf":{"@id":"https:\/\/www.masmaristany.com\/#website"},"datePublished":"2015-12-20T07:36:16+00:00","dateModified":"2020-05-28T10:48:30+00:00","breadcrumb":{"@id":"https:\/\/www.masmaristany.com\/en\/info-2\/#breadcrumb"},"inLanguage":"en-US","potentialAction":[{"@type":"ReadAction","target":["https:\/\/www.masmaristany.com\/en\/info-2\/"]}]},{"@type":"BreadcrumbList","@id":"https:\/\/www.masmaristany.com\/en\/info-2\/#breadcrumb","itemListElement":[{"@type":"ListItem","position":1,"name":"Portada","item":"https:\/\/www.masmaristany.com\/en\/"},{"@type":"ListItem","position":2,"name":"+ Info"}]},{"@type":"WebSite","@id":"https:\/\/www.masmaristany.com\/#website","url":"https:\/\/www.masmaristany.com\/","name":"mas maristany","description":"Estudio de arquitectura","publisher":{"@id":"https:\/\/www.masmaristany.com\/#organization"},"potentialAction":[{"@type":"SearchAction","target":{"@type":"EntryPoint","urlTemplate":"https:\/\/www.masmaristany.com\/?s={search_term_string}"},"query-input":{"@type":"PropertyValueSpecification","valueRequired":true,"valueName":"search_term_string"}}],"inLanguage":"en-US"},{"@type":"Organization","@id":"https:\/\/www.masmaristany.com\/#organization","name":"mas maristany","url":"https:\/\/www.masmaristany.com\/","logo":{"@type":"ImageObject","inLanguage":"en-US","@id":"https:\/\/www.masmaristany.com\/#\/schema\/logo\/image\/","url":"https:\/\/www.masmaristany.com\/wp-content\/uploads\/2025\/03\/mas-maristany_logo-2.png","contentUrl":"https:\/\/www.masmaristany.com\/wp-content\/uploads\/2025\/03\/mas-maristany_logo-2.png","width":1563,"height":625,"caption":"mas maristany"},"image":{"@id":"https:\/\/www.masmaristany.com\/#\/schema\/logo\/image\/"}}]}},"_links":{"self":[{"href":"https:\/\/www.masmaristany.com\/en\/wp-json\/wp\/v2\/pages\/393","targetHints":{"allow":["GET"]}}],"collection":[{"href":"https:\/\/www.masmaristany.com\/en\/wp-json\/wp\/v2\/pages"}],"about":[{"href":"https:\/\/www.masmaristany.com\/en\/wp-json\/wp\/v2\/types\/page"}],"author":[{"embeddable":true,"href":"https:\/\/www.masmaristany.com\/en\/wp-json\/wp\/v2\/users\/1"}],"replies":[{"embeddable":true,"href":"https:\/\/www.masmaristany.com\/en\/wp-json\/wp\/v2\/comments?post=393"}],"version-history":[{"count":2,"href":"https:\/\/www.masmaristany.com\/en\/wp-json\/wp\/v2\/pages\/393\/revisions"}],"predecessor-version":[{"id":2726,"href":"https:\/\/www.masmaristany.com\/en\/wp-json\/wp\/v2\/pages\/393\/revisions\/2726"}],"wp:attachment":[{"href":"https:\/\/www.masmaristany.com\/en\/wp-json\/wp\/v2\/media?parent=393"}],"curies":[{"name":"wp","href":"https:\/\/api.w.org\/{rel}","templated":true}]}}