{"id":7387,"date":"2024-04-03T09:12:14","date_gmt":"2024-04-03T09:12:14","guid":{"rendered":"https:\/\/www.masmaristany.com\/?page_id=7387"},"modified":"2025-04-22T14:52:26","modified_gmt":"2025-04-22T14:52:26","slug":"politica-de-cookies","status":"publish","type":"page","link":"https:\/\/www.masmaristany.com\/ca\/politica-de-cookies\/","title":{"rendered":"Pol\u00edtica de Cookies"},"content":{"rendered":"<p>Pol\u00edtica de Cookies<br \/>\nINTRODUCCI\u00d3<br \/>\nLa web de *MASMARISTANY *ARQUITECTES *SLP . utilitza cookies pr\u00f2pies i de tercers. Una *cookie \u00e9s un arxiu que es descarrega en el seu ordinador en accedir a determinades p\u00e0gines web. Les cookies permeten a una p\u00e0gina web, entre altres finalitats, assegurar el correcte funcionament de la p\u00e0gina, permetre a l&#8217;Usuari un acc\u00e9s m\u00e9s r\u00e0pid als serveis seleccionats, emmagatzemar i recuperar informaci\u00f3 sobre els h\u00e0bits de navegaci\u00f3 d&#8217;un usuari o del seu equip i fins i tot, depenent de la informaci\u00f3 que continguin i de la forma en qu\u00e8 utilitzi el seu equip, es poden utilitzar per a recon\u00e8ixer a l&#8217;usuari. Les cookies s&#8217;associen \u00fanicament a un usuari an\u00f2nim i el seu ordinador o dispositiu i no proporcionen refer\u00e8ncies que permetin con\u00e8ixer les seves dades personals., excepte perm\u00eds expr\u00e9s d&#8217;aquell.<\/p>\n<p>L&#8217;usuari pot, en tot moment, acceptar o rebutjar les cookies instal\u00b7lades que no siguin estrictament necess\u00e0ries per al correcte funcionament de la web i l&#8217;acc\u00e9s a l&#8217;Usuari als seus serveis, a trav\u00e9s del panell d&#8217;ajust de cookies proporcionat en la nostra web. Aix\u00ed mateix, podr\u00e0 configurar el seu navegador en tot moment sense que aix\u00f2 perjudiqui la possibilitat de l&#8217;Usuari d&#8217;accedir als continguts. No obstant aix\u00f2, l&#8217;informem que el rebuig de les cookies pot disminuir el bon funcionament de la web.<\/p>\n<p>COOKIES AFECTADES PER LA NORMATIVA I COOKIES EXEMPTES<br \/>\nSegons la directiva de la UE, les cookies que requereixen el consentiment informat per part de l&#8217;usuari s\u00f3n les cookies d&#8217;anal\u00edtica, les de publicitat i afiliaci\u00f3, quedant exceptuades les de car\u00e0cter t\u00e8cnic i les necess\u00e0ries per al funcionament del lloc web o la prestaci\u00f3 de serveis expressament demandats per l&#8217;usuari.<\/p>\n<p>TIPUS DE COOKIES<br \/>\na) Segons l&#8217;entitat que les gestioni, hi ha Cookies pr\u00f2pies (aquelles que s&#8217;envien a l&#8217;equip terminal de l&#8217;usuari des d&#8217;un equip o domini gestionat pel propi editor i des del qual es presta el servei Sol \u00b7 licitat per l&#8217;usuari) i de tercers (les que s&#8217;envien a l&#8217;equip terminal de l&#8217;usuari des d&#8217;un equip o domini que no \u00e9s gestionat per l&#8217;editor, sin\u00f3 per una altra entitat que tracta les dades obtingudes mitjan\u00e7ant les galetes).<\/p>\n<p>b) Segons el temps que romanen actives, estan les de sessi\u00f3 (dissenyades per a demanar i emmagatzemar dades mentre l&#8217;usuari accedeix a una p\u00e0gina web) i les persistents (en qu\u00e8 les dades s&#8217;emmagatzemen en el terminal i poden ser accedits i tractats durant un per\u00edode definit pel responsable de la *cookie pot anar d&#8217;uns minuts a diversos anys).<\/p>\n<p>c) Segons la finalitat per a la qual tracten la informaci\u00f3 que recopilen, poden ser:<\/p>\n<p>\u2013 Cookies t\u00e8cniques (necess\u00e0ries per a l&#8217;\u00fas de la web i la prestaci\u00f3 del servei contractat),<\/p>\n<p>\u2013 Cookies de personalitzaci\u00f3 (que permeten a l&#8217;usuari accedir al servei amb caracter\u00edstiques predefinides, com ara l&#8217;idioma, tipus de navegador, configuraci\u00f3 regional, etc.)<\/p>\n<p>\u2013 Cookies d&#8217;an\u00e0lisis (recullen informaci\u00f3 de l&#8217;\u00fas que es realitza de la web),<\/p>\n<p>\u2013 Cookies publicit\u00e0ries (recullen informaci\u00f3 sobre les prefer\u00e8ncies i eleccions personals dels usuaris),<\/p>\n<p>\u2013 Cookies d&#8217;afiliats (permeten fer un seguiment de les visites procedents d&#8217;altres webs, amb les quals el lloc web estableix un contracte d&#8217;afiliaci\u00f3).<\/p>\n<p>TIPUS DE COOKIES UTILITZADES PER AQUEST LLOC WEB<br \/>\nNecess\u00e0ria<br \/>\nLes cookies necess\u00e0ries s\u00f3n crucials per a les funcions b\u00e0siques del lloc web i el lloc web no funcionar\u00e0 de la forma prevista sense elles.Aquestes cookies no emmagatzemen cap dada d&#8217;identificaci\u00f3 personal.<\/p>\n<p>*Cookie Durada Descripci\u00f3<br \/>\n*cookieyes-*consent 1 any *CookieYes estableix aquesta *cookie per a recordar les prefer\u00e8ncies de consentiment dels usuaris, de manera que es respectin les seves prefer\u00e8ncies en les seg\u00fcents visites a aquest lloc. No recull ni emmagatzema cap informaci\u00f3 personal sobre els visitants del lloc.<br \/>\n*wpEmojiSettingsSupports sessi\u00f3 WordPress sets *this *cookie *when a *user *interacts *with emojis *on a WordPress *site. *It *helps determini *if *the *user&#8217;s *browser ca display emojis *properly.<br \/>\nMentre navega per la nostra web, poden emmagatzemar-se en el seu navegador les cookies de les nostres xarxes socials. A continuaci\u00f3, li indiquem els enlla\u00e7os sobre les cookies de les xarxes socials que utilitzem en aquesta web:<\/p>\n<p>Cookies de Facebook, veure m\u00e9s informaci\u00f3 en la seva pol\u00edtica de cookies<br \/>\nCookies de \u00abX\u00bb, veure m\u00e9s informaci\u00f3 en la seva pol\u00edtica de cookies<br \/>\nCookies d&#8217;Instagram, veure m\u00e9s informaci\u00f3 en la seva pol\u00edtica de cookies<br \/>\nCookies de Linkedin, veure m\u00e9s informaci\u00f3 en la seva pol\u00edtica de cookies<br \/>\nCookies de *Pinterest, veure m\u00e9s informaci\u00f3 en la seva pol\u00edtica de cookies<br \/>\nCookies de *Youtube, veure m\u00e9s informaci\u00f3 en la seva pol\u00edtica de cookies<br \/>\nCookies de *TikTok, veure m\u00e9s informaci\u00f3 en la seva pol\u00edtica de cookies<br \/>\nREVOCACI\u00d3<br \/>\nEn tot moment podr\u00e0 accedir a la configuraci\u00f3 del seu navegador acceptant o rebutjant totes les cookies, o b\u00e9 seleccionar aquelles que la instal\u00b7laci\u00f3 admet i les que no, seguint un dels seg\u00fcents procediments, que dep\u00e8n del navegador que utilitzi:<\/p>\n<p>Google Chrome (en el Men\u00fa Eines):<\/p>\n<p>Configuraci\u00f3 &gt; Configuraci\u00f3&gt; Mostrar opcions avan\u00e7ades&gt; Privacitat (Configuraci\u00f3 de contingut)&gt; Cookies:<\/p>\n<p>https:\/\/support.google.com\/chrome\/answer\/95647?co=genie.platform%*3DDesktopandhl=\u00e9s<\/p>\n<p>Microsoft *Edge: (en el Men\u00fa Configuraci\u00f3):<\/p>\n<p>Opcions d&#8217;Internet &gt; Privacitat &gt; Avan\u00e7ada:<\/p>\n<p>*edge:\/\/*settings\/*content\/cookies<\/p>\n<p>Firefox:<\/p>\n<p>Opcions&gt; Privacitat&gt; Cookies:<\/p>\n<p>https:\/\/support.mozilla.org\/es\/kb\/habilitar-y-deshabilitar-cookies-sitios-web-rastrear-preferencias<\/p>\n<p>Opera:<\/p>\n<p>Configuraci\u00f3&gt; Opcions&gt; Avan\u00e7ada&gt; Cookies<\/p>\n<p>http:\/\/help.opera.com\/windows\/12.00\/es-es\/cookies.html<\/p>\n<p>Aquests navegadors estan sotmesos a canvis o modificacions, per la qual cosa no podem garantir que s&#8217;ajustin completament a la versi\u00f3 del seu navegador. Tamb\u00e9 pot ser que utilitzi un altre navegador no contemplat en aquests enlla\u00e7os com *Konqueror, *Arora, *Flock, etc. Per a evitar aquests desajustaments, pot accedir directament des de les opcions del seu navegador, generalment en el men\u00fa de \u00abOpcions\u00bb en la secci\u00f3 de \u00abPrivacitat\u00bb. (Si us plau, consulti l&#8217;ajuda del seu navegador per a m\u00e9s informaci\u00f3).<\/p>\n<p>CANVIS EN LA PRESENT POL\u00cdTICA DE COOKIES<br \/>\nDESACTIVACI\u00d3 \/ ACTIVACI\u00d3 I ELIMINACI\u00d3 DE COOKIES<\/p>\n<p>Per a restringir o bloquejar les cookies, es fa a trav\u00e9s de la configuraci\u00f3 del navegador.<\/p>\n<p>Si no desitja que els llocs web posin cap *cookie en el seu equip, pot adaptar la configuraci\u00f3 del navegador de manera que se li notifiqui abans que es col\u00b7loqui cap *cookie. De la mateixa manera, pot adaptar la configuraci\u00f3 de manera que el navegador rebutgi totes les cookies, o \u00fanicament les cookies de tercers. Tamb\u00e9 pot eliminar qualsevol de les cookies que ja es trobin en l&#8217;equip. Recordi que haur\u00e0 d&#8217;adaptar-se per separat la configuraci\u00f3 de cada navegador i equip que utilitzi.<\/p>\n<p>Recordi que si no desitja rebre cookies, ja no podrem garantir que el nostre lloc web funcioni com cal. Potser algunes funcions del lloc es perden i \u00e9s possible que ja no pugui veure uns certs llocs web. A m\u00e9s, va rebutjar les cookies no significa que ja no vagi a veure anuncis publicitaris. Simplement els anuncis no s&#8217;ajustaran als seus interessos i es repetiran amb m\u00e9s freq\u00fc\u00e8ncia.<\/p>\n<p>Cada navegador t\u00e9 un m\u00e8tode diferent per a adaptar la configuraci\u00f3. Si \u00e9s necessari, consulti la funci\u00f3 d&#8217;ajuda del navegador per a establir la configuraci\u00f3 correcta.<\/p>\n<p>Per a desactivar les cookies en el tel\u00e8fon m\u00f2bil, consulti el manual del dispositiu per a obtenir m\u00e9s informaci\u00f3.<\/p>\n<p>Pot obtenir m\u00e9s informaci\u00f3 sobre les cookies en Internet, http:\/\/www.aboutcookies.org\/.<\/p>\n<p>Tenint en compte la forma en qu\u00e8 funciona Internet i els llocs web, no sempre comptem amb informaci\u00f3 de les cookies que col\u00b7loquen terceres parts a trav\u00e9s del nostre lloc web. Aix\u00f2 s&#8217;aplica especialment a casos en qu\u00e8 la p\u00e0gina web cont\u00e9 el que es denominen elements integrats: textos, documents, imatges o breus pel\u00b7l\u00edcules que s&#8217;emmagatzemen en una altra part, per\u00f2 es mostren en el nostre lloc web o mitjan\u00e7ant aquest.<\/p>\n<p>Per tant, en cas que es trobi amb aquesta mena de cookies en aquest lloc web i no estiguin enumerades en la llista anterior, li preguem que ens el comuniqui. O b\u00e9 posi&#8217;s en contacte directament amb el tercer per a demanar-li informaci\u00f3 sobre les cookies que col\u00b7loca, la finalitat i la durada de la *cookie, i com ha garantit la seva privacitat.<\/p>\n<p>INFORMACI\u00d3 RELACIONADA AMB EL TRACTAMENT DE DADES PERSONALS (*ART.13 RGPD)<br \/>\nQui \u00e9s el responsable del tractament de les seves dades personals?<\/p>\n<p>*MASMARISTANY *ARQUITECTES *SLP \u00e9s el responsable del tractament de les dades personals que vost\u00e8 ens proporciona, situat en Via Augusta, 310 Local 08017 \u2013 Barcelona<\/p>\n<p>i amb CIF B-10848000 i mail de contacte mm@masmaristany.com<\/p>\n<p>Per a qu\u00e8 utilitzem les seves dades personals?<\/p>\n<p>La informaci\u00f3 recopilada a trav\u00e9s de les cookies pr\u00f2pies (cookies de sessi\u00f3 i d&#8217;entrada d&#8217;usuari) se solen utilitzar per a rastrejar les accions de l&#8217;usuari en emplenar els formularis en l\u00ednia en diverses p\u00e0gines, o com a cistella de la compra per a fer el seguiment dels articles que l&#8217;usuari ha seleccionat en pr\u00e9mer un bot\u00f3, o per a personalitzar la *interface de l&#8217;usuari en visitar la p\u00e0gina web.<\/p>\n<p>La informaci\u00f3 recopilada a trav\u00e9s de les cookies de tercers \u00e9s la seg\u00fcent:<\/p>\n<p>\u2013 A trav\u00e9s de les cookies anal\u00edtiques s&#8217;analitzen els seus h\u00e0bits de navegaci\u00f3 per a millorar els serveis prestats;<\/p>\n<p>\u2013 A trav\u00e9s de les cookies anal\u00edtiques s&#8217;analitzen els seus h\u00e0bits de navegaci\u00f3 per a millorar els serveis prestats;<\/p>\n<p>\u2013 a trav\u00e9s de les cookies publicit\u00e0ries es mesura el rendiment dels anuncis i es proporcionen recomanacions relatives a productes basades en dades estad\u00edstiques.<\/p>\n<p>Per a veure exactament l&#8217;\u00fas de les cookies vegeu el quadre sobre l&#8217;\u00fas de les cookies en aquesta web.<\/p>\n<p>Quina \u00e9s la base legal per al tractament de les seves dades personals?<\/p>\n<p>La legitimaci\u00f3 per al tractament de les seves dades personals ve donada pel seu consentiment, atorgat en el moment de posar-se en contacte amb nosaltres, per a la utilitzaci\u00f3 de cookies anal\u00edtiques, comportamentals i publicit\u00e0ries; per a les cookies de sessi\u00f3 o personalitzaci\u00f3, la legitimaci\u00f3 per al tractament ve donada per l&#8217;inter\u00e8s leg\u00edtim del prestador (responsable del tractament).<\/p>\n<p>A qui comuniquem les seves dades?<\/p>\n<p>No se cediran ni comunicaran dades a tercers, excepte per obligaci\u00f3 legal o als tercers indicats en el cas d&#8217;\u00fas de cookies gestionades per aquests.<\/p>\n<p>Quin \u00e9s el termini de conservaci\u00f3 de les seves dades?<\/p>\n<p>El termini de conservaci\u00f3 de les dades recollides \u00e9s l&#8217;indicat en el quadre sobre l&#8217;\u00fas de les cookies en aquesta web.<\/p>\n<p>Quins s\u00f3n els seus drets?<\/p>\n<p>Els drets que emparen a l&#8217;usuari s\u00f3n els d&#8217;acc\u00e9s, rectificaci\u00f3, supressi\u00f3, portabilitat d&#8217;aquests, retirada del consentiment (sense que aix\u00f2 afecti la licitud del tractament atorgat pr\u00e8viament a la seva retirada), oposici\u00f3 al tractament, limitaci\u00f3 (en determinades circumst\u00e0ncies) i a presentar una reclamaci\u00f3 davant l&#8217;autoritat de control (l&#8217;Ag\u00e8ncia Espanyola de protecci\u00f3 de dades, www.aepd.es).<\/p>\n","protected":false},"excerpt":{"rendered":"<p>Pol\u00edtica de Cookies INTRODUCCI\u00d3 La web de *MASMARISTANY *ARQUITECTES *SLP . utilitza cookies pr\u00f2pies i de tercers. Una *cookie \u00e9s un arxiu que es descarrega en el seu ordinador en accedir a determinades p\u00e0gines web. Les cookies permeten a una p\u00e0gina web, entre altres finalitats, assegurar el correcte funcionament de la p\u00e0gina, permetre a l&#8217;Usuari [&hellip;]<\/p>\n","protected":false},"author":1,"featured_media":0,"parent":0,"menu_order":0,"comment_status":"closed","ping_status":"closed","template":"","meta":{"footnotes":""},"class_list":["post-7387","page","type-page","status-publish","hentry"],"yoast_head":"<!-- This site is optimized with the Yoast SEO plugin v26.7 - https:\/\/yoast.com\/wordpress\/plugins\/seo\/ -->\n<title>Pol\u00edtica de Cookies - mas maristany<\/title>\n<meta name=\"robots\" content=\"index, follow, max-snippet:-1, max-image-preview:large, max-video-preview:-1\" \/>\n<link rel=\"canonical\" href=\"https:\/\/www.masmaristany.com\/ca\/politica-de-cookies\/\" \/>\n<meta property=\"og:locale\" content=\"ca_ES\" \/>\n<meta property=\"og:type\" content=\"article\" \/>\n<meta property=\"og:title\" content=\"Pol\u00edtica de Cookies - mas maristany\" \/>\n<meta property=\"og:description\" content=\"Pol\u00edtica de Cookies INTRODUCCI\u00d3 La web de *MASMARISTANY *ARQUITECTES *SLP . utilitza cookies pr\u00f2pies i de tercers. Una *cookie \u00e9s un arxiu que es descarrega en el seu ordinador en accedir a determinades p\u00e0gines web. Les cookies permeten a una p\u00e0gina web, entre altres finalitats, assegurar el correcte funcionament de la p\u00e0gina, permetre a l&#8217;Usuari [&hellip;]\" \/>\n<meta property=\"og:url\" content=\"https:\/\/www.masmaristany.com\/ca\/politica-de-cookies\/\" \/>\n<meta property=\"og:site_name\" content=\"mas maristany\" \/>\n<meta property=\"article:modified_time\" content=\"2025-04-22T14:52:26+00:00\" \/>\n<meta name=\"twitter:card\" content=\"summary_large_image\" \/>\n<meta name=\"twitter:label1\" content=\"Temps estimat de lectura\" \/>\n\t<meta name=\"twitter:data1\" content=\"9 minuts\" \/>\n<script type=\"application\/ld+json\" class=\"yoast-schema-graph\">{\"@context\":\"https:\/\/schema.org\",\"@graph\":[{\"@type\":\"WebPage\",\"@id\":\"https:\/\/www.masmaristany.com\/ca\/politica-de-cookies\/\",\"url\":\"https:\/\/www.masmaristany.com\/ca\/politica-de-cookies\/\",\"name\":\"Pol\u00edtica de Cookies - mas maristany\",\"isPartOf\":{\"@id\":\"https:\/\/www.masmaristany.com\/#website\"},\"datePublished\":\"2024-04-03T09:12:14+00:00\",\"dateModified\":\"2025-04-22T14:52:26+00:00\",\"breadcrumb\":{\"@id\":\"https:\/\/www.masmaristany.com\/ca\/politica-de-cookies\/#breadcrumb\"},\"inLanguage\":\"ca\",\"potentialAction\":[{\"@type\":\"ReadAction\",\"target\":[\"https:\/\/www.masmaristany.com\/ca\/politica-de-cookies\/\"]}]},{\"@type\":\"BreadcrumbList\",\"@id\":\"https:\/\/www.masmaristany.com\/ca\/politica-de-cookies\/#breadcrumb\",\"itemListElement\":[{\"@type\":\"ListItem\",\"position\":1,\"name\":\"Portada\",\"item\":\"https:\/\/www.masmaristany.com\/ca\/\"},{\"@type\":\"ListItem\",\"position\":2,\"name\":\"Pol\u00edtica de Cookies\"}]},{\"@type\":\"WebSite\",\"@id\":\"https:\/\/www.masmaristany.com\/#website\",\"url\":\"https:\/\/www.masmaristany.com\/\",\"name\":\"mas maristany\",\"description\":\"Estudio de arquitectura\",\"publisher\":{\"@id\":\"https:\/\/www.masmaristany.com\/#organization\"},\"potentialAction\":[{\"@type\":\"SearchAction\",\"target\":{\"@type\":\"EntryPoint\",\"urlTemplate\":\"https:\/\/www.masmaristany.com\/?s={search_term_string}\"},\"query-input\":{\"@type\":\"PropertyValueSpecification\",\"valueRequired\":true,\"valueName\":\"search_term_string\"}}],\"inLanguage\":\"ca\"},{\"@type\":\"Organization\",\"@id\":\"https:\/\/www.masmaristany.com\/#organization\",\"name\":\"mas maristany\",\"url\":\"https:\/\/www.masmaristany.com\/\",\"logo\":{\"@type\":\"ImageObject\",\"inLanguage\":\"ca\",\"@id\":\"https:\/\/www.masmaristany.com\/#\/schema\/logo\/image\/\",\"url\":\"https:\/\/www.masmaristany.com\/wp-content\/uploads\/2025\/03\/mas-maristany_logo-2.png\",\"contentUrl\":\"https:\/\/www.masmaristany.com\/wp-content\/uploads\/2025\/03\/mas-maristany_logo-2.png\",\"width\":1563,\"height\":625,\"caption\":\"mas maristany\"},\"image\":{\"@id\":\"https:\/\/www.masmaristany.com\/#\/schema\/logo\/image\/\"}}]}<\/script>\n<!-- \/ Yoast SEO plugin. -->","yoast_head_json":{"title":"Pol\u00edtica de Cookies - mas maristany","robots":{"index":"index","follow":"follow","max-snippet":"max-snippet:-1","max-image-preview":"max-image-preview:large","max-video-preview":"max-video-preview:-1"},"canonical":"https:\/\/www.masmaristany.com\/ca\/politica-de-cookies\/","og_locale":"ca_ES","og_type":"article","og_title":"Pol\u00edtica de Cookies - mas maristany","og_description":"Pol\u00edtica de Cookies INTRODUCCI\u00d3 La web de *MASMARISTANY *ARQUITECTES *SLP . utilitza cookies pr\u00f2pies i de tercers. Una *cookie \u00e9s un arxiu que es descarrega en el seu ordinador en accedir a determinades p\u00e0gines web. Les cookies permeten a una p\u00e0gina web, entre altres finalitats, assegurar el correcte funcionament de la p\u00e0gina, permetre a l&#8217;Usuari [&hellip;]","og_url":"https:\/\/www.masmaristany.com\/ca\/politica-de-cookies\/","og_site_name":"mas maristany","article_modified_time":"2025-04-22T14:52:26+00:00","twitter_card":"summary_large_image","twitter_misc":{"Temps estimat de lectura":"9 minuts"},"schema":{"@context":"https:\/\/schema.org","@graph":[{"@type":"WebPage","@id":"https:\/\/www.masmaristany.com\/ca\/politica-de-cookies\/","url":"https:\/\/www.masmaristany.com\/ca\/politica-de-cookies\/","name":"Pol\u00edtica de Cookies - mas maristany","isPartOf":{"@id":"https:\/\/www.masmaristany.com\/#website"},"datePublished":"2024-04-03T09:12:14+00:00","dateModified":"2025-04-22T14:52:26+00:00","breadcrumb":{"@id":"https:\/\/www.masmaristany.com\/ca\/politica-de-cookies\/#breadcrumb"},"inLanguage":"ca","potentialAction":[{"@type":"ReadAction","target":["https:\/\/www.masmaristany.com\/ca\/politica-de-cookies\/"]}]},{"@type":"BreadcrumbList","@id":"https:\/\/www.masmaristany.com\/ca\/politica-de-cookies\/#breadcrumb","itemListElement":[{"@type":"ListItem","position":1,"name":"Portada","item":"https:\/\/www.masmaristany.com\/ca\/"},{"@type":"ListItem","position":2,"name":"Pol\u00edtica de Cookies"}]},{"@type":"WebSite","@id":"https:\/\/www.masmaristany.com\/#website","url":"https:\/\/www.masmaristany.com\/","name":"mas maristany","description":"Estudio de arquitectura","publisher":{"@id":"https:\/\/www.masmaristany.com\/#organization"},"potentialAction":[{"@type":"SearchAction","target":{"@type":"EntryPoint","urlTemplate":"https:\/\/www.masmaristany.com\/?s={search_term_string}"},"query-input":{"@type":"PropertyValueSpecification","valueRequired":true,"valueName":"search_term_string"}}],"inLanguage":"ca"},{"@type":"Organization","@id":"https:\/\/www.masmaristany.com\/#organization","name":"mas maristany","url":"https:\/\/www.masmaristany.com\/","logo":{"@type":"ImageObject","inLanguage":"ca","@id":"https:\/\/www.masmaristany.com\/#\/schema\/logo\/image\/","url":"https:\/\/www.masmaristany.com\/wp-content\/uploads\/2025\/03\/mas-maristany_logo-2.png","contentUrl":"https:\/\/www.masmaristany.com\/wp-content\/uploads\/2025\/03\/mas-maristany_logo-2.png","width":1563,"height":625,"caption":"mas maristany"},"image":{"@id":"https:\/\/www.masmaristany.com\/#\/schema\/logo\/image\/"}}]}},"_links":{"self":[{"href":"https:\/\/www.masmaristany.com\/ca\/wp-json\/wp\/v2\/pages\/7387","targetHints":{"allow":["GET"]}}],"collection":[{"href":"https:\/\/www.masmaristany.com\/ca\/wp-json\/wp\/v2\/pages"}],"about":[{"href":"https:\/\/www.masmaristany.com\/ca\/wp-json\/wp\/v2\/types\/page"}],"author":[{"embeddable":true,"href":"https:\/\/www.masmaristany.com\/ca\/wp-json\/wp\/v2\/users\/1"}],"replies":[{"embeddable":true,"href":"https:\/\/www.masmaristany.com\/ca\/wp-json\/wp\/v2\/comments?post=7387"}],"version-history":[{"count":1,"href":"https:\/\/www.masmaristany.com\/ca\/wp-json\/wp\/v2\/pages\/7387\/revisions"}],"predecessor-version":[{"id":7388,"href":"https:\/\/www.masmaristany.com\/ca\/wp-json\/wp\/v2\/pages\/7387\/revisions\/7388"}],"wp:attachment":[{"href":"https:\/\/www.masmaristany.com\/ca\/wp-json\/wp\/v2\/media?parent=7387"}],"curies":[{"name":"wp","href":"https:\/\/api.w.org\/{rel}","templated":true}]}}