{"id":7384,"date":"2024-04-03T09:12:05","date_gmt":"2024-04-03T09:12:05","guid":{"rendered":"https:\/\/www.masmaristany.com\/?page_id=7384"},"modified":"2025-04-22T14:51:21","modified_gmt":"2025-04-22T14:51:21","slug":"politica-de-privacitat","status":"publish","type":"page","link":"https:\/\/www.masmaristany.com\/ca\/politica-de-privacitat\/","title":{"rendered":"Pol\u00edtica de Privacitat"},"content":{"rendered":"<p>INTRODUCCI\u00d3<br \/>\nLa seva privacitat \u00e9s important per a nosaltres, aix\u00ed que mitjan\u00e7ant aquest document li expliquem quines dades recopilem dels usuaris, com els utilitzem i per a qu\u00e8, entre altres indicacions. Els majors de 14 anys podran registrar-se com a usuaris sense el previ consentiment dels seus pares, tutors o representants legals. En cas de menors de 14 anys o identificats com a \u00abincapa\u00e7os legalment\u00bb, sempre necessitarem del consentiment patern, o del tutor\/a o representant legal.<\/p>\n<p>Per a la seva informaci\u00f3, mai sol\u00b7licitarem m\u00e9s informaci\u00f3 de la que realment necessitarem per als serveis requerits; mai la compartirem amb tercers, excepte per obligaci\u00f3 legal o amb la seva autoritzaci\u00f3 pr\u00e8via; i mai utilitzarem les seves dades per a una altra finalitat no indicada pr\u00e8viament.<\/p>\n<p>Com a usuari, haur\u00e0 de llegir atentament aquesta pol\u00edtica de privacitat de manera regular, i sempre que introdueixi les seves dades personals, ja que aquest document pot sofrir modificacions perqu\u00e8 el prestador pot modificar qualsevol tipus d&#8217;informaci\u00f3 que pogu\u00e9s apar\u00e8ixer en la web per a complir amb la normativa o actualitzar la pol\u00edtica, i sense que existeixi l&#8217;obligaci\u00f3 de *pre-avisar o posar en coneixement dels usuaris aquestes obligacions, sent suficients la publicaci\u00f3 en el lloc web del prestador.<\/p>\n<p>RESPONSABLE DEL TRACTAMENT<br \/>\nIdentitat: *MASMARISTANY *ARQUITECTES *SLP (tamb\u00e9 el prestador)<br \/>\nNIF: B-10848000<br \/>\nAdre\u00e7a postal: Via Augusta, 310 Local, 08017 \u2013 Barcelona<br \/>\nCorreu electr\u00f2nic: mm@masmaristany.com<br \/>\n*MASMARISTANY *ARQUITECTES *SLP, com a responsable del Lloc web, de conformitat amb el que disposa el Reglament (UE) 2016\/679 de 27 d&#8217;abril de 2016 (RGPD), Llei org\u00e0nica 3\/2018 de 5 de desembre (*LOPDGDD) i altra normativa legal vigent en mat\u00e8ria de protecci\u00f3 de dades personals, i per la Llei 34\/2002, d&#8217;11 de juliol, de Serveis de la Societat de la Informaci\u00f3 i del Comer\u00e7 Electr\u00f2nic (*LSSICE), l&#8217;informa que t\u00e9 implementades les mesures de seguretat necess\u00e0ries, d&#8217;\u00edndole t\u00e8cnica i organitzatives, per a garantir i protegir la confidencialitat, integritat i disponibilitat de les dades introdu\u00efdes.<\/p>\n<p>M\u00c8TODE D&#8217;OBTENCI\u00d3 DE LES DADES i DADES QUE RECAPTEM:<br \/>\nLes dades que recollim i com les obtenim \u00e9s la seg\u00fcent:<\/p>\n<p>1. mitjan\u00e7ant el formulari de contacte: nom, email, tel\u00e8fon<\/p>\n<p>No es tracten categories de dades especialment protegides.<\/p>\n<p>FINALITAT DEL TRACTAMENT<br \/>\nLes seves dades personals nom\u00e9s s&#8217;utilitzaran per a les seg\u00fcents finalitats, prestant el seu consentiment per a cadascuna de les finalitats en l&#8217;apartat corresponent de la web:<\/p>\n<p>1. formulari de contacte: per a respondre als consultes i \/ o proporcionar informacions requerides per a l&#8217;Usuari;<\/p>\n<p>Altres finalitats:<\/p>\n<p>Realitzar les gestions comercials, administratives, fiscals, comptables que siguin necess\u00e0ries en virtut de la legislaci\u00f3 vigent;<br \/>\nCon\u00e8ixer la seva opini\u00f3 i millorar els serveis prestats per la web;<br \/>\nRealitzaci\u00f3 d&#8217;an\u00e0lisi de perfils i d&#8217;usabilitat de la web, a trav\u00e9s de les cookies (esmentades en la pol\u00edtica de cookies);<br \/>\nXarxes socials: en l&#8217;apartat corresponent s&#8217;especifica l&#8217;\u00fas de les xarxes socials.<br \/>\n\u00das de Fotografies: Les fotografies que estiguin penjades en la web s\u00f3n propietat de *MASMARISTANY *ARQUITECTES *SLP, incloent-hi les dels menors, en les quals, per a l&#8217;obtenci\u00f3 d&#8217;aquestes, s&#8217;ha obtingut el consentiment previ dels pares, tutors o representants legals mitjan\u00e7ant la signatura dels formularis realitzats per a tal efecte pels centres en els quals els menors formen part. No obstant aix\u00f2, els pares, tutors o representants dels menors, com a titulars de l&#8217;exercici dels drets d&#8217;aquests, i sempre previ requeriment formal per escrit, poden indicar la negativa a l&#8217;\u00fas de la imatge del menor; en aquest cas, la imatge es mostrar\u00e0 pixelada<\/p>\n<p>Pot revocar en qualsevol moment el seu consentiment remetent un escrit amb l&#8217;assumpte \u00abBaixa\u00bb en el mail ressenyat.<\/p>\n<p>D&#8217;acord amb la *LSSICE, *MASMARISTANY *ARQUITECTES *SLP. no realitza pr\u00e0ctiques de *SPAM, per tant, no envia correus comercials per e-mail que no hagin estat pr\u00e8viament sol\u00b7licitats o autoritzats per l&#8217;Usuari. En conseq\u00fc\u00e8ncia, en totes les comunicacions que rebr\u00e0 del prestador, l&#8217;usuari t\u00e9 la possibilitat de revocar el seu consentiment expr\u00e9s per a rebre les nostres comunicacions.<\/p>\n<p>No tractarem les seves dades personals per a *ning\u00fana una altra finalitat de les descrites excepte per obligaci\u00f3 legal o requeriment judicial.<\/p>\n<p>No ser\u00e0 objecte de decisions basades en tractaments automatitzats que produeixin efectes sobre les seves dades.<\/p>\n<p>LEGITIMACI\u00d3 DEL TRACTAMENT<br \/>\nLa base legal per al tractament de les dades \u00e9s el seu consentiment atorgat en el moment de donar les seves dades en el formulari corresponent per a dur a terme les finalitats, en el moment de marcaci\u00f3 de la casella de verificaci\u00f3.<\/p>\n<p>L&#8217;oferta prospectiva o comercial de productes i serveis est\u00e0 basada en el consentiment que se li sol\u00b7licita, sense que en cap cas la retirada d&#8217;aquest consentiment condicioni l&#8217;execuci\u00f3 del contracte de subscripci\u00f3.<\/p>\n<p>El no facilitar les dades personals sol\u00b7licitades o el no acceptar la present pol\u00edtica de privacitat suposa la impossibilitat d&#8217;aconseguir les finalitats anteriorment descrites.<\/p>\n<p>En els casos en qu\u00e8 hi hagi una pr\u00e8via relaci\u00f3 contractual entre les parts, la legitimaci\u00f3 per al desenvolupament de les obligacions administratives, fiscals i comptables que siguin necess\u00e0ries en virtut de la legislaci\u00f3 vigent ser\u00e0 l&#8217;exist\u00e8ncia pr\u00e8via de la relaci\u00f3 comercial establerta entre les parts.<\/p>\n<p>TERMINI DE CONSERVACI\u00d3 DE LES DADES:<br \/>\nLes seves dades es conservaran mentre duri la relaci\u00f3 comercial amb nosaltres o exerceix el seu dret de cancel\u00b7laci\u00f3, oposici\u00f3 o revocaci\u00f3 del consentiment. Fins i tot havent exercit els seus drets de manera correcta, haurem de conservar degudament bloquejats les seves dades mentre durin els terminis legalment previstos en les disposicions aplicables.<\/p>\n<p>DESTINATARIS DE CESSIONS O TRANSFER\u00c8NCIES:<br \/>\n*MASMARISTANY *ARQUITECTES *SLP no duu a terme cap cessi\u00f3 o comunicaci\u00f3 de dades ni dins ni fora de la UE. El prestador \u00fanicament facilitar\u00e0 informaci\u00f3 a les forces i cossos de seguretat sota ordre judicial o per obligaci\u00f3 d&#8217;una norma legal, sense perjudici de poder bloquejar o cancel\u00b7lar el seu compte si pot haver-hi indicis de la comissi\u00f3 d&#8217;algun delicte per part de l&#8217;usuari. La informaci\u00f3 facilitada ser\u00e0 nom\u00e9s la que disposi en aquest moment el prestador.<\/p>\n<p>La informaci\u00f3 que ens proporcioni tant a trav\u00e9s d&#8217;aquest lloc web ser\u00e0 allotjada en els servidors de *MASMARISTANY *ARQUITECTES *SLP, contractats a l&#8217;empresa que presta el servei d&#8217;allotjament de la web. El tractament de les dades de l&#8217;entitat es troba regulat mitjan\u00e7ant un contracte d&#8217;encarregat del tractament entre el prestador i aquesta empresa.<\/p>\n<p>DRETS DE LES PERSONES INTERESSADES:<br \/>\nCom a usuari-interessat, pot sol\u00b7licitar l&#8217;exercici dels seg\u00fcents drets davant *MASMARISTANY *ARQUITECTES *SLP. presentant un escrit a l&#8217;adre\u00e7a postal de l&#8217;encap\u00e7alament o enviant un correu electr\u00f2nic a mm@masmaristany.com, indicant com a Assumpte: \u00abPROTECCI\u00d3 DE DADES: DRETS DELS INTERESSATS \u00ab, i adjuntant fotoc\u00f2pia del seu DNI o qualsevol mitj\u00e0 an\u00e0leg en dret, tal com indica la llei.<\/p>\n<p>Drets:<\/p>\n<p>Dret d&#8217;acc\u00e9s: permet a l&#8217;interessat con\u00e8ixer i obtenir informaci\u00f3 sobre les seves dades de car\u00e0cter personal sotmesos a tractament.<br \/>\nDret de rectificaci\u00f3 o supressi\u00f3: permet corregir errors i modificar les dades que resultin ser inexactes o incomplets<br \/>\nDret de cancel\u00b7laci\u00f3: permet que se suprimeixin les dades que siguin inadequats o excessius<br \/>\nDret d&#8217;oposici\u00f3: dret de l&#8217;interessat al fet que no es dugui a terme el tractament de les seves dades de car\u00e0cter personal o se cessi en aquest.<br \/>\nLimitaci\u00f3 del tractament: comporta el marcat de les dades personals conservades, amb la finalitat de limitar el seu futur tractament, per a l&#8217;exercici o la defensa de reclamacions.<br \/>\nPortabilitat de les dades: facilitaci\u00f3 de les dades objecte de tractament a l&#8217;interessat, perqu\u00e8 aquest pugui transmetre a un altre responsable, sense impediments.<br \/>\nDret a no ser objecte de decisions individuals automatitzades (inclosa l&#8217;elaboraci\u00f3 de perfils): dret a no ser objecte d&#8217;una decisi\u00f3 basada en el tractament automatitzat que produeixi efectes o afecti significativament<br \/>\nCom a usuari, t\u00e9 dret a retirar el consentiment donat en qualsevol moment. La retirada del consentiment no afectar\u00e0 la licitud del tractament efectuat abans de la retirada del consentiment.<\/p>\n<p>Tamb\u00e9 t\u00e9 dret a presentar una reclamaci\u00f3 davant l&#8217;autoritat de control si considera que poden haver-se vist vulnerats els seus drets en relaci\u00f3 a la protecci\u00f3 de les seves dades (www.aepd.es).<\/p>\n<p>MESURES DE SEGURETAT:<br \/>\nLes dades que ens faciliti es tractaran de manera confidencial. El prestador ha adoptat totes les mesures t\u00e8cniques i organitzatives i tots els nivells de protecci\u00f3 necessaris per a garantir la seguretat en el tractament de les dades i evitar la seva alteraci\u00f3, p\u00e8rdua, robatori, tractament o acc\u00e9s no autoritzat, d&#8217;acord amb l&#8217;estat de la tecnologia i naturalesa de les dades emmagatzemades. Aix\u00ed mateix, es garanteix tamb\u00e9 que el tractament i registre en fitxers, programes, sistemes o equips, locals i centres compleixen amb els requisits i condicions d&#8217;integritat i seguretat establertes en la normativa vigent.<\/p>\n<p>IDIOMA<br \/>\nL&#8217;idioma aplicable a aquesta pol\u00edtica de privacitat \u00e9s el castell\u00e0. Per tant, en cas que hi hagu\u00e9s alguna contradicci\u00f3 en alguna de les versions facilitades en altres idiomes, prevaldr\u00e0 la versi\u00f3 en castell\u00e0.<\/p>\n<p>AN\u00c0LISI DE PERFILS<br \/>\nLa informaci\u00f3 facilitada en els diferents formularis, durant la interacci\u00f3 amb la web i qualsevol altra dada facilitada durant la navegaci\u00f3, incloent-hi la informaci\u00f3 subministrada per les galetes en relaci\u00f3 als h\u00e0bits de navegaci\u00f3, comporta l&#8217;acceptaci\u00f3 al tractament d&#8217;aquestes dades, a fi ser segmentats o categoritzats amb la finalitat d&#8217;aplicar-los a l&#8217;activitat relacionada amb la gesti\u00f3 d&#8217;administraci\u00f3 general, informaci\u00f3, comercialitzaci\u00f3 d&#8217;espais publicitaris, elaborar perfils, an\u00e0lisis de propostes sol\u00b7licitades pels usuaris \/ clients, estudi estad\u00edstic els serveis i continguts utilitzats, gustos i prefer\u00e8ncies, enquestes o formularis. Les dades utilitzades en l&#8217;elaboraci\u00f3 d&#8217;aquests perfils no s\u00f3n dades que permetin identificar als usuaris sin\u00f3 que nom\u00e9s mostren en una gr\u00e0fica el tipus de p\u00fablic que interactua amb la web, edat, pa\u00eds, g\u00e8nere, etc.<\/p>\n<p>L&#8217;usuari que accedeixi a aquesta web, consent expl\u00edcitament la utilitzaci\u00f3 d&#8217;aquesta informaci\u00f3 gen\u00e8rica per a tasques d&#8217;elaboraci\u00f3 de perfils, segmentaci\u00f3 i categoritzaci\u00f3 de dades per a les finalitats descrites en l&#8217;apartat anterior.<\/p>\n<p>XARXES SOCIALS<br \/>\nL&#8217;informem que *MASMARISTANY *ARQUITECTES *SLP . pot tenir pres\u00e8ncia en xarxes socials. El tractament de les dades que es dugui a terme de les persones que es facin seguidores en les xarxes socials (i \/ o realitzin qualsevol vincle o acci\u00f3 de connexi\u00f3 a trav\u00e9s de les xarxes socials) de les p\u00e0gines oficials de *MASMARISTANY *ARQUITECTES *SLP . es regir\u00e0 per aquest apartat , aix\u00ed com per a aquelles condicions d&#8217;\u00fas, pol\u00edtiques de privacitat i normatives d&#8217;acc\u00e9s que pertanyin a la xarxa social que procedeixi en cada cas i acceptades pr\u00e8viament per l&#8217;usuari.<\/p>\n<p>*MASMARISTANY *ARQUITECTES *SLP . tractar\u00e0 les seves dades amb les finalitats d&#8217;administrar correctament la seva pres\u00e8ncia en la xarxa social, informant d&#8217;activitats, productes o serveis del prestador, aix\u00ed com per a qualsevol altra finalitat que les normatives de les Xarxes Socials permetin.<\/p>\n<p>Queda prohibida la publicaci\u00f3 de continguts:<\/p>\n<p>\u2013 Que siguin presumptament il\u00b7l\u00edcits per la normativa nacional, comunit\u00e0ria o internacional o que realitzin activitats presumptament il\u00b7l\u00edcites o contravinguin els principis de la bona fe.<\/p>\n<p>\u2013 Que atemptin contra els drets fonamentals de les persones, faltin a la cortesia en la xarxa, molestin o puguin generar opinions negatives en els nostres usuaris o tercers i en general qualssevol siguin els continguts que *MASMARISTANY *ARQUITECTES *SLP . consideri inapropiats.<\/p>\n<p>\u2013 I en general que contravinguin els principis de legalitat, honradesa, responsabilitat, protecci\u00f3 de la dignitat humana, protecci\u00f3 de menors, protecci\u00f3 de l&#8217;ordre p\u00fablic, la protecci\u00f3 de la vida privada, la protecci\u00f3 del consumidor i els drets de propietat intel\u00b7ligent *tual i industrial.<\/p>\n<p>Aix\u00ed mateix, *MASMARISTANY *ARQUITECTES *SLP . es reserva la potestat de retirar, sense previ av\u00eds del lloc web o de la xarxa social corporativa aquells continguts que es consideren inadequats.<\/p>\n<p>En tot cas, si Vost\u00e8 remet informaci\u00f3 personal a trav\u00e9s de la xarxa social, *MASMARISTANY *ARQUITECTES *SLP . quedar\u00e0 exempt de responsabilitat en relaci\u00f3 amb les mesures de seguretat aplicables a la present plataforma i l&#8217;usuari, en cas de voler con\u00e8ixer-les, ha de consultar les corresponents condicions particulars de la xarxa en q\u00fcesti\u00f3.<\/p>\n<p>ENVIO CV<br \/>\nEn cas que l&#8217;usuari envi\u00ef el seu CV a trav\u00e9s de la nostra web, se l&#8217;informa que les dades aportades seran tractats per fer-ho part\u00edcip dels processos de selecci\u00f3 que pugui haver-hi, duent a terme una an\u00e0lisi del perfil del sol\u00b7licitant amb l&#8217;objectiu de seleccionar el millor candidat per al lloc vacant del Responsable. Informem que aquest \u00e9s l&#8217;\u00fanic procediment oficial per a acceptar el seu curr\u00edculum, per la qual cosa no s&#8217;acceptaran els curr\u00edculums remesos per un altre procediment diferent. En cas de produir-se alguna modificaci\u00f3 en les dades, li preguem que ens ho comuniqui per escrit al m\u00e9s aviat possible, a fi de mantenir les seves dades degudament actualitzades.<\/p>\n<p>Les dades es conservaran durant un termini m\u00e0xim d&#8217;un any transcorregut el qual es procedir\u00e0 a la supressi\u00f3 de les dades garantint un total respecte a la confidencialitat tant en el tractament com en la seva posterior destrucci\u00f3. En aquest sentit, transcorregut aquest termini, i si desitja continuar participant en els processos de selecci\u00f3 del Responsable, li preguem que ens remeti novament el seu curr\u00edculum.<\/p>\n<p>Les dades es podran tractar i \/ o comunicar a les empreses integrants del nostre grup durant el temps de conservaci\u00f3 del seu curr\u00edculum i per als mateixos fins abans informats.<\/p>\n<p>PUBLICACI\u00d3 DEL SEU TESTIMONIATGE<br \/>\nEn cas que l&#8217;usuari vulgui publicar la seva opini\u00f3 en la web, l&#8217;informem que les dades aportades seran tractats per a atendre els suggeriments proposats, experi\u00e8ncies o opinions respecte dels productes i \/ o serveis per a ser publicades en la p\u00e0gina web i aix\u00ed poder ajudar a altres usuaris. Les dades es conservaran mentre hi hagi un inter\u00e8s mutu per a mantenir la fi del tractament i quan ja no sigui necessari per a tal fi, se suprimiran amb mesures de seguretat adequades per a garantir la *pseudonimitzaci\u00f3n de les dades o destrucci\u00f3 total d&#8217;aquests. Els testimonis es publicaran en la nostra p\u00e0gina web. L&#8217;\u00fanica dada personal que es publicar\u00e0 del testimoni ser\u00e0 el seu nom.<\/p>\n<p>CANVIS EN LA PRESENT POL\u00cdTICA DE PRIVACITAT<br \/>\n*MASMARISTANY *ARQUITECTES *SLP . es reserva el dret a modificar la present pol\u00edtica per a adaptar-la a novetats legislatives o jurisprudencials.<\/p>\n<p>REVOCABILITAT<br \/>\nEl consentiment prestat, tant pel tractament com per a la cessi\u00f3 de les dades dels interessats, \u00e9s revocable en qualsevol moment comunicant-lo a *MASMARISTANY *ARQUITECTES *SLP en els termes establerts en aquesta Pol\u00edtica per a l&#8217;exercici dels drets. Aquesta revocaci\u00f3 en cap cas tindr\u00e0 car\u00e0cter retroactiu.<\/p>\n<p>LEGISLACI\u00d3<br \/>\nAmb car\u00e0cter general les relacions entre *MASMARISTANY *ARQUITECTES *SLP . amb els Usuaris dels seus serveis telem\u00e0tics, presents en aquesta web, estan sotmesos a la legislaci\u00f3 i jurisdicci\u00f3 espanyola a la qual se sotmeten expressament les parts, sent competents per a la resoluci\u00f3 de tots els conflictes derivats o relacionats amb el seu \u00fas els Jutjats i Tribunals de Barcelona.<\/p>\n<p>Amb car\u00e0cter general les relacions entre *MASMARISTANY *ARQUITECTES *SLP . amb els Usuaris dels seus serveis telem\u00e0tics, presents en aquesta web, estan sotmesos a la legislaci\u00f3 i jurisdicci\u00f3 espanyola a la qual se sotmeten expressament les parts, sent competents per a la resoluci\u00f3 de tots els conflictes derivats o relacionats amb el seu \u00fas els Jutjats i Tribunals de Barcelona.<\/p>\n","protected":false},"excerpt":{"rendered":"<p>INTRODUCCI\u00d3 La seva privacitat \u00e9s important per a nosaltres, aix\u00ed que mitjan\u00e7ant aquest document li expliquem quines dades recopilem dels usuaris, com els utilitzem i per a qu\u00e8, entre altres indicacions. Els majors de 14 anys podran registrar-se com a usuaris sense el previ consentiment dels seus pares, tutors o representants legals. En cas de [&hellip;]<\/p>\n","protected":false},"author":1,"featured_media":0,"parent":0,"menu_order":0,"comment_status":"closed","ping_status":"closed","template":"","meta":{"footnotes":""},"class_list":["post-7384","page","type-page","status-publish","hentry"],"yoast_head":"<!-- This site is optimized with the Yoast SEO plugin v26.7 - https:\/\/yoast.com\/wordpress\/plugins\/seo\/ -->\n<title>Pol\u00edtica de Privacitat - mas maristany<\/title>\n<meta name=\"robots\" content=\"index, follow, max-snippet:-1, max-image-preview:large, max-video-preview:-1\" \/>\n<link rel=\"canonical\" href=\"https:\/\/www.masmaristany.com\/ca\/politica-de-privacitat\/\" \/>\n<meta property=\"og:locale\" content=\"ca_ES\" \/>\n<meta property=\"og:type\" content=\"article\" \/>\n<meta property=\"og:title\" content=\"Pol\u00edtica de Privacitat - mas maristany\" \/>\n<meta property=\"og:description\" content=\"INTRODUCCI\u00d3 La seva privacitat \u00e9s important per a nosaltres, aix\u00ed que mitjan\u00e7ant aquest document li expliquem quines dades recopilem dels usuaris, com els utilitzem i per a qu\u00e8, entre altres indicacions. Els majors de 14 anys podran registrar-se com a usuaris sense el previ consentiment dels seus pares, tutors o representants legals. En cas de [&hellip;]\" \/>\n<meta property=\"og:url\" content=\"https:\/\/www.masmaristany.com\/ca\/politica-de-privacitat\/\" \/>\n<meta property=\"og:site_name\" content=\"mas maristany\" \/>\n<meta property=\"article:modified_time\" content=\"2025-04-22T14:51:21+00:00\" \/>\n<meta name=\"twitter:card\" content=\"summary_large_image\" \/>\n<meta name=\"twitter:label1\" content=\"Temps estimat de lectura\" \/>\n\t<meta name=\"twitter:data1\" content=\"13 minuts\" \/>\n<script type=\"application\/ld+json\" class=\"yoast-schema-graph\">{\"@context\":\"https:\/\/schema.org\",\"@graph\":[{\"@type\":\"WebPage\",\"@id\":\"https:\/\/www.masmaristany.com\/ca\/politica-de-privacitat\/\",\"url\":\"https:\/\/www.masmaristany.com\/ca\/politica-de-privacitat\/\",\"name\":\"Pol\u00edtica de Privacitat - mas maristany\",\"isPartOf\":{\"@id\":\"https:\/\/www.masmaristany.com\/#website\"},\"datePublished\":\"2024-04-03T09:12:05+00:00\",\"dateModified\":\"2025-04-22T14:51:21+00:00\",\"breadcrumb\":{\"@id\":\"https:\/\/www.masmaristany.com\/ca\/politica-de-privacitat\/#breadcrumb\"},\"inLanguage\":\"ca\",\"potentialAction\":[{\"@type\":\"ReadAction\",\"target\":[\"https:\/\/www.masmaristany.com\/ca\/politica-de-privacitat\/\"]}]},{\"@type\":\"BreadcrumbList\",\"@id\":\"https:\/\/www.masmaristany.com\/ca\/politica-de-privacitat\/#breadcrumb\",\"itemListElement\":[{\"@type\":\"ListItem\",\"position\":1,\"name\":\"Portada\",\"item\":\"https:\/\/www.masmaristany.com\/ca\/\"},{\"@type\":\"ListItem\",\"position\":2,\"name\":\"Pol\u00edtica de Privacitat\"}]},{\"@type\":\"WebSite\",\"@id\":\"https:\/\/www.masmaristany.com\/#website\",\"url\":\"https:\/\/www.masmaristany.com\/\",\"name\":\"mas maristany\",\"description\":\"Estudio de arquitectura\",\"publisher\":{\"@id\":\"https:\/\/www.masmaristany.com\/#organization\"},\"potentialAction\":[{\"@type\":\"SearchAction\",\"target\":{\"@type\":\"EntryPoint\",\"urlTemplate\":\"https:\/\/www.masmaristany.com\/?s={search_term_string}\"},\"query-input\":{\"@type\":\"PropertyValueSpecification\",\"valueRequired\":true,\"valueName\":\"search_term_string\"}}],\"inLanguage\":\"ca\"},{\"@type\":\"Organization\",\"@id\":\"https:\/\/www.masmaristany.com\/#organization\",\"name\":\"mas maristany\",\"url\":\"https:\/\/www.masmaristany.com\/\",\"logo\":{\"@type\":\"ImageObject\",\"inLanguage\":\"ca\",\"@id\":\"https:\/\/www.masmaristany.com\/#\/schema\/logo\/image\/\",\"url\":\"https:\/\/www.masmaristany.com\/wp-content\/uploads\/2025\/03\/mas-maristany_logo-2.png\",\"contentUrl\":\"https:\/\/www.masmaristany.com\/wp-content\/uploads\/2025\/03\/mas-maristany_logo-2.png\",\"width\":1563,\"height\":625,\"caption\":\"mas maristany\"},\"image\":{\"@id\":\"https:\/\/www.masmaristany.com\/#\/schema\/logo\/image\/\"}}]}<\/script>\n<!-- \/ Yoast SEO plugin. -->","yoast_head_json":{"title":"Pol\u00edtica de Privacitat - mas maristany","robots":{"index":"index","follow":"follow","max-snippet":"max-snippet:-1","max-image-preview":"max-image-preview:large","max-video-preview":"max-video-preview:-1"},"canonical":"https:\/\/www.masmaristany.com\/ca\/politica-de-privacitat\/","og_locale":"ca_ES","og_type":"article","og_title":"Pol\u00edtica de Privacitat - mas maristany","og_description":"INTRODUCCI\u00d3 La seva privacitat \u00e9s important per a nosaltres, aix\u00ed que mitjan\u00e7ant aquest document li expliquem quines dades recopilem dels usuaris, com els utilitzem i per a qu\u00e8, entre altres indicacions. Els majors de 14 anys podran registrar-se com a usuaris sense el previ consentiment dels seus pares, tutors o representants legals. En cas de [&hellip;]","og_url":"https:\/\/www.masmaristany.com\/ca\/politica-de-privacitat\/","og_site_name":"mas maristany","article_modified_time":"2025-04-22T14:51:21+00:00","twitter_card":"summary_large_image","twitter_misc":{"Temps estimat de lectura":"13 minuts"},"schema":{"@context":"https:\/\/schema.org","@graph":[{"@type":"WebPage","@id":"https:\/\/www.masmaristany.com\/ca\/politica-de-privacitat\/","url":"https:\/\/www.masmaristany.com\/ca\/politica-de-privacitat\/","name":"Pol\u00edtica de Privacitat - mas maristany","isPartOf":{"@id":"https:\/\/www.masmaristany.com\/#website"},"datePublished":"2024-04-03T09:12:05+00:00","dateModified":"2025-04-22T14:51:21+00:00","breadcrumb":{"@id":"https:\/\/www.masmaristany.com\/ca\/politica-de-privacitat\/#breadcrumb"},"inLanguage":"ca","potentialAction":[{"@type":"ReadAction","target":["https:\/\/www.masmaristany.com\/ca\/politica-de-privacitat\/"]}]},{"@type":"BreadcrumbList","@id":"https:\/\/www.masmaristany.com\/ca\/politica-de-privacitat\/#breadcrumb","itemListElement":[{"@type":"ListItem","position":1,"name":"Portada","item":"https:\/\/www.masmaristany.com\/ca\/"},{"@type":"ListItem","position":2,"name":"Pol\u00edtica de Privacitat"}]},{"@type":"WebSite","@id":"https:\/\/www.masmaristany.com\/#website","url":"https:\/\/www.masmaristany.com\/","name":"mas maristany","description":"Estudio de arquitectura","publisher":{"@id":"https:\/\/www.masmaristany.com\/#organization"},"potentialAction":[{"@type":"SearchAction","target":{"@type":"EntryPoint","urlTemplate":"https:\/\/www.masmaristany.com\/?s={search_term_string}"},"query-input":{"@type":"PropertyValueSpecification","valueRequired":true,"valueName":"search_term_string"}}],"inLanguage":"ca"},{"@type":"Organization","@id":"https:\/\/www.masmaristany.com\/#organization","name":"mas maristany","url":"https:\/\/www.masmaristany.com\/","logo":{"@type":"ImageObject","inLanguage":"ca","@id":"https:\/\/www.masmaristany.com\/#\/schema\/logo\/image\/","url":"https:\/\/www.masmaristany.com\/wp-content\/uploads\/2025\/03\/mas-maristany_logo-2.png","contentUrl":"https:\/\/www.masmaristany.com\/wp-content\/uploads\/2025\/03\/mas-maristany_logo-2.png","width":1563,"height":625,"caption":"mas maristany"},"image":{"@id":"https:\/\/www.masmaristany.com\/#\/schema\/logo\/image\/"}}]}},"_links":{"self":[{"href":"https:\/\/www.masmaristany.com\/ca\/wp-json\/wp\/v2\/pages\/7384","targetHints":{"allow":["GET"]}}],"collection":[{"href":"https:\/\/www.masmaristany.com\/ca\/wp-json\/wp\/v2\/pages"}],"about":[{"href":"https:\/\/www.masmaristany.com\/ca\/wp-json\/wp\/v2\/types\/page"}],"author":[{"embeddable":true,"href":"https:\/\/www.masmaristany.com\/ca\/wp-json\/wp\/v2\/users\/1"}],"replies":[{"embeddable":true,"href":"https:\/\/www.masmaristany.com\/ca\/wp-json\/wp\/v2\/comments?post=7384"}],"version-history":[{"count":1,"href":"https:\/\/www.masmaristany.com\/ca\/wp-json\/wp\/v2\/pages\/7384\/revisions"}],"predecessor-version":[{"id":7385,"href":"https:\/\/www.masmaristany.com\/ca\/wp-json\/wp\/v2\/pages\/7384\/revisions\/7385"}],"wp:attachment":[{"href":"https:\/\/www.masmaristany.com\/ca\/wp-json\/wp\/v2\/media?parent=7384"}],"curies":[{"name":"wp","href":"https:\/\/api.w.org\/{rel}","templated":true}]}}