{"id":7376,"date":"2024-04-03T09:11:56","date_gmt":"2024-04-03T09:11:56","guid":{"rendered":"https:\/\/www.masmaristany.com\/?page_id=7376"},"modified":"2025-04-22T14:50:02","modified_gmt":"2025-04-22T14:50:02","slug":"avis-legal","status":"publish","type":"page","link":"https:\/\/www.masmaristany.com\/ca\/avis-legal\/","title":{"rendered":"Av\u00eds Legal"},"content":{"rendered":"<p>*Av\u00edso Legal<br \/>\nAmb la finalitat de donar compliment a l&#8217;article 10 de la Llei 34\/2002 de Serveis de la Societat de la Informaci\u00f3 i del Comer\u00e7 Electr\u00f2nic, informem els usuaris de les nostres dades:<\/p>\n<p>Denominaci\u00f3 Social: *MASMARISTANY *ARQUITECTES *SLP<br \/>\nDomicili Social: Via Augusta, 310 Local, 08017 \u2013 Barcelona<br \/>\nNIF: B-10848000<br \/>\nTel\u00e8fon: (+34) 93 715 03 86<br \/>\nE-mail: mm@masmaristany.com<br \/>\n*Lloc Web: https:\/\/www.masmaristany.com\/<\/p>\n<p>1. OBJECTE<br \/>\n*MASMARISTANY *ARQUITECTES *SLP (d&#8217;ara endavant tamb\u00e9 el prestador) com responsable del lloc web, posa a la disposici\u00f3 dels usuaris el present document, que regula l&#8217;\u00fas del lloc web https:\/\/www.masmaristany.com, amb el qual pretenem donar compliment a les obligacions que disposa la Llei 34\/2002, de Serveis de la Societat de la Informaci\u00f3 i del Comer\u00e7 Electr\u00f2nic (*LSSICE o *LSSI), aix\u00ed com informar a tots els usuaris del lloc web respecte de quins s\u00f3n les condicions d&#8217;\u00fas del lloc web.<\/p>\n<p>A trav\u00e9s de la Web, *MASMARISTANY *ARQUITECTES *SLP facilita als usuaris l&#8217;acc\u00e9s i utilitzaci\u00f3 de diferents serveis i continguts posats a disposici\u00f3 a trav\u00e9s del web.<\/p>\n<p>Tota persona que accedeixi a aquesta web assumeix el paper d&#8217;usuari (d&#8217;ara endavant l&#8217;usuari), i implica l&#8217;acceptaci\u00f3 total i sense reserves de totes i cadascuna de les disposicions incloses en aquest av\u00eds legal, aix\u00ed com a qualssevol altres disposicions legals que fossin aplicable.<\/p>\n<p>Com a usuaris, han de llegir atentament aquest Av\u00eds Legal en qualsevol de les ocasions que entrin a la web, perqu\u00e8 aquesta pot sofrir modificacions ja que el prestador es reserva el dret a modificar qualsevol tipus d&#8217;informaci\u00f3 que pogu\u00e9s apar\u00e8ixer en la web, sense que existeixi l&#8217;obligaci\u00f3 de *pre-avisar o posar en coneixement dels usuaris aquestes obligacions, sent suficients la publicaci\u00f3 en el lloc web del prestador.<\/p>\n<p>2. CONDICIONS D&#8217;ACC\u00c9S I \u00daS DE LA WEB<br \/>\n2.1. Car\u00e0cter gratu\u00eft de l&#8217;acc\u00e9s i \u00fas de la web<\/p>\n<p>La prestaci\u00f3 dels serveis per part de *MASMARISTANY *ARQUITECTES *SLP t\u00e9 car\u00e0cter gratu\u00eft per a tots els Usuaris. No obstant aix\u00f2, alguns dels serveis subministrats pel prestador a trav\u00e9s de la Web estan subjectes al pagament d&#8217;un preu determinat a les condicions generals de contractaci\u00f3.<\/p>\n<p>2.2. Registre d&#8217;Usuari<\/p>\n<p>Amb car\u00e0cter general la prestaci\u00f3 dels Serveis no exigeix la pr\u00e8via subscripci\u00f3 o registre dels Usuaris. Aix\u00ed i tot, *MASMARISTANY *ARQUITECTES *SLP condiciona l&#8217;\u00fas d&#8217;alguns dels serveis a la pr\u00e8via complementaci\u00f3 del corresponent registre d&#8217;Usuari. Aquest registre s&#8217;efectuar\u00e0 en la forma expressament indicada en la pr\u00f2pia secci\u00f3 del servei.<\/p>\n<p>2.3. Veracitat de la informaci\u00f3<\/p>\n<p>Tota la informaci\u00f3 que facilita l&#8217;Usuari ha de ser vera\u00e7. A aquest efecte, l&#8217;Usuari garanteix l&#8217;autenticitat de les dades comunicades a trav\u00e9s dels formularis per a la subscripci\u00f3 dels Serveis. Ser\u00e0 responsabilitat de l&#8217;Usuari mantenir tota la informaci\u00f3 facilitada a *MASMARISTANY *ARQUITECTES *SLP permanentment actualitzada de manera que respongui, a cada moment, a la seva situaci\u00f3 real. En tot cas, l&#8217;Usuari ser\u00e0 l&#8217;\u00fanic responsable de les manifestacions falses o inexactes que realitzi i dels perjudicis que causi al prestador o a tercers.<\/p>\n<p>2.4. Menors d&#8217;edat<\/p>\n<p>Per a l&#8217;\u00fas dels serveis, els menors d&#8217;edat han d&#8217;obtenir sempre pr\u00e8viament el consentiment dels pares, tutors o representants legals, responsables \u00faltims de tots els actes realitzats pels menors al seu c\u00e0rrec. La responsabilitat en la determinaci\u00f3 de continguts concrets als quals accedeixen els menors correspon a aquells, \u00e9s per aix\u00f2 que si accedeixen a continguts no apropiats per Internet, s&#8217;hauran d&#8217;establir en els seus ordenadors mecanismes, en particular programes inform\u00e0tics, filtres i bloquejos, que permetin limitar els continguts disponibles i, a pesar que no siguin infal\u00b7libles, s\u00f3n d&#8217;especial utilitat per a controlar i restringir els materials als quals poden accedir els menors.<\/p>\n<p>2.5. Obligaci\u00f3 de fer un \u00fas correcte de la Web<\/p>\n<p>L&#8217;Usuari es compromet a utilitzar la Web de conformitat a la Llei i al present Av\u00eds Legal, aix\u00ed com a la moral i a les bones costums. A aquest efecte, l&#8217;Usuari s&#8217;abstindr\u00e0 d&#8217;utilitzar la p\u00e0gina amb finalitats il\u00b7l\u00edcites o prohibides, lesives de drets i interessos de tercers, o que de qualsevol forma puguin danyar, inutilitzar, sobrecarregar, deteriorar o impedir la normal utilitzaci\u00f3 d&#8217;equips inform\u00e0tics o documents, arxius i tota classe de continguts emmagatzemats en qualsevol equip inform\u00e0tic del prestador.<\/p>\n<p>En particular, i a t\u00edtol indicatiu per\u00f2 no exhaustiu, l&#8217;Usuari es compromet a no transmetre, difondre o posar a la disposici\u00f3 de tercers informacions, dades, continguts, missatges, gr\u00e0fics, dibuixos, arxius de so o imatge, fotografies, gravacions, programari i, en general, qualsevol classe de material que:<\/p>\n<p>(a) sigui contr\u00e0ria, menyspre\u00ef o atempti contra els drets fonamentals i les llibertats p\u00fabliques reconegudes constitucionalment, en tractats internacionals i altres normes vigents;<\/p>\n<p>(b) indueixi, inciti o promogui actuacions delictives, denigrants, difamat\u00f2ries, violentes o, en general, contr\u00e0ries a la llei, a la moral i a l&#8217;ordre p\u00fablic;<\/p>\n<p>(c) indueixi, inciti o promogui actuacions, actituds o pensaments discriminatoris per ra\u00f3 de sexe, ra\u00e7a, religi\u00f3, creences, edat o condici\u00f3;<\/p>\n<p>(d) sigui contrari al dret a l&#8217;honor, a la intimitat personal o familiar o a la pr\u00f2pia imatge de les persones;<\/p>\n<p>(e) de qualsevol manera perjudiqui la credibilitat del prestador o de tercers; i<\/p>\n<p>(f) constitueixi publicitat il\u00b7l\u00edcita, enganyosa o deslleial.<\/p>\n<p>3. EXCLUSI\u00d3 DE GARANTIES I RESPONSABILITAT<br \/>\nEl prestador s&#8217;eximeix de qualsevol tipus de responsabilitat derivada de la informaci\u00f3 publicada en el nostre lloc web, sempre que aquesta informaci\u00f3 hagi estat manipulada o introdu\u00efda per un tercer ali\u00e8.<\/p>\n<p>Aquesta web ha estat revisada i provada perqu\u00e8 funcioni correctament. En principi, es pot garantir el correcte funcionament els 365 dies de l&#8217;any, 24 hores al dia. No obstant aix\u00f2, el prestador no descarta la possibilitat que existeixin determinats errors de programaci\u00f3, o que succeeixin causes de for\u00e7a major, cat\u00e0strofes naturals, vagues, o circumst\u00e0ncies semblants que facin impossible l&#8217;acc\u00e9s a la p\u00e0gina web.<\/p>\n<p>*MASMARISTANY *ARQUITECTES *SLP no atorga cap garantia ni es fa responsable, en cap cas, dels danys i perjudicis de qualsevol naturalesa que puguin sortir a col\u00b7laci\u00f3 de la falta de disponibilitat, manteniment i efectiu funcionament de la web o dels seus serveis i continguts; de l&#8217;exist\u00e8ncia de virus, programes maliciosos o lesius en els continguts; de l&#8217;\u00fas il\u00b7l\u00edcit, negligent, fraudulent o contrari a aquest Av\u00eds Legal i condicions d&#8217;\u00fas; o de La falta de licitud, qualitat, fiabilitat, utilitat i disponibilitat dels serveis prestats per tercers i posats a la disposici\u00f3 dels usuaris en el lloc web.<\/p>\n<p>El prestador no es fa responsable en cap concepte dels danys que puguin dimanar de l&#8217;\u00fas il\u00b7legal o indegut de la present p\u00e0gina web.<\/p>\n<p>4. COOKIES<br \/>\nEl lloc web del prestador pot utilitzar cookies (petits arxius d&#8217;informaci\u00f3 que el servidor envia a l&#8217;ordinador de qui accedeix en la p\u00e0gina) per a dur a terme determinades funcions que s\u00f3n considerades imprescindibles per al correcte funcionament i visualitzaci\u00f3 del lloc. Les cookies utilitzades tenen, en tot cas, car\u00e0cter temporal, amb l&#8217;\u00fanica finalitat de fer m\u00e9s efica\u00e7 la navegaci\u00f3, i desapareixen en acabar la sessi\u00f3 de l&#8217;usuari.<\/p>\n<p>En cap cas s&#8217;utilitzaran les cookies per a recollir informaci\u00f3 de car\u00e0cter personal. Per a m\u00e9s informaci\u00f3, veure la nostra Pol\u00edtica de Cookies.<\/p>\n<p>5. ENLLA\u00c7OS (LINKS)<br \/>\nDes del lloc web \u00e9s possible que es redirigeixi a continguts patrocinats, anuncis i \/ o enlla\u00e7os d&#8217;afiliats i \/ o de terceres webs. Entre els enlla\u00e7os facilitats, existeix la possibilitat d&#8217;informar o fer refer\u00e8ncia a productes i \/ o serveis de tercers. At\u00e8s que des de la web no podem controlar els continguts introdu\u00efts pels tercers, *MASMARISTANY *ARQUITECTES *SLP no assumeix cap mena de responsabilitat respecte a aquests continguts, ni garanteix l&#8217;experi\u00e8ncia, integritat o qualitat dels seus productes. En tot cas, el prestador manifesta que procedir\u00e0 a la retirada immediata de qualsevol contingut que pogu\u00e9s contravenir la legislaci\u00f3 nacional o internacional, la moral o l&#8217;ordre p\u00fablic, procedint a la retirada immediata de la re-adre\u00e7a a aquestes webs, posant en coneixement de les autoritats competents el contingut en q\u00fcesti\u00f3.<\/p>\n<p>*MASMARISTANY *ARQUITECTES *SLP tindr\u00e0 publicats aquests enlla\u00e7os fins que siguin eliminats o suspesos pel prestador o per l&#8217;anunciant, i no ser\u00e0 responsable encara que aquests anuncis puguin ser indexats per altres cercadors aliens a aquesta web.<\/p>\n<p>El prestador no es responsabilitza de la informaci\u00f3 i continguts emmagatzemats, a t\u00edtol enunciatiu per\u00f2 no limitatiu, en f\u00f2rums, xats, generadors de blogs, comentaris, xarxes socials o qualsevol altre mitj\u00e0 que permeti a tercers publicar continguts de manera independent en la p\u00e0gina web del prestador. No obstant aix\u00f2 i en compliment del que es disposa en l&#8217;art. 11 i 16 de la *LSSICE, el prestador es posa a la disposici\u00f3 de tots els usuaris, autoritats i forces de seguretat, i col\u00b7laborant de manera activa en la retirada o, quan sigui necessari, el bloqueig de tots aquells continguts que puguin afectar o contravenir la legislaci\u00f3 nacional, o internacional, drets de tercers o la moral i l&#8217;ordre p\u00fablic. En cas que l&#8217;usuari consideri que pot existir algun contingut que pogu\u00e9s ser susceptible d&#8217;aquesta classificaci\u00f3, es prega el notifiqui de manera immediata a l&#8217;administrador del lloc web.<\/p>\n<p>No obstant aix\u00f2, *MASMARISTANY *ARQUITECTES *SLP l&#8217;informa que qualsevol relaci\u00f3 contractual o extracontractual que l&#8217;usuari formalitzi amb aquests tercers, afiliats o anunciants mitjan\u00e7ant el link proporcionat per aquesta web, ser\u00e0 v\u00e0lid \u00fanicament i exclusivament entre l&#8217;usuari i l&#8217;anunciant i \/ o tercera persona i *MASMARISTANY *ARQUITECTES *SLP . no tindr\u00e0 cap mena de responsabilitat sobre els danys o perjudicis que poguessin ser ocasionats per la prestaci\u00f3 de serveis i \/ o relacions contractuals o extracontractuals realitzades entre l&#8217;usuari i els anunciants o tercers contactades a trav\u00e9s d&#8217;aquest portal ja que el prestador nom\u00e9s actua com a intermediari o mitj\u00e0 publicitari.<\/p>\n<p>6. PROTECCI\u00d3 DE DADES PERSONALS<br \/>\nEl prestador est\u00e0 profundament comprom\u00e8s amb el compliment de la normativa de protecci\u00f3 de dades personals i garanteix el compliment \u00edntegre de les obligacions disposades, aix\u00ed com la implementaci\u00f3 de les mesures de seguretat disposades al Reglament Europeu de Protecci\u00f3 de dades i la normativa espanyola de protecci\u00f3 de dades. Per a m\u00e9s informaci\u00f3, veure la nostra Pol\u00edtica de Privacitat.<\/p>\n<p>7. PROPIETAT INTEL\u00b7LECTUAL I INDUSTRIAL<br \/>\nEl lloc web, incloent-hi t\u00edtol enunciatiu per\u00f2 no limitatiu la programaci\u00f3, edici\u00f3, compilaci\u00f3 i altres elements necessaris per al seu funcionament, els dissenys, logotips, textos, fotografies i\/o gr\u00e0fics s\u00f3n propietat del prestador o, en cas que fos necessari, disposa de la llic\u00e8ncia o autoritzaci\u00f3 expressa per part dels autors. Tots els continguts del lloc web es troben degudament protegits per la normativa de propietat intel\u00b7lectual i industrial.<\/p>\n<p>Independentment de la finalitat per la qual fossin destinats, la reproducci\u00f3 total o parcial, \u00fas, distribuci\u00f3 i comunicaci\u00f3 p\u00fablica requereixen de l&#8217;autoritzaci\u00f3 escrita pr\u00e8via per part del prestador. Qualsevol \u00fas no autoritzat pr\u00e8viament per part del prestador ser\u00e0 considerat un incompliment greu dels drets de propietat intel\u00b7lectual o industrial de l&#8217;autor.<\/p>\n<p>Els dissenys, logotips, textos i\/o gr\u00e0fics aliens al prestador i que puguin apar\u00e8ixer en el lloc web, pertanyen als seus respectius propietaris, sent ells mateixos els responsables de qualsevol possible controv\u00e8rsia que pogu\u00e9s esdevenir respecte a aquests. En tot cas, el prestador compta amb l&#8217;autoritzaci\u00f3 expressa i pr\u00e8via per part d&#8217;aquests.<\/p>\n<p>El prestador reconeix a favor dels seus titulars els corresponents drets de propietat industrial i intel\u00b7lectual, no implicant l&#8217;esment o aparici\u00f3 en el lloc web, de l&#8217;exist\u00e8ncia de drets o cap responsabilitat del prestador sobre aquests, com tampoc suport, patrocini o recomanaci\u00f3 per part d&#8217;aquest.<\/p>\n<p>Per a realitzar qualsevol tipus d&#8217;observaci\u00f3 respecte a possibles incompliments dels drets de propietat intel\u00b7lectual o industrial, aix\u00ed com sobre qualsevol dels continguts del lloc web, pot fer-lo a trav\u00e9s del correu electr\u00f2nic a dalt ressenyat.<\/p>\n<p>8. LLEI APLICABLE I JURISDICCI\u00d3<br \/>\nPer a la resoluci\u00f3 de les controv\u00e8rsies o q\u00fcestions relacionades amb la present p\u00e0gina web o de les activitats en aquesta desenvolupades, ser\u00e0 aplicable la legislaci\u00f3 espanyola, a la qual se sotmeten expressament les parts, sent competents per la resoluci\u00f3 de tots els conflictes derivats o relacionats amb el seu \u00fas els Jutjats i Tribunals de Barcelona.<\/p>\n","protected":false},"excerpt":{"rendered":"<p>*Av\u00edso Legal Amb la finalitat de donar compliment a l&#8217;article 10 de la Llei 34\/2002 de Serveis de la Societat de la Informaci\u00f3 i del Comer\u00e7 Electr\u00f2nic, informem els usuaris de les nostres dades: Denominaci\u00f3 Social: *MASMARISTANY *ARQUITECTES *SLP Domicili Social: Via Augusta, 310 Local, 08017 \u2013 Barcelona NIF: B-10848000 Tel\u00e8fon: (+34) 93 715 03 [&hellip;]<\/p>\n","protected":false},"author":1,"featured_media":0,"parent":0,"menu_order":0,"comment_status":"closed","ping_status":"closed","template":"","meta":{"footnotes":""},"class_list":["post-7376","page","type-page","status-publish","hentry"],"yoast_head":"<!-- This site is optimized with the Yoast SEO plugin v26.7 - https:\/\/yoast.com\/wordpress\/plugins\/seo\/ -->\n<title>Av\u00eds Legal - mas maristany<\/title>\n<meta name=\"robots\" content=\"index, follow, max-snippet:-1, max-image-preview:large, max-video-preview:-1\" \/>\n<link rel=\"canonical\" href=\"https:\/\/www.masmaristany.com\/ca\/avis-legal\/\" \/>\n<meta property=\"og:locale\" content=\"ca_ES\" \/>\n<meta property=\"og:type\" content=\"article\" \/>\n<meta property=\"og:title\" content=\"Av\u00eds Legal - mas maristany\" \/>\n<meta property=\"og:description\" content=\"*Av\u00edso Legal Amb la finalitat de donar compliment a l&#8217;article 10 de la Llei 34\/2002 de Serveis de la Societat de la Informaci\u00f3 i del Comer\u00e7 Electr\u00f2nic, informem els usuaris de les nostres dades: Denominaci\u00f3 Social: *MASMARISTANY *ARQUITECTES *SLP Domicili Social: Via Augusta, 310 Local, 08017 \u2013 Barcelona NIF: B-10848000 Tel\u00e8fon: (+34) 93 715 03 [&hellip;]\" \/>\n<meta property=\"og:url\" content=\"https:\/\/www.masmaristany.com\/ca\/avis-legal\/\" \/>\n<meta property=\"og:site_name\" content=\"mas maristany\" \/>\n<meta property=\"article:modified_time\" content=\"2025-04-22T14:50:02+00:00\" \/>\n<meta name=\"twitter:card\" content=\"summary_large_image\" \/>\n<meta name=\"twitter:label1\" content=\"Temps estimat de lectura\" \/>\n\t<meta name=\"twitter:data1\" content=\"10 minuts\" \/>\n<script type=\"application\/ld+json\" class=\"yoast-schema-graph\">{\"@context\":\"https:\/\/schema.org\",\"@graph\":[{\"@type\":\"WebPage\",\"@id\":\"https:\/\/www.masmaristany.com\/ca\/avis-legal\/\",\"url\":\"https:\/\/www.masmaristany.com\/ca\/avis-legal\/\",\"name\":\"Av\u00eds Legal - mas maristany\",\"isPartOf\":{\"@id\":\"https:\/\/www.masmaristany.com\/#website\"},\"datePublished\":\"2024-04-03T09:11:56+00:00\",\"dateModified\":\"2025-04-22T14:50:02+00:00\",\"breadcrumb\":{\"@id\":\"https:\/\/www.masmaristany.com\/ca\/avis-legal\/#breadcrumb\"},\"inLanguage\":\"ca\",\"potentialAction\":[{\"@type\":\"ReadAction\",\"target\":[\"https:\/\/www.masmaristany.com\/ca\/avis-legal\/\"]}]},{\"@type\":\"BreadcrumbList\",\"@id\":\"https:\/\/www.masmaristany.com\/ca\/avis-legal\/#breadcrumb\",\"itemListElement\":[{\"@type\":\"ListItem\",\"position\":1,\"name\":\"Portada\",\"item\":\"https:\/\/www.masmaristany.com\/ca\/\"},{\"@type\":\"ListItem\",\"position\":2,\"name\":\"Av\u00eds Legal\"}]},{\"@type\":\"WebSite\",\"@id\":\"https:\/\/www.masmaristany.com\/#website\",\"url\":\"https:\/\/www.masmaristany.com\/\",\"name\":\"mas maristany\",\"description\":\"Estudio de arquitectura\",\"publisher\":{\"@id\":\"https:\/\/www.masmaristany.com\/#organization\"},\"potentialAction\":[{\"@type\":\"SearchAction\",\"target\":{\"@type\":\"EntryPoint\",\"urlTemplate\":\"https:\/\/www.masmaristany.com\/?s={search_term_string}\"},\"query-input\":{\"@type\":\"PropertyValueSpecification\",\"valueRequired\":true,\"valueName\":\"search_term_string\"}}],\"inLanguage\":\"ca\"},{\"@type\":\"Organization\",\"@id\":\"https:\/\/www.masmaristany.com\/#organization\",\"name\":\"mas maristany\",\"url\":\"https:\/\/www.masmaristany.com\/\",\"logo\":{\"@type\":\"ImageObject\",\"inLanguage\":\"ca\",\"@id\":\"https:\/\/www.masmaristany.com\/#\/schema\/logo\/image\/\",\"url\":\"https:\/\/www.masmaristany.com\/wp-content\/uploads\/2025\/03\/mas-maristany_logo-2.png\",\"contentUrl\":\"https:\/\/www.masmaristany.com\/wp-content\/uploads\/2025\/03\/mas-maristany_logo-2.png\",\"width\":1563,\"height\":625,\"caption\":\"mas maristany\"},\"image\":{\"@id\":\"https:\/\/www.masmaristany.com\/#\/schema\/logo\/image\/\"}}]}<\/script>\n<!-- \/ Yoast SEO plugin. -->","yoast_head_json":{"title":"Av\u00eds Legal - mas maristany","robots":{"index":"index","follow":"follow","max-snippet":"max-snippet:-1","max-image-preview":"max-image-preview:large","max-video-preview":"max-video-preview:-1"},"canonical":"https:\/\/www.masmaristany.com\/ca\/avis-legal\/","og_locale":"ca_ES","og_type":"article","og_title":"Av\u00eds Legal - mas maristany","og_description":"*Av\u00edso Legal Amb la finalitat de donar compliment a l&#8217;article 10 de la Llei 34\/2002 de Serveis de la Societat de la Informaci\u00f3 i del Comer\u00e7 Electr\u00f2nic, informem els usuaris de les nostres dades: Denominaci\u00f3 Social: *MASMARISTANY *ARQUITECTES *SLP Domicili Social: Via Augusta, 310 Local, 08017 \u2013 Barcelona NIF: B-10848000 Tel\u00e8fon: (+34) 93 715 03 [&hellip;]","og_url":"https:\/\/www.masmaristany.com\/ca\/avis-legal\/","og_site_name":"mas maristany","article_modified_time":"2025-04-22T14:50:02+00:00","twitter_card":"summary_large_image","twitter_misc":{"Temps estimat de lectura":"10 minuts"},"schema":{"@context":"https:\/\/schema.org","@graph":[{"@type":"WebPage","@id":"https:\/\/www.masmaristany.com\/ca\/avis-legal\/","url":"https:\/\/www.masmaristany.com\/ca\/avis-legal\/","name":"Av\u00eds Legal - mas maristany","isPartOf":{"@id":"https:\/\/www.masmaristany.com\/#website"},"datePublished":"2024-04-03T09:11:56+00:00","dateModified":"2025-04-22T14:50:02+00:00","breadcrumb":{"@id":"https:\/\/www.masmaristany.com\/ca\/avis-legal\/#breadcrumb"},"inLanguage":"ca","potentialAction":[{"@type":"ReadAction","target":["https:\/\/www.masmaristany.com\/ca\/avis-legal\/"]}]},{"@type":"BreadcrumbList","@id":"https:\/\/www.masmaristany.com\/ca\/avis-legal\/#breadcrumb","itemListElement":[{"@type":"ListItem","position":1,"name":"Portada","item":"https:\/\/www.masmaristany.com\/ca\/"},{"@type":"ListItem","position":2,"name":"Av\u00eds Legal"}]},{"@type":"WebSite","@id":"https:\/\/www.masmaristany.com\/#website","url":"https:\/\/www.masmaristany.com\/","name":"mas maristany","description":"Estudio de arquitectura","publisher":{"@id":"https:\/\/www.masmaristany.com\/#organization"},"potentialAction":[{"@type":"SearchAction","target":{"@type":"EntryPoint","urlTemplate":"https:\/\/www.masmaristany.com\/?s={search_term_string}"},"query-input":{"@type":"PropertyValueSpecification","valueRequired":true,"valueName":"search_term_string"}}],"inLanguage":"ca"},{"@type":"Organization","@id":"https:\/\/www.masmaristany.com\/#organization","name":"mas maristany","url":"https:\/\/www.masmaristany.com\/","logo":{"@type":"ImageObject","inLanguage":"ca","@id":"https:\/\/www.masmaristany.com\/#\/schema\/logo\/image\/","url":"https:\/\/www.masmaristany.com\/wp-content\/uploads\/2025\/03\/mas-maristany_logo-2.png","contentUrl":"https:\/\/www.masmaristany.com\/wp-content\/uploads\/2025\/03\/mas-maristany_logo-2.png","width":1563,"height":625,"caption":"mas maristany"},"image":{"@id":"https:\/\/www.masmaristany.com\/#\/schema\/logo\/image\/"}}]}},"_links":{"self":[{"href":"https:\/\/www.masmaristany.com\/ca\/wp-json\/wp\/v2\/pages\/7376","targetHints":{"allow":["GET"]}}],"collection":[{"href":"https:\/\/www.masmaristany.com\/ca\/wp-json\/wp\/v2\/pages"}],"about":[{"href":"https:\/\/www.masmaristany.com\/ca\/wp-json\/wp\/v2\/types\/page"}],"author":[{"embeddable":true,"href":"https:\/\/www.masmaristany.com\/ca\/wp-json\/wp\/v2\/users\/1"}],"replies":[{"embeddable":true,"href":"https:\/\/www.masmaristany.com\/ca\/wp-json\/wp\/v2\/comments?post=7376"}],"version-history":[{"count":4,"href":"https:\/\/www.masmaristany.com\/ca\/wp-json\/wp\/v2\/pages\/7376\/revisions"}],"predecessor-version":[{"id":7383,"href":"https:\/\/www.masmaristany.com\/ca\/wp-json\/wp\/v2\/pages\/7376\/revisions\/7383"}],"wp:attachment":[{"href":"https:\/\/www.masmaristany.com\/ca\/wp-json\/wp\/v2\/media?parent=7376"}],"curies":[{"name":"wp","href":"https:\/\/api.w.org\/{rel}","templated":true}]}}