{"id":7287,"date":"2025-03-07T12:43:12","date_gmt":"2025-03-07T12:43:12","guid":{"rendered":"https:\/\/www.masmaristany.com\/?page_id=7287"},"modified":"2025-09-02T10:28:49","modified_gmt":"2025-09-02T10:28:49","slug":"equip","status":"publish","type":"page","link":"https:\/\/www.masmaristany.com\/ca\/equip\/","title":{"rendered":"Equip"},"content":{"rendered":"\t\t<div data-elementor-type=\"wp-page\" data-elementor-id=\"7287\" class=\"elementor elementor-7287\">\n\t\t\t\t<div class=\"elementor-element elementor-element-640e5c6 e-flex e-con-boxed e-con e-parent\" data-id=\"640e5c6\" data-element_type=\"container\">\n\t\t\t\t\t<div class=\"e-con-inner\">\n\t\t\t\t<div class=\"elementor-element elementor-element-9cc677f elementor-widget elementor-widget-heading\" data-id=\"9cc677f\" data-element_type=\"widget\" data-widget_type=\"heading.default\">\n\t\t\t\t<div class=\"elementor-widget-container\">\n\t\t\t\t\t<h2 class=\"elementor-heading-title elementor-size-default\">Equip<\/h2>\t\t\t\t<\/div>\n\t\t\t\t<\/div>\n\t\t<div class=\"elementor-element elementor-element-4521b2e e-grid e-con-full e-con e-child\" data-id=\"4521b2e\" data-element_type=\"container\">\n\t\t<div class=\"elementor-element elementor-element-d76cb24 e-con-full e-flex e-con e-child\" data-id=\"d76cb24\" data-element_type=\"container\">\n\t\t\t\t<div class=\"elementor-element elementor-element-3bfdd75 elementor-widget elementor-widget-image\" data-id=\"3bfdd75\" data-element_type=\"widget\" data-widget_type=\"image.default\">\n\t\t\t\t<div class=\"elementor-widget-container\">\n\t\t\t\t\t\t\t\t\t\t\t\t\t\t\t<img fetchpriority=\"high\" decoding=\"async\" width=\"224\" height=\"300\" src=\"https:\/\/www.masmaristany.com\/wp-content\/uploads\/2020\/06\/foto-silvia-DEF-e1741702031914-224x300.jpg\" class=\"attachment-medium size-medium wp-image-2747\" alt=\"\" srcset=\"https:\/\/www.masmaristany.com\/wp-content\/uploads\/2020\/06\/foto-silvia-DEF-e1741702031914-224x300.jpg 224w, https:\/\/www.masmaristany.com\/wp-content\/uploads\/2020\/06\/foto-silvia-DEF-e1741702031914-765x1024.jpg 765w, https:\/\/www.masmaristany.com\/wp-content\/uploads\/2020\/06\/foto-silvia-DEF-e1741702031914-768x1028.jpg 768w, https:\/\/www.masmaristany.com\/wp-content\/uploads\/2020\/06\/foto-silvia-DEF-e1741702031914.jpg 893w\" sizes=\"(max-width: 224px) 100vw, 224px\" \/>\t\t\t\t\t\t\t\t\t\t\t\t\t\t\t<\/div>\n\t\t\t\t<\/div>\n\t\t\t\t<div class=\"elementor-element elementor-element-7d68212 elementor-widget elementor-widget-heading\" data-id=\"7d68212\" data-element_type=\"widget\" data-widget_type=\"heading.default\">\n\t\t\t\t<div class=\"elementor-widget-container\">\n\t\t\t\t\t<h2 class=\"elementor-heading-title elementor-size-default\">silvia mas<\/h2>\t\t\t\t<\/div>\n\t\t\t\t<\/div>\n\t\t\t\t<\/div>\n\t\t<div class=\"elementor-element elementor-element-280134d e-con-full e-flex e-con e-child\" data-id=\"280134d\" data-element_type=\"container\">\n\t\t\t\t<div class=\"elementor-element elementor-element-70e29a4 elementor-widget-mobile__width-initial elementor-widget elementor-widget-image\" data-id=\"70e29a4\" data-element_type=\"widget\" data-widget_type=\"image.default\">\n\t\t\t\t<div class=\"elementor-widget-container\">\n\t\t\t\t\t\t\t\t\t\t\t\t\t\t\t<img decoding=\"async\" width=\"221\" height=\"300\" src=\"https:\/\/www.masmaristany.com\/wp-content\/uploads\/2015\/12\/foto-lorena-DEF-e1741702051845-221x300.jpg\" class=\"attachment-medium size-medium wp-image-596\" alt=\"\" srcset=\"https:\/\/www.masmaristany.com\/wp-content\/uploads\/2015\/12\/foto-lorena-DEF-e1741702051845-221x300.jpg 221w, https:\/\/www.masmaristany.com\/wp-content\/uploads\/2015\/12\/foto-lorena-DEF-e1741702051845.jpg 339w\" sizes=\"(max-width: 221px) 100vw, 221px\" \/>\t\t\t\t\t\t\t\t\t\t\t\t\t\t\t<\/div>\n\t\t\t\t<\/div>\n\t\t\t\t<div class=\"elementor-element elementor-element-80f7abb elementor-widget elementor-widget-heading\" data-id=\"80f7abb\" data-element_type=\"widget\" data-widget_type=\"heading.default\">\n\t\t\t\t<div class=\"elementor-widget-container\">\n\t\t\t\t\t<h2 class=\"elementor-heading-title elementor-size-default\">lorena maristany<\/h2>\t\t\t\t<\/div>\n\t\t\t\t<\/div>\n\t\t\t\t<\/div>\n\t\t\t\t<\/div>\n\t\t\t\t<div class=\"elementor-element elementor-element-c3fadfa elementor-widget elementor-widget-text-editor\" data-id=\"c3fadfa\" data-element_type=\"widget\" data-widget_type=\"text-editor.default\">\n\t\t\t\t<div class=\"elementor-widget-container\">\n\t\t\t\t\t\t\t\t\t<p class=\"\" data-start=\"0\" data-end=\"272\"><strong>masmaristany<\/strong> \u00e9s un estudi format per les arquitectes S\u00edlvia Mas i Lorena Maristany, titulades a l\u2019ETSA Vall\u00e8s (UPC) l\u2019any 1996 i 1998 respectivament. masmaristany es dedica, des de l\u2019any 2004, al desenvolupament d\u2019estudis i projectes arquitect\u00f2nics, urbans i territorials.<\/p><p class=\"\" data-start=\"274\" data-end=\"515\">Paral\u00b7lelament, des de l\u2019any 1997 hem format part de l\u2019equip d\u2019investigaci\u00f3 de la c\u00e0tedra d\u2019urbanisme dirigida pel professor Antonio Font, on hem desenvolupat un gran nombre de projectes d\u2019investigaci\u00f3 i de planificaci\u00f3 urbana i territorial.<\/p>\t\t\t\t\t\t\t\t<\/div>\n\t\t\t\t<\/div>\n\t\t\t\t<div class=\"elementor-element elementor-element-de1f639 elementor-widget elementor-widget-heading\" data-id=\"de1f639\" data-element_type=\"widget\" data-widget_type=\"heading.default\">\n\t\t\t\t<div class=\"elementor-widget-container\">\n\t\t\t\t\t<h2 class=\"elementor-heading-title elementor-size-default\">Missi\u00f3<\/h2>\t\t\t\t<\/div>\n\t\t\t\t<\/div>\n\t\t\t\t<div class=\"elementor-element elementor-element-782113d elementor-widget elementor-widget-text-editor\" data-id=\"782113d\" data-element_type=\"widget\" data-widget_type=\"text-editor.default\">\n\t\t\t\t<div class=\"elementor-widget-container\">\n\t\t\t\t\t\t\t\t\t<p>Assessorament i provisi\u00f3 de serveis relacionats amb larquitectura, urbanisme, territori i medi ambient.<\/p>\t\t\t\t\t\t\t\t<\/div>\n\t\t\t\t<\/div>\n\t\t\t\t<div class=\"elementor-element elementor-element-2406741 elementor-widget elementor-widget-heading\" data-id=\"2406741\" data-element_type=\"widget\" data-widget_type=\"heading.default\">\n\t\t\t\t<div class=\"elementor-widget-container\">\n\t\t\t\t\t<h2 class=\"elementor-heading-title elementor-size-default\">Objectius<\/h2>\t\t\t\t<\/div>\n\t\t\t\t<\/div>\n\t\t\t\t<div class=\"elementor-element elementor-element-9ef1ca7 elementor-widget elementor-widget-text-editor\" data-id=\"9ef1ca7\" data-element_type=\"widget\" data-widget_type=\"text-editor.default\">\n\t\t\t\t<div class=\"elementor-widget-container\">\n\t\t\t\t\t\t\t\t\t<p>Promoure una visi\u00f3 estrat\u00e8gica i global als processos de Planificaci\u00f3 Urbana i Territorial i Gesti\u00f3, sempre en un marc sostenible.<\/p><p>Impulsar el desenvolupament econ\u00f2mic i social de territoris, pobles i ciutats a trav\u00e9s dels seus plans urban\u00edstics i territorials, potenciant-ne els valors locals -patrimoni, paisatge i activitats-.<\/p><p>Ens interessa la visi\u00f3 transescalar i les relacions que s&#8217;estableixen entre el territori com a matriu biof\u00edsica, l&#8217;urbanisme i l&#8217;arquitectura.<\/p>\t\t\t\t\t\t\t\t<\/div>\n\t\t\t\t<\/div>\n\t\t\t\t<div class=\"elementor-element elementor-element-5dfa5d2 elementor-widget elementor-widget-heading\" data-id=\"5dfa5d2\" data-element_type=\"widget\" data-widget_type=\"heading.default\">\n\t\t\t\t<div class=\"elementor-widget-container\">\n\t\t\t\t\t<h2 class=\"elementor-heading-title elementor-size-default\">Serveis<\/h2>\t\t\t\t<\/div>\n\t\t\t\t<\/div>\n\t\t\t\t<div class=\"elementor-element elementor-element-6b055bb elementor-widget elementor-widget-text-editor\" data-id=\"6b055bb\" data-element_type=\"widget\" data-widget_type=\"text-editor.default\">\n\t\t\t\t<div class=\"elementor-widget-container\">\n\t\t\t\t\t\t\t\t\t<p>Consultoria, assessoria i planificaci\u00f3 estrat\u00e8gica. Assist\u00e8ncia t\u00e8cnica en projectes d&#8217;arquitectura en obra nova i rehabilitaci\u00f3.<\/p>\t\t\t\t\t\t\t\t<\/div>\n\t\t\t\t<\/div>\n\t\t\t\t<div class=\"elementor-element elementor-element-b9eb654 elementor-widget elementor-widget-heading\" data-id=\"b9eb654\" data-element_type=\"widget\" data-widget_type=\"heading.default\">\n\t\t\t\t<div class=\"elementor-widget-container\">\n\t\t\t\t\t<h2 class=\"elementor-heading-title elementor-size-default\">Factors de competitivitat<\/h2>\t\t\t\t<\/div>\n\t\t\t\t<\/div>\n\t\t\t\t<div class=\"elementor-element elementor-element-61fd145 elementor-widget elementor-widget-text-editor\" data-id=\"61fd145\" data-element_type=\"widget\" data-widget_type=\"text-editor.default\">\n\t\t\t\t<div class=\"elementor-widget-container\">\n\t\t\t\t\t\t\t\t\t<p>Capacitat de realitzar una tasca acurada, professional i innovadora gr\u00e0cies a un equip de professionals de reconeguda experi\u00e8ncia al camp acad\u00e8mic i del sector privat.<\/p><p>Tots els membres s\u00f3n especialistes amb titulacions de grau superior i postgrau, estan vinculats a la universitat i tenen experi\u00e8ncia investigadora.<\/p><p>Staff permanent i un equip de col\u00b7laboradors externs pluridisciplinar (advocats, enginyers agr\u00f2noms, bi\u00f2legs, t\u00e8cnics forestals, enginyers de canals camins i ports, etc.)<\/p><p>Recursos i formaci\u00f3 necess\u00e0ria per garantir la utilitzaci\u00f3 de les millors t\u00e8cniques disponibles, una alta qualitat en els continguts, difusi\u00f3, manipulaci\u00f3 i presentaci\u00f3 dels seus treballs<\/p>\t\t\t\t\t\t\t\t<\/div>\n\t\t\t\t<\/div>\n\t\t\t\t<div class=\"elementor-element elementor-element-7529471 elementor-widget elementor-widget-heading\" data-id=\"7529471\" data-element_type=\"widget\" data-widget_type=\"heading.default\">\n\t\t\t\t<div class=\"elementor-widget-container\">\n\t\t\t\t\t<h2 class=\"elementor-heading-title elementor-size-default\">Clients<\/h2>\t\t\t\t<\/div>\n\t\t\t\t<\/div>\n\t\t\t\t<div class=\"elementor-element elementor-element-69b6604 elementor-widget elementor-widget-text-editor\" data-id=\"69b6604\" data-element_type=\"widget\" data-widget_type=\"text-editor.default\">\n\t\t\t\t<div class=\"elementor-widget-container\">\n\t\t\t\t\t\t\t\t\t<p>Administraci\u00f3 p\u00fablica, Ajuntaments, Consells Comarcals, Governs Auton\u00f2mics, Diputacions, IETCAT, Uni\u00f3 de Pagesos, Cambres de Comer\u00e7, \u00c0rea metropolitana de Barcelona (AMB)<br \/>Empreses, promotores i privats.<\/p>\t\t\t\t\t\t\t\t<\/div>\n\t\t\t\t<\/div>\n\t\t\t\t\t<\/div>\n\t\t\t\t<\/div>\n\t\t\t\t<\/div>\n\t\t","protected":false},"excerpt":{"rendered":"<p>Equip silvia mas lorena maristany masmaristany \u00e9s un estudi format per les arquitectes S\u00edlvia Mas i Lorena Maristany, titulades a l\u2019ETSA Vall\u00e8s (UPC) l\u2019any 1996 i 1998 respectivament. masmaristany es dedica, des de l\u2019any 2004, al desenvolupament d\u2019estudis i projectes arquitect\u00f2nics, urbans i territorials. Paral\u00b7lelament, des de l\u2019any 1997 hem format part de l\u2019equip d\u2019investigaci\u00f3 [&hellip;]<\/p>\n","protected":false},"author":1,"featured_media":0,"parent":0,"menu_order":0,"comment_status":"closed","ping_status":"closed","template":"","meta":{"footnotes":""},"class_list":["post-7287","page","type-page","status-publish","hentry"],"yoast_head":"<!-- This site is optimized with the Yoast SEO plugin v26.7 - https:\/\/yoast.com\/wordpress\/plugins\/seo\/ -->\n<title>Equip - mas maristany<\/title>\n<meta name=\"robots\" content=\"index, follow, max-snippet:-1, max-image-preview:large, max-video-preview:-1\" \/>\n<link rel=\"canonical\" href=\"https:\/\/www.masmaristany.com\/ca\/equip\/\" \/>\n<meta property=\"og:locale\" content=\"ca_ES\" \/>\n<meta property=\"og:type\" content=\"article\" \/>\n<meta property=\"og:title\" content=\"Equip - mas maristany\" \/>\n<meta property=\"og:description\" content=\"Equip silvia mas lorena maristany masmaristany \u00e9s un estudi format per les arquitectes S\u00edlvia Mas i Lorena Maristany, titulades a l\u2019ETSA Vall\u00e8s (UPC) l\u2019any 1996 i 1998 respectivament. masmaristany es dedica, des de l\u2019any 2004, al desenvolupament d\u2019estudis i projectes arquitect\u00f2nics, urbans i territorials. Paral\u00b7lelament, des de l\u2019any 1997 hem format part de l\u2019equip d\u2019investigaci\u00f3 [&hellip;]\" \/>\n<meta property=\"og:url\" content=\"https:\/\/www.masmaristany.com\/ca\/equip\/\" \/>\n<meta property=\"og:site_name\" content=\"mas maristany\" \/>\n<meta property=\"article:modified_time\" content=\"2025-09-02T10:28:49+00:00\" \/>\n<meta property=\"og:image\" content=\"https:\/\/www.masmaristany.com\/wp-content\/uploads\/2020\/06\/foto-silvia-DEF-e1741702031914.jpg\" \/>\n\t<meta property=\"og:image:width\" content=\"893\" \/>\n\t<meta property=\"og:image:height\" content=\"1195\" \/>\n\t<meta property=\"og:image:type\" content=\"image\/jpeg\" \/>\n<meta name=\"twitter:card\" content=\"summary_large_image\" \/>\n<meta name=\"twitter:label1\" content=\"Temps estimat de lectura\" \/>\n\t<meta name=\"twitter:data1\" content=\"2 minuts\" \/>\n<script type=\"application\/ld+json\" class=\"yoast-schema-graph\">{\"@context\":\"https:\/\/schema.org\",\"@graph\":[{\"@type\":\"WebPage\",\"@id\":\"https:\/\/www.masmaristany.com\/ca\/equip\/\",\"url\":\"https:\/\/www.masmaristany.com\/ca\/equip\/\",\"name\":\"Equip - mas maristany\",\"isPartOf\":{\"@id\":\"https:\/\/www.masmaristany.com\/#website\"},\"primaryImageOfPage\":{\"@id\":\"https:\/\/www.masmaristany.com\/ca\/equip\/#primaryimage\"},\"image\":{\"@id\":\"https:\/\/www.masmaristany.com\/ca\/equip\/#primaryimage\"},\"thumbnailUrl\":\"https:\/\/www.masmaristany.com\/wp-content\/uploads\/2020\/06\/foto-silvia-DEF-e1741702031914-224x300.jpg\",\"datePublished\":\"2025-03-07T12:43:12+00:00\",\"dateModified\":\"2025-09-02T10:28:49+00:00\",\"breadcrumb\":{\"@id\":\"https:\/\/www.masmaristany.com\/ca\/equip\/#breadcrumb\"},\"inLanguage\":\"ca\",\"potentialAction\":[{\"@type\":\"ReadAction\",\"target\":[\"https:\/\/www.masmaristany.com\/ca\/equip\/\"]}]},{\"@type\":\"ImageObject\",\"inLanguage\":\"ca\",\"@id\":\"https:\/\/www.masmaristany.com\/ca\/equip\/#primaryimage\",\"url\":\"https:\/\/www.masmaristany.com\/wp-content\/uploads\/2020\/06\/foto-silvia-DEF-e1741702031914-224x300.jpg\",\"contentUrl\":\"https:\/\/www.masmaristany.com\/wp-content\/uploads\/2020\/06\/foto-silvia-DEF-e1741702031914-224x300.jpg\"},{\"@type\":\"BreadcrumbList\",\"@id\":\"https:\/\/www.masmaristany.com\/ca\/equip\/#breadcrumb\",\"itemListElement\":[{\"@type\":\"ListItem\",\"position\":1,\"name\":\"Portada\",\"item\":\"https:\/\/www.masmaristany.com\/ca\/\"},{\"@type\":\"ListItem\",\"position\":2,\"name\":\"Equip\"}]},{\"@type\":\"WebSite\",\"@id\":\"https:\/\/www.masmaristany.com\/#website\",\"url\":\"https:\/\/www.masmaristany.com\/\",\"name\":\"mas maristany\",\"description\":\"Estudio de arquitectura\",\"publisher\":{\"@id\":\"https:\/\/www.masmaristany.com\/#organization\"},\"potentialAction\":[{\"@type\":\"SearchAction\",\"target\":{\"@type\":\"EntryPoint\",\"urlTemplate\":\"https:\/\/www.masmaristany.com\/?s={search_term_string}\"},\"query-input\":{\"@type\":\"PropertyValueSpecification\",\"valueRequired\":true,\"valueName\":\"search_term_string\"}}],\"inLanguage\":\"ca\"},{\"@type\":\"Organization\",\"@id\":\"https:\/\/www.masmaristany.com\/#organization\",\"name\":\"mas maristany\",\"url\":\"https:\/\/www.masmaristany.com\/\",\"logo\":{\"@type\":\"ImageObject\",\"inLanguage\":\"ca\",\"@id\":\"https:\/\/www.masmaristany.com\/#\/schema\/logo\/image\/\",\"url\":\"https:\/\/www.masmaristany.com\/wp-content\/uploads\/2025\/03\/mas-maristany_logo-2.png\",\"contentUrl\":\"https:\/\/www.masmaristany.com\/wp-content\/uploads\/2025\/03\/mas-maristany_logo-2.png\",\"width\":1563,\"height\":625,\"caption\":\"mas maristany\"},\"image\":{\"@id\":\"https:\/\/www.masmaristany.com\/#\/schema\/logo\/image\/\"}}]}<\/script>\n<!-- \/ Yoast SEO plugin. -->","yoast_head_json":{"title":"Equip - mas maristany","robots":{"index":"index","follow":"follow","max-snippet":"max-snippet:-1","max-image-preview":"max-image-preview:large","max-video-preview":"max-video-preview:-1"},"canonical":"https:\/\/www.masmaristany.com\/ca\/equip\/","og_locale":"ca_ES","og_type":"article","og_title":"Equip - mas maristany","og_description":"Equip silvia mas lorena maristany masmaristany \u00e9s un estudi format per les arquitectes S\u00edlvia Mas i Lorena Maristany, titulades a l\u2019ETSA Vall\u00e8s (UPC) l\u2019any 1996 i 1998 respectivament. masmaristany es dedica, des de l\u2019any 2004, al desenvolupament d\u2019estudis i projectes arquitect\u00f2nics, urbans i territorials. Paral\u00b7lelament, des de l\u2019any 1997 hem format part de l\u2019equip d\u2019investigaci\u00f3 [&hellip;]","og_url":"https:\/\/www.masmaristany.com\/ca\/equip\/","og_site_name":"mas maristany","article_modified_time":"2025-09-02T10:28:49+00:00","og_image":[{"width":893,"height":1195,"url":"https:\/\/www.masmaristany.com\/wp-content\/uploads\/2020\/06\/foto-silvia-DEF-e1741702031914.jpg","type":"image\/jpeg"}],"twitter_card":"summary_large_image","twitter_misc":{"Temps estimat de lectura":"2 minuts"},"schema":{"@context":"https:\/\/schema.org","@graph":[{"@type":"WebPage","@id":"https:\/\/www.masmaristany.com\/ca\/equip\/","url":"https:\/\/www.masmaristany.com\/ca\/equip\/","name":"Equip - mas maristany","isPartOf":{"@id":"https:\/\/www.masmaristany.com\/#website"},"primaryImageOfPage":{"@id":"https:\/\/www.masmaristany.com\/ca\/equip\/#primaryimage"},"image":{"@id":"https:\/\/www.masmaristany.com\/ca\/equip\/#primaryimage"},"thumbnailUrl":"https:\/\/www.masmaristany.com\/wp-content\/uploads\/2020\/06\/foto-silvia-DEF-e1741702031914-224x300.jpg","datePublished":"2025-03-07T12:43:12+00:00","dateModified":"2025-09-02T10:28:49+00:00","breadcrumb":{"@id":"https:\/\/www.masmaristany.com\/ca\/equip\/#breadcrumb"},"inLanguage":"ca","potentialAction":[{"@type":"ReadAction","target":["https:\/\/www.masmaristany.com\/ca\/equip\/"]}]},{"@type":"ImageObject","inLanguage":"ca","@id":"https:\/\/www.masmaristany.com\/ca\/equip\/#primaryimage","url":"https:\/\/www.masmaristany.com\/wp-content\/uploads\/2020\/06\/foto-silvia-DEF-e1741702031914-224x300.jpg","contentUrl":"https:\/\/www.masmaristany.com\/wp-content\/uploads\/2020\/06\/foto-silvia-DEF-e1741702031914-224x300.jpg"},{"@type":"BreadcrumbList","@id":"https:\/\/www.masmaristany.com\/ca\/equip\/#breadcrumb","itemListElement":[{"@type":"ListItem","position":1,"name":"Portada","item":"https:\/\/www.masmaristany.com\/ca\/"},{"@type":"ListItem","position":2,"name":"Equip"}]},{"@type":"WebSite","@id":"https:\/\/www.masmaristany.com\/#website","url":"https:\/\/www.masmaristany.com\/","name":"mas maristany","description":"Estudio de arquitectura","publisher":{"@id":"https:\/\/www.masmaristany.com\/#organization"},"potentialAction":[{"@type":"SearchAction","target":{"@type":"EntryPoint","urlTemplate":"https:\/\/www.masmaristany.com\/?s={search_term_string}"},"query-input":{"@type":"PropertyValueSpecification","valueRequired":true,"valueName":"search_term_string"}}],"inLanguage":"ca"},{"@type":"Organization","@id":"https:\/\/www.masmaristany.com\/#organization","name":"mas maristany","url":"https:\/\/www.masmaristany.com\/","logo":{"@type":"ImageObject","inLanguage":"ca","@id":"https:\/\/www.masmaristany.com\/#\/schema\/logo\/image\/","url":"https:\/\/www.masmaristany.com\/wp-content\/uploads\/2025\/03\/mas-maristany_logo-2.png","contentUrl":"https:\/\/www.masmaristany.com\/wp-content\/uploads\/2025\/03\/mas-maristany_logo-2.png","width":1563,"height":625,"caption":"mas maristany"},"image":{"@id":"https:\/\/www.masmaristany.com\/#\/schema\/logo\/image\/"}}]}},"_links":{"self":[{"href":"https:\/\/www.masmaristany.com\/ca\/wp-json\/wp\/v2\/pages\/7287","targetHints":{"allow":["GET"]}}],"collection":[{"href":"https:\/\/www.masmaristany.com\/ca\/wp-json\/wp\/v2\/pages"}],"about":[{"href":"https:\/\/www.masmaristany.com\/ca\/wp-json\/wp\/v2\/types\/page"}],"author":[{"embeddable":true,"href":"https:\/\/www.masmaristany.com\/ca\/wp-json\/wp\/v2\/users\/1"}],"replies":[{"embeddable":true,"href":"https:\/\/www.masmaristany.com\/ca\/wp-json\/wp\/v2\/comments?post=7287"}],"version-history":[{"count":9,"href":"https:\/\/www.masmaristany.com\/ca\/wp-json\/wp\/v2\/pages\/7287\/revisions"}],"predecessor-version":[{"id":7711,"href":"https:\/\/www.masmaristany.com\/ca\/wp-json\/wp\/v2\/pages\/7287\/revisions\/7711"}],"wp:attachment":[{"href":"https:\/\/www.masmaristany.com\/ca\/wp-json\/wp\/v2\/media?parent=7287"}],"curies":[{"name":"wp","href":"https:\/\/api.w.org\/{rel}","templated":true}]}}