{"id":7236,"date":"2025-04-16T14:43:29","date_gmt":"2025-04-16T14:43:29","guid":{"rendered":"https:\/\/www.masmaristany.com\/?page_id=7236"},"modified":"2025-04-22T14:42:29","modified_gmt":"2025-04-22T14:42:29","slug":"urbanisme-espai-public","status":"publish","type":"page","link":"https:\/\/www.masmaristany.com\/ca\/urbanisme-espai-public\/","title":{"rendered":"urbanisme \/ espai p\u00fablic"},"content":{"rendered":"\t\t<div data-elementor-type=\"wp-page\" data-elementor-id=\"7236\" class=\"elementor elementor-7236\">\n\t\t\t\t<div class=\"elementor-element elementor-element-a7f7558 e-flex e-con-boxed e-con e-parent\" data-id=\"a7f7558\" data-element_type=\"container\">\n\t\t\t\t\t<div class=\"e-con-inner\">\n\t\t\t\t<div class=\"elementor-element elementor-element-0f67d59 elementor-grid-3 elementor-grid-tablet-2 elementor-grid-mobile-1 elementor-widget elementor-widget-elementor-blog-posts\" data-id=\"0f67d59\" data-element_type=\"widget\" data-settings=\"{&quot;columns&quot;:&quot;3&quot;,&quot;columns_tablet&quot;:&quot;2&quot;,&quot;columns_mobile&quot;:&quot;1&quot;}\" data-widget_type=\"elementor-blog-posts.default\">\n\t\t\t\t<div class=\"elementor-widget-container\">\n\t\t\t\t\t\t\t<div class=\"wpcap-grid\">\n\t\t\t\t\t\t<div class=\"wpcap-grid-container elementor-grid wpcap-grid-desktop-3 wpcap-grid-tablet-2 wpcap-grid-mobile-1\">\n\n\t\t\t\t\n        <article id=\"post-5470\" class=\"wpcap-post post-5470 post type-post status-publish format-standard has-post-thumbnail hentry category-urbanisme-espai-public\">\n         \n            <div class=\"post-grid-inner\">\n            \t\n            \t\t\t\t<div class=\"post-grid-thumbnail\">\n\t\t\t\t<a href=\"https:\/\/www.masmaristany.com\/ca\/2025\/03\/24\/are-pou-boronat-tarragona-cat\/\">\n\t\t\t\t\t<img fetchpriority=\"high\" decoding=\"async\" width=\"768\" height=\"518\" src=\"https:\/\/www.masmaristany.com\/wp-content\/uploads\/2025\/03\/01-Pou-Boronat-portada-768x518.jpg\" class=\"attachment-medium_large size-medium_large wp-post-image\" alt=\"\" srcset=\"https:\/\/www.masmaristany.com\/wp-content\/uploads\/2025\/03\/01-Pou-Boronat-portada-768x518.jpg 768w, https:\/\/www.masmaristany.com\/wp-content\/uploads\/2025\/03\/01-Pou-Boronat-portada-300x202.jpg 300w, https:\/\/www.masmaristany.com\/wp-content\/uploads\/2025\/03\/01-Pou-Boronat-portada-1024x690.jpg 1024w, https:\/\/www.masmaristany.com\/wp-content\/uploads\/2025\/03\/01-Pou-Boronat-portada.jpg 1240w\" sizes=\"(max-width: 768px) 100vw, 768px\" \/>\t\t\t\t<\/a>\n\t\t\t<\/div>\n        \n                <div class=\"post-grid-text-wrap\">\n               \t\t\t\t<h3 class=\"title\">\n\t\t\t<a href=\"https:\/\/www.masmaristany.com\/ca\/2025\/03\/24\/are-pou-boronat-tarragona-cat\/\">ARE POU BORONAT (TARRAGONA)<\/a>\n\t\t<\/h3>\n\t\t\t                \t                \t                                <\/div>\n\n            <\/div><!-- .blog-inner -->\n           \n        <\/article>\n\n        \n        <article id=\"post-4628\" class=\"wpcap-post post-4628 post type-post status-publish format-standard has-post-thumbnail hentry category-urbanisme-espai-public\">\n         \n            <div class=\"post-grid-inner\">\n            \t\n            \t\t\t\t<div class=\"post-grid-thumbnail\">\n\t\t\t\t<a href=\"https:\/\/www.masmaristany.com\/ca\/2025\/03\/24\/porta-de-canyelles\/\">\n\t\t\t\t\t<img decoding=\"async\" width=\"768\" height=\"518\" src=\"https:\/\/www.masmaristany.com\/wp-content\/uploads\/2025\/03\/01-PUERTA-CANYELLES-PORTADA-768x518.jpg\" class=\"attachment-medium_large size-medium_large wp-post-image\" alt=\"\" srcset=\"https:\/\/www.masmaristany.com\/wp-content\/uploads\/2025\/03\/01-PUERTA-CANYELLES-PORTADA-768x518.jpg 768w, https:\/\/www.masmaristany.com\/wp-content\/uploads\/2025\/03\/01-PUERTA-CANYELLES-PORTADA-300x202.jpg 300w, https:\/\/www.masmaristany.com\/wp-content\/uploads\/2025\/03\/01-PUERTA-CANYELLES-PORTADA-1024x690.jpg 1024w, https:\/\/www.masmaristany.com\/wp-content\/uploads\/2025\/03\/01-PUERTA-CANYELLES-PORTADA.jpg 1240w\" sizes=\"(max-width: 768px) 100vw, 768px\" \/>\t\t\t\t<\/a>\n\t\t\t<\/div>\n        \n                <div class=\"post-grid-text-wrap\">\n               \t\t\t\t<h3 class=\"title\">\n\t\t\t<a href=\"https:\/\/www.masmaristany.com\/ca\/2025\/03\/24\/porta-de-canyelles\/\">PORTA DE CANYELLES<\/a>\n\t\t<\/h3>\n\t\t\t                \t                \t                                <\/div>\n\n            <\/div><!-- .blog-inner -->\n           \n        <\/article>\n\n        \n        <article id=\"post-4581\" class=\"wpcap-post post-4581 post type-post status-publish format-standard has-post-thumbnail hentry category-urbanisme-espai-public\">\n         \n            <div class=\"post-grid-inner\">\n            \t\n            \t\t\t\t<div class=\"post-grid-thumbnail\">\n\t\t\t\t<a href=\"https:\/\/www.masmaristany.com\/ca\/2025\/03\/24\/peu-zal-de-tarragona-pla-especial-urbanistic\/\">\n\t\t\t\t\t<img decoding=\"async\" width=\"768\" height=\"518\" src=\"https:\/\/www.masmaristany.com\/wp-content\/uploads\/2025\/03\/01-PE-ZAL-portada-768x518.jpg\" class=\"attachment-medium_large size-medium_large wp-post-image\" alt=\"\" srcset=\"https:\/\/www.masmaristany.com\/wp-content\/uploads\/2025\/03\/01-PE-ZAL-portada-768x518.jpg 768w, https:\/\/www.masmaristany.com\/wp-content\/uploads\/2025\/03\/01-PE-ZAL-portada-300x202.jpg 300w, https:\/\/www.masmaristany.com\/wp-content\/uploads\/2025\/03\/01-PE-ZAL-portada-1024x690.jpg 1024w, https:\/\/www.masmaristany.com\/wp-content\/uploads\/2025\/03\/01-PE-ZAL-portada.jpg 1240w\" sizes=\"(max-width: 768px) 100vw, 768px\" \/>\t\t\t\t<\/a>\n\t\t\t<\/div>\n        \n                <div class=\"post-grid-text-wrap\">\n               \t\t\t\t<h3 class=\"title\">\n\t\t\t<a href=\"https:\/\/www.masmaristany.com\/ca\/2025\/03\/24\/peu-zal-de-tarragona-pla-especial-urbanistic\/\">PEU ZAL DE TARRAGONA &#8211; Pl\u00e0 Especial Urban\u00edstic<\/a>\n\t\t<\/h3>\n\t\t\t                \t                \t                                <\/div>\n\n            <\/div><!-- .blog-inner -->\n           \n        <\/article>\n\n        \n        <article id=\"post-4236\" class=\"wpcap-post post-4236 post type-post status-publish format-standard has-post-thumbnail hentry category-urbanisme-espai-public\">\n         \n            <div class=\"post-grid-inner\">\n            \t\n            \t\t\t\t<div class=\"post-grid-thumbnail\">\n\t\t\t\t<a href=\"https:\/\/www.masmaristany.com\/ca\/2025\/03\/24\/mppgm-a-sant-feliu-llobregat\/\">\n\t\t\t\t\t<img loading=\"lazy\" decoding=\"async\" width=\"768\" height=\"518\" src=\"https:\/\/www.masmaristany.com\/wp-content\/uploads\/2025\/03\/01-Mp-sant-feliu-portada-768x518.jpg\" class=\"attachment-medium_large size-medium_large wp-post-image\" alt=\"\" srcset=\"https:\/\/www.masmaristany.com\/wp-content\/uploads\/2025\/03\/01-Mp-sant-feliu-portada-768x518.jpg 768w, https:\/\/www.masmaristany.com\/wp-content\/uploads\/2025\/03\/01-Mp-sant-feliu-portada-300x202.jpg 300w, https:\/\/www.masmaristany.com\/wp-content\/uploads\/2025\/03\/01-Mp-sant-feliu-portada-1024x690.jpg 1024w, https:\/\/www.masmaristany.com\/wp-content\/uploads\/2025\/03\/01-Mp-sant-feliu-portada.jpg 1240w\" sizes=\"(max-width: 768px) 100vw, 768px\" \/>\t\t\t\t<\/a>\n\t\t\t<\/div>\n        \n                <div class=\"post-grid-text-wrap\">\n               \t\t\t\t<h3 class=\"title\">\n\t\t\t<a href=\"https:\/\/www.masmaristany.com\/ca\/2025\/03\/24\/mppgm-a-sant-feliu-llobregat\/\">MPPGM A SANT FELIU LLOBREGAT<\/a>\n\t\t<\/h3>\n\t\t\t                \t                \t                                <\/div>\n\n            <\/div><!-- .blog-inner -->\n           \n        <\/article>\n\n        \n        <article id=\"post-3566\" class=\"wpcap-post post-3566 post type-post status-publish format-standard has-post-thumbnail hentry category-urbanisme-espai-public\">\n         \n            <div class=\"post-grid-inner\">\n            \t\n            \t\t\t\t<div class=\"post-grid-thumbnail\">\n\t\t\t\t<a href=\"https:\/\/www.masmaristany.com\/ca\/2025\/03\/11\/transformacio-del-barri-del-rec\/\">\n\t\t\t\t\t<img loading=\"lazy\" decoding=\"async\" width=\"768\" height=\"518\" src=\"https:\/\/www.masmaristany.com\/wp-content\/uploads\/2025\/03\/01-PORTADA-igualada_verdes_grande-OK-768x518.jpg\" class=\"attachment-medium_large size-medium_large wp-post-image\" alt=\"\" srcset=\"https:\/\/www.masmaristany.com\/wp-content\/uploads\/2025\/03\/01-PORTADA-igualada_verdes_grande-OK-768x518.jpg 768w, https:\/\/www.masmaristany.com\/wp-content\/uploads\/2025\/03\/01-PORTADA-igualada_verdes_grande-OK-300x202.jpg 300w, https:\/\/www.masmaristany.com\/wp-content\/uploads\/2025\/03\/01-PORTADA-igualada_verdes_grande-OK-1024x690.jpg 1024w, https:\/\/www.masmaristany.com\/wp-content\/uploads\/2025\/03\/01-PORTADA-igualada_verdes_grande-OK.jpg 1240w\" sizes=\"(max-width: 768px) 100vw, 768px\" \/>\t\t\t\t<\/a>\n\t\t\t<\/div>\n        \n                <div class=\"post-grid-text-wrap\">\n               \t\t\t\t<h3 class=\"title\">\n\t\t\t<a href=\"https:\/\/www.masmaristany.com\/ca\/2025\/03\/11\/transformacio-del-barri-del-rec\/\">TRANSFORMACI\u00d3 DEL BARRI DEL REC<\/a>\n\t\t<\/h3>\n\t\t\t                \t                \t                                <\/div>\n\n            <\/div><!-- .blog-inner -->\n           \n        <\/article>\n\n        \n\t\t\t<\/div>\n\t\t<\/div>\n\t\t\t\t\t\t<\/div>\n\t\t\t\t<\/div>\n\t\t\t\t\t<\/div>\n\t\t\t\t<\/div>\n\t\t\t\t<\/div>\n\t\t","protected":false},"excerpt":{"rendered":"TRANSFORMACI\u00d3 DEL BARRI DEL REC Concurs d\u2019idees pel Rec de Igualada. Promotor: Ajuntament d\u2019Igualada. Data: 2017. Equip redactor: S\u00edlvia Mas, Lorena Maristany, Marisol Jim\u00e9nez, Julio-Alan Latre, Tamar Firer, Marta P\u00e9rez, Arquitectas. Col\u00b7laboradors: Anna Zahonero, bi\u00f2loga; Albert Cortina, advocat. La proposta es basa en la reconversi\u00f3 de la zona industrial del Rec en pol tractor d\u2019usos, [...]","protected":false},"author":3,"featured_media":0,"parent":0,"menu_order":0,"comment_status":"closed","ping_status":"closed","template":"elementor_header_footer","meta":{"footnotes":""},"class_list":["post-7236","page","type-page","status-publish","hentry"],"yoast_head":"<!-- This site is optimized with the Yoast SEO plugin v26.7 - https:\/\/yoast.com\/wordpress\/plugins\/seo\/ -->\n<title>urbanisme \/ espai p\u00fablic - mas maristany<\/title>\n<meta name=\"robots\" content=\"index, follow, max-snippet:-1, max-image-preview:large, max-video-preview:-1\" \/>\n<link rel=\"canonical\" href=\"https:\/\/www.masmaristany.com\/ca\/urbanisme-espai-public\/\" \/>\n<meta property=\"og:locale\" content=\"ca_ES\" \/>\n<meta property=\"og:type\" content=\"article\" \/>\n<meta property=\"og:title\" content=\"urbanisme \/ espai p\u00fablic - mas maristany\" \/>\n<meta property=\"og:url\" content=\"https:\/\/www.masmaristany.com\/ca\/urbanisme-espai-public\/\" \/>\n<meta property=\"og:site_name\" content=\"mas maristany\" \/>\n<meta property=\"article:modified_time\" content=\"2025-04-22T14:42:29+00:00\" \/>\n<meta name=\"twitter:card\" content=\"summary_large_image\" \/>\n<script type=\"application\/ld+json\" class=\"yoast-schema-graph\">{\"@context\":\"https:\/\/schema.org\",\"@graph\":[{\"@type\":\"WebPage\",\"@id\":\"https:\/\/www.masmaristany.com\/ca\/urbanisme-espai-public\/\",\"url\":\"https:\/\/www.masmaristany.com\/ca\/urbanisme-espai-public\/\",\"name\":\"urbanisme \/ espai p\u00fablic - mas maristany\",\"isPartOf\":{\"@id\":\"https:\/\/www.masmaristany.com\/#website\"},\"datePublished\":\"2025-04-16T14:43:29+00:00\",\"dateModified\":\"2025-04-22T14:42:29+00:00\",\"breadcrumb\":{\"@id\":\"https:\/\/www.masmaristany.com\/ca\/urbanisme-espai-public\/#breadcrumb\"},\"inLanguage\":\"ca\",\"potentialAction\":[{\"@type\":\"ReadAction\",\"target\":[\"https:\/\/www.masmaristany.com\/ca\/urbanisme-espai-public\/\"]}]},{\"@type\":\"BreadcrumbList\",\"@id\":\"https:\/\/www.masmaristany.com\/ca\/urbanisme-espai-public\/#breadcrumb\",\"itemListElement\":[{\"@type\":\"ListItem\",\"position\":1,\"name\":\"Portada\",\"item\":\"https:\/\/www.masmaristany.com\/ca\/\"},{\"@type\":\"ListItem\",\"position\":2,\"name\":\"urbanisme \/ espai p\u00fablic\"}]},{\"@type\":\"WebSite\",\"@id\":\"https:\/\/www.masmaristany.com\/#website\",\"url\":\"https:\/\/www.masmaristany.com\/\",\"name\":\"mas maristany\",\"description\":\"Estudio de arquitectura\",\"publisher\":{\"@id\":\"https:\/\/www.masmaristany.com\/#organization\"},\"potentialAction\":[{\"@type\":\"SearchAction\",\"target\":{\"@type\":\"EntryPoint\",\"urlTemplate\":\"https:\/\/www.masmaristany.com\/?s={search_term_string}\"},\"query-input\":{\"@type\":\"PropertyValueSpecification\",\"valueRequired\":true,\"valueName\":\"search_term_string\"}}],\"inLanguage\":\"ca\"},{\"@type\":\"Organization\",\"@id\":\"https:\/\/www.masmaristany.com\/#organization\",\"name\":\"mas maristany\",\"url\":\"https:\/\/www.masmaristany.com\/\",\"logo\":{\"@type\":\"ImageObject\",\"inLanguage\":\"ca\",\"@id\":\"https:\/\/www.masmaristany.com\/#\/schema\/logo\/image\/\",\"url\":\"https:\/\/www.masmaristany.com\/wp-content\/uploads\/2025\/03\/mas-maristany_logo-2.png\",\"contentUrl\":\"https:\/\/www.masmaristany.com\/wp-content\/uploads\/2025\/03\/mas-maristany_logo-2.png\",\"width\":1563,\"height\":625,\"caption\":\"mas maristany\"},\"image\":{\"@id\":\"https:\/\/www.masmaristany.com\/#\/schema\/logo\/image\/\"}}]}<\/script>\n<!-- \/ Yoast SEO plugin. -->","yoast_head_json":{"title":"urbanisme \/ espai p\u00fablic - mas maristany","robots":{"index":"index","follow":"follow","max-snippet":"max-snippet:-1","max-image-preview":"max-image-preview:large","max-video-preview":"max-video-preview:-1"},"canonical":"https:\/\/www.masmaristany.com\/ca\/urbanisme-espai-public\/","og_locale":"ca_ES","og_type":"article","og_title":"urbanisme \/ espai p\u00fablic - mas maristany","og_url":"https:\/\/www.masmaristany.com\/ca\/urbanisme-espai-public\/","og_site_name":"mas maristany","article_modified_time":"2025-04-22T14:42:29+00:00","twitter_card":"summary_large_image","schema":{"@context":"https:\/\/schema.org","@graph":[{"@type":"WebPage","@id":"https:\/\/www.masmaristany.com\/ca\/urbanisme-espai-public\/","url":"https:\/\/www.masmaristany.com\/ca\/urbanisme-espai-public\/","name":"urbanisme \/ espai p\u00fablic - mas maristany","isPartOf":{"@id":"https:\/\/www.masmaristany.com\/#website"},"datePublished":"2025-04-16T14:43:29+00:00","dateModified":"2025-04-22T14:42:29+00:00","breadcrumb":{"@id":"https:\/\/www.masmaristany.com\/ca\/urbanisme-espai-public\/#breadcrumb"},"inLanguage":"ca","potentialAction":[{"@type":"ReadAction","target":["https:\/\/www.masmaristany.com\/ca\/urbanisme-espai-public\/"]}]},{"@type":"BreadcrumbList","@id":"https:\/\/www.masmaristany.com\/ca\/urbanisme-espai-public\/#breadcrumb","itemListElement":[{"@type":"ListItem","position":1,"name":"Portada","item":"https:\/\/www.masmaristany.com\/ca\/"},{"@type":"ListItem","position":2,"name":"urbanisme \/ espai p\u00fablic"}]},{"@type":"WebSite","@id":"https:\/\/www.masmaristany.com\/#website","url":"https:\/\/www.masmaristany.com\/","name":"mas maristany","description":"Estudio de arquitectura","publisher":{"@id":"https:\/\/www.masmaristany.com\/#organization"},"potentialAction":[{"@type":"SearchAction","target":{"@type":"EntryPoint","urlTemplate":"https:\/\/www.masmaristany.com\/?s={search_term_string}"},"query-input":{"@type":"PropertyValueSpecification","valueRequired":true,"valueName":"search_term_string"}}],"inLanguage":"ca"},{"@type":"Organization","@id":"https:\/\/www.masmaristany.com\/#organization","name":"mas maristany","url":"https:\/\/www.masmaristany.com\/","logo":{"@type":"ImageObject","inLanguage":"ca","@id":"https:\/\/www.masmaristany.com\/#\/schema\/logo\/image\/","url":"https:\/\/www.masmaristany.com\/wp-content\/uploads\/2025\/03\/mas-maristany_logo-2.png","contentUrl":"https:\/\/www.masmaristany.com\/wp-content\/uploads\/2025\/03\/mas-maristany_logo-2.png","width":1563,"height":625,"caption":"mas maristany"},"image":{"@id":"https:\/\/www.masmaristany.com\/#\/schema\/logo\/image\/"}}]}},"_links":{"self":[{"href":"https:\/\/www.masmaristany.com\/ca\/wp-json\/wp\/v2\/pages\/7236","targetHints":{"allow":["GET"]}}],"collection":[{"href":"https:\/\/www.masmaristany.com\/ca\/wp-json\/wp\/v2\/pages"}],"about":[{"href":"https:\/\/www.masmaristany.com\/ca\/wp-json\/wp\/v2\/types\/page"}],"author":[{"embeddable":true,"href":"https:\/\/www.masmaristany.com\/ca\/wp-json\/wp\/v2\/users\/3"}],"replies":[{"embeddable":true,"href":"https:\/\/www.masmaristany.com\/ca\/wp-json\/wp\/v2\/comments?post=7236"}],"version-history":[{"count":6,"href":"https:\/\/www.masmaristany.com\/ca\/wp-json\/wp\/v2\/pages\/7236\/revisions"}],"predecessor-version":[{"id":7354,"href":"https:\/\/www.masmaristany.com\/ca\/wp-json\/wp\/v2\/pages\/7236\/revisions\/7354"}],"wp:attachment":[{"href":"https:\/\/www.masmaristany.com\/ca\/wp-json\/wp\/v2\/media?parent=7236"}],"curies":[{"name":"wp","href":"https:\/\/api.w.org\/{rel}","templated":true}]}}