{"id":7187,"date":"2025-04-16T14:34:58","date_gmt":"2025-04-16T14:34:58","guid":{"rendered":"https:\/\/www.masmaristany.com\/?page_id=7187"},"modified":"2025-04-22T14:24:23","modified_gmt":"2025-04-22T14:24:23","slug":"territori-paisatge","status":"publish","type":"page","link":"https:\/\/www.masmaristany.com\/ca\/territori-paisatge\/","title":{"rendered":"Territori paisatge"},"content":{"rendered":"\t\t<div data-elementor-type=\"wp-page\" data-elementor-id=\"7187\" class=\"elementor elementor-7187\">\n\t\t\t\t<div class=\"elementor-element elementor-element-a7f7558 e-flex e-con-boxed e-con e-parent\" data-id=\"a7f7558\" data-element_type=\"container\">\n\t\t\t\t\t<div class=\"e-con-inner\">\n\t\t\t\t<div class=\"elementor-element elementor-element-3fb03ee elementor-grid-3 elementor-grid-tablet-2 elementor-grid-mobile-1 elementor-widget elementor-widget-elementor-blog-posts\" data-id=\"3fb03ee\" data-element_type=\"widget\" data-settings=\"{&quot;columns&quot;:&quot;3&quot;,&quot;columns_tablet&quot;:&quot;2&quot;,&quot;columns_mobile&quot;:&quot;1&quot;}\" data-widget_type=\"elementor-blog-posts.default\">\n\t\t\t\t<div class=\"elementor-widget-container\">\n\t\t\t\t\t\t\t<div class=\"wpcap-grid\">\n\t\t\t\t\t\t<div class=\"wpcap-grid-container elementor-grid wpcap-grid-desktop-3 wpcap-grid-tablet-2 wpcap-grid-mobile-1\">\n\n\t\t\t\t\n        <article id=\"post-7448\" class=\"wpcap-post post-7448 post type-post status-publish format-standard has-post-thumbnail hentry category-territori-paisatge\">\n         \n            <div class=\"post-grid-inner\">\n            \t\n            \t\t\t\t<div class=\"post-grid-thumbnail\">\n\t\t\t\t<a href=\"https:\/\/www.masmaristany.com\/ca\/2025\/04\/24\/parc-port-tarragona\/\">\n\t\t\t\t\t<img fetchpriority=\"high\" decoding=\"async\" width=\"768\" height=\"518\" src=\"https:\/\/www.masmaristany.com\/wp-content\/uploads\/2025\/04\/01-IMAGEN-PORTADA-768x518.jpg\" class=\"attachment-medium_large size-medium_large wp-post-image\" alt=\"\" srcset=\"https:\/\/www.masmaristany.com\/wp-content\/uploads\/2025\/04\/01-IMAGEN-PORTADA-768x518.jpg 768w, https:\/\/www.masmaristany.com\/wp-content\/uploads\/2025\/04\/01-IMAGEN-PORTADA-300x202.jpg 300w, https:\/\/www.masmaristany.com\/wp-content\/uploads\/2025\/04\/01-IMAGEN-PORTADA-1024x690.jpg 1024w, https:\/\/www.masmaristany.com\/wp-content\/uploads\/2025\/04\/01-IMAGEN-PORTADA.jpg 1240w\" sizes=\"(max-width: 768px) 100vw, 768px\" \/>\t\t\t\t<\/a>\n\t\t\t<\/div>\n        \n                <div class=\"post-grid-text-wrap\">\n               \t\t\t\t<h3 class=\"title\">\n\t\t\t<a href=\"https:\/\/www.masmaristany.com\/ca\/2025\/04\/24\/parc-port-tarragona\/\">PARC DEL PORT DE TARRAGONA<\/a>\n\t\t<\/h3>\n\t\t\t                \t                \t                                <\/div>\n\n            <\/div><!-- .blog-inner -->\n           \n        <\/article>\n\n        \n        <article id=\"post-5149\" class=\"wpcap-post post-5149 post type-post status-publish format-standard has-post-thumbnail hentry category-territori-paisatge\">\n         \n            <div class=\"post-grid-inner\">\n            \t\n            \t\t\t\t<div class=\"post-grid-thumbnail\">\n\t\t\t\t<a href=\"https:\/\/www.masmaristany.com\/ca\/2025\/03\/24\/pgou-de-valdegovia-memoria-i-diagnosi\/\">\n\t\t\t\t\t<img decoding=\"async\" width=\"768\" height=\"518\" src=\"https:\/\/www.masmaristany.com\/wp-content\/uploads\/2025\/03\/01-PGOU-Valdegovia-PORTADA-768x518.jpg\" class=\"attachment-medium_large size-medium_large wp-post-image\" alt=\"\" srcset=\"https:\/\/www.masmaristany.com\/wp-content\/uploads\/2025\/03\/01-PGOU-Valdegovia-PORTADA-768x518.jpg 768w, https:\/\/www.masmaristany.com\/wp-content\/uploads\/2025\/03\/01-PGOU-Valdegovia-PORTADA-300x202.jpg 300w, https:\/\/www.masmaristany.com\/wp-content\/uploads\/2025\/03\/01-PGOU-Valdegovia-PORTADA-1024x690.jpg 1024w, https:\/\/www.masmaristany.com\/wp-content\/uploads\/2025\/03\/01-PGOU-Valdegovia-PORTADA.jpg 1240w\" sizes=\"(max-width: 768px) 100vw, 768px\" \/>\t\t\t\t<\/a>\n\t\t\t<\/div>\n        \n                <div class=\"post-grid-text-wrap\">\n               \t\t\t\t<h3 class=\"title\">\n\t\t\t<a href=\"https:\/\/www.masmaristany.com\/ca\/2025\/03\/24\/pgou-de-valdegovia-memoria-i-diagnosi\/\">PGOU DE VALDEGOV\u00cdA, Mem\u00f2ria i diagnosi<\/a>\n\t\t<\/h3>\n\t\t\t                \t                \t                                <\/div>\n\n            <\/div><!-- .blog-inner -->\n           \n        <\/article>\n\n        \n        <article id=\"post-4794\" class=\"wpcap-post post-4794 post type-post status-publish format-standard has-post-thumbnail hentry category-territori-paisatge\">\n         \n            <div class=\"post-grid-inner\">\n            \t\n            \t\t\t\t<div class=\"post-grid-thumbnail\">\n\t\t\t\t<a href=\"https:\/\/www.masmaristany.com\/ca\/2025\/03\/24\/subsistemes-de-les-activitats-economiques-a-la-amb\/\">\n\t\t\t\t\t<img decoding=\"async\" width=\"768\" height=\"518\" src=\"https:\/\/www.masmaristany.com\/wp-content\/uploads\/2025\/03\/01-DELIMITACIO-SUBSISTEMES-1-portada-768x518.jpg\" class=\"attachment-medium_large size-medium_large wp-post-image\" alt=\"\" srcset=\"https:\/\/www.masmaristany.com\/wp-content\/uploads\/2025\/03\/01-DELIMITACIO-SUBSISTEMES-1-portada-768x518.jpg 768w, https:\/\/www.masmaristany.com\/wp-content\/uploads\/2025\/03\/01-DELIMITACIO-SUBSISTEMES-1-portada-300x202.jpg 300w, https:\/\/www.masmaristany.com\/wp-content\/uploads\/2025\/03\/01-DELIMITACIO-SUBSISTEMES-1-portada-1024x690.jpg 1024w, https:\/\/www.masmaristany.com\/wp-content\/uploads\/2025\/03\/01-DELIMITACIO-SUBSISTEMES-1-portada.jpg 1240w\" sizes=\"(max-width: 768px) 100vw, 768px\" \/>\t\t\t\t<\/a>\n\t\t\t<\/div>\n        \n                <div class=\"post-grid-text-wrap\">\n               \t\t\t\t<h3 class=\"title\">\n\t\t\t<a href=\"https:\/\/www.masmaristany.com\/ca\/2025\/03\/24\/subsistemes-de-les-activitats-economiques-a-la-amb\/\">SUBSISTEMES DE LES ACTIVITATS ECON\u00d2MIQUES A LA AMB.<\/a>\n\t\t<\/h3>\n\t\t\t                \t                \t                                <\/div>\n\n            <\/div><!-- .blog-inner -->\n           \n        <\/article>\n\n        \n        <article id=\"post-4756\" class=\"wpcap-post post-4756 post type-post status-publish format-standard has-post-thumbnail hentry category-territori-paisatge\">\n         \n            <div class=\"post-grid-inner\">\n            \t\n            \t\t\t\t<div class=\"post-grid-thumbnail\">\n\t\t\t\t<a href=\"https:\/\/www.masmaristany.com\/ca\/2025\/03\/24\/rutes-saludables-olesa-de-montserrat\/\">\n\t\t\t\t\t<img loading=\"lazy\" decoding=\"async\" width=\"768\" height=\"518\" src=\"https:\/\/www.masmaristany.com\/wp-content\/uploads\/2025\/03\/01-RUTAS-OLESA-1-PORTADA-768x518.jpg\" class=\"attachment-medium_large size-medium_large wp-post-image\" alt=\"\" srcset=\"https:\/\/www.masmaristany.com\/wp-content\/uploads\/2025\/03\/01-RUTAS-OLESA-1-PORTADA-768x518.jpg 768w, https:\/\/www.masmaristany.com\/wp-content\/uploads\/2025\/03\/01-RUTAS-OLESA-1-PORTADA-300x202.jpg 300w, https:\/\/www.masmaristany.com\/wp-content\/uploads\/2025\/03\/01-RUTAS-OLESA-1-PORTADA-1024x690.jpg 1024w, https:\/\/www.masmaristany.com\/wp-content\/uploads\/2025\/03\/01-RUTAS-OLESA-1-PORTADA.jpg 1240w\" sizes=\"(max-width: 768px) 100vw, 768px\" \/>\t\t\t\t<\/a>\n\t\t\t<\/div>\n        \n                <div class=\"post-grid-text-wrap\">\n               \t\t\t\t<h3 class=\"title\">\n\t\t\t<a href=\"https:\/\/www.masmaristany.com\/ca\/2025\/03\/24\/rutes-saludables-olesa-de-montserrat\/\">RUTES SALUDABLES OLESA DE MONTSERRAT<\/a>\n\t\t<\/h3>\n\t\t\t                \t                \t                                <\/div>\n\n            <\/div><!-- .blog-inner -->\n           \n        <\/article>\n\n        \n        <article id=\"post-4686\" class=\"wpcap-post post-4686 post type-post status-publish format-standard has-post-thumbnail hentry category-territori-paisatge\">\n         \n            <div class=\"post-grid-inner\">\n            \t\n            \t\t\t\t<div class=\"post-grid-thumbnail\">\n\t\t\t\t<a href=\"https:\/\/www.masmaristany.com\/ca\/2025\/03\/24\/parc-fluvial-de-la-riera-de-sentmenat\/\">\n\t\t\t\t\t<img loading=\"lazy\" decoding=\"async\" width=\"768\" height=\"518\" src=\"https:\/\/www.masmaristany.com\/wp-content\/uploads\/2025\/04\/01-RIERA-WEB_portada-768x518.jpg\" class=\"attachment-medium_large size-medium_large wp-post-image\" alt=\"\" srcset=\"https:\/\/www.masmaristany.com\/wp-content\/uploads\/2025\/04\/01-RIERA-WEB_portada-768x518.jpg 768w, https:\/\/www.masmaristany.com\/wp-content\/uploads\/2025\/04\/01-RIERA-WEB_portada-300x202.jpg 300w, https:\/\/www.masmaristany.com\/wp-content\/uploads\/2025\/04\/01-RIERA-WEB_portada-1024x690.jpg 1024w, https:\/\/www.masmaristany.com\/wp-content\/uploads\/2025\/04\/01-RIERA-WEB_portada.jpg 1240w\" sizes=\"(max-width: 768px) 100vw, 768px\" \/>\t\t\t\t<\/a>\n\t\t\t<\/div>\n        \n                <div class=\"post-grid-text-wrap\">\n               \t\t\t\t<h3 class=\"title\">\n\t\t\t<a href=\"https:\/\/www.masmaristany.com\/ca\/2025\/03\/24\/parc-fluvial-de-la-riera-de-sentmenat\/\">PARC FLUVIAL DE LA RIERA DE SENTMENAT<\/a>\n\t\t<\/h3>\n\t\t\t                \t                \t                                <\/div>\n\n            <\/div><!-- .blog-inner -->\n           \n        <\/article>\n\n        \n        <article id=\"post-4503\" class=\"wpcap-post post-4503 post type-post status-publish format-standard has-post-thumbnail hentry category-territori-paisatge\">\n         \n            <div class=\"post-grid-inner\">\n            \t\n            \t\t\t\t<div class=\"post-grid-thumbnail\">\n\t\t\t\t<a href=\"https:\/\/www.masmaristany.com\/ca\/2025\/03\/24\/pe-parc-territorial-de-gallecs\/\">\n\t\t\t\t\t<img loading=\"lazy\" decoding=\"async\" width=\"768\" height=\"518\" src=\"https:\/\/www.masmaristany.com\/wp-content\/uploads\/2025\/03\/01-Gallecs-portada-768x518.jpg\" class=\"attachment-medium_large size-medium_large wp-post-image\" alt=\"\" srcset=\"https:\/\/www.masmaristany.com\/wp-content\/uploads\/2025\/03\/01-Gallecs-portada-768x518.jpg 768w, https:\/\/www.masmaristany.com\/wp-content\/uploads\/2025\/03\/01-Gallecs-portada-300x202.jpg 300w, https:\/\/www.masmaristany.com\/wp-content\/uploads\/2025\/03\/01-Gallecs-portada-1024x690.jpg 1024w, https:\/\/www.masmaristany.com\/wp-content\/uploads\/2025\/03\/01-Gallecs-portada.jpg 1240w\" sizes=\"(max-width: 768px) 100vw, 768px\" \/>\t\t\t\t<\/a>\n\t\t\t<\/div>\n        \n                <div class=\"post-grid-text-wrap\">\n               \t\t\t\t<h3 class=\"title\">\n\t\t\t<a href=\"https:\/\/www.masmaristany.com\/ca\/2025\/03\/24\/pe-parc-territorial-de-gallecs\/\">PE PARC TERRITORIAL DE GALLECS<\/a>\n\t\t<\/h3>\n\t\t\t                \t                \t                                <\/div>\n\n            <\/div><!-- .blog-inner -->\n           \n        <\/article>\n\n        \n        <article id=\"post-4438\" class=\"wpcap-post post-4438 post type-post status-publish format-standard has-post-thumbnail hentry category-territori-paisatge\">\n         \n            <div class=\"post-grid-inner\">\n            \t\n            \t\t\t\t<div class=\"post-grid-thumbnail\">\n\t\t\t\t<a href=\"https:\/\/www.masmaristany.com\/ca\/2025\/03\/24\/pdu-camp-de-tarragona\/\">\n\t\t\t\t\t<img loading=\"lazy\" decoding=\"async\" width=\"768\" height=\"518\" src=\"https:\/\/www.masmaristany.com\/wp-content\/uploads\/2025\/03\/01-PDU-Camp-Tarragona-portada-768x518.jpg\" class=\"attachment-medium_large size-medium_large wp-post-image\" alt=\"\" srcset=\"https:\/\/www.masmaristany.com\/wp-content\/uploads\/2025\/03\/01-PDU-Camp-Tarragona-portada-768x518.jpg 768w, https:\/\/www.masmaristany.com\/wp-content\/uploads\/2025\/03\/01-PDU-Camp-Tarragona-portada-300x202.jpg 300w, https:\/\/www.masmaristany.com\/wp-content\/uploads\/2025\/03\/01-PDU-Camp-Tarragona-portada-1024x690.jpg 1024w, https:\/\/www.masmaristany.com\/wp-content\/uploads\/2025\/03\/01-PDU-Camp-Tarragona-portada.jpg 1240w\" sizes=\"(max-width: 768px) 100vw, 768px\" \/>\t\t\t\t<\/a>\n\t\t\t<\/div>\n        \n                <div class=\"post-grid-text-wrap\">\n               \t\t\t\t<h3 class=\"title\">\n\t\t\t<a href=\"https:\/\/www.masmaristany.com\/ca\/2025\/03\/24\/pdu-camp-de-tarragona\/\">PDU CAMP DE TARRAGONA<\/a>\n\t\t<\/h3>\n\t\t\t                \t                \t                                <\/div>\n\n            <\/div><!-- .blog-inner -->\n           \n        <\/article>\n\n        \n        <article id=\"post-3938\" class=\"wpcap-post post-3938 post type-post status-publish format-standard has-post-thumbnail hentry category-territori-paisatge\">\n         \n            <div class=\"post-grid-inner\">\n            \t\n            \t\t\t\t<div class=\"post-grid-thumbnail\">\n\t\t\t\t<a href=\"https:\/\/www.masmaristany.com\/ca\/2025\/03\/24\/inventari-de-masies-de-gallecs\/\">\n\t\t\t\t\t<img loading=\"lazy\" decoding=\"async\" width=\"768\" height=\"515\" src=\"https:\/\/www.masmaristany.com\/wp-content\/uploads\/2025\/03\/Captura-de-pantalla-2025-04-22-a-las-15.00.44-768x515.png\" class=\"attachment-medium_large size-medium_large wp-post-image\" alt=\"\" srcset=\"https:\/\/www.masmaristany.com\/wp-content\/uploads\/2025\/03\/Captura-de-pantalla-2025-04-22-a-las-15.00.44-768x515.png 768w, https:\/\/www.masmaristany.com\/wp-content\/uploads\/2025\/03\/Captura-de-pantalla-2025-04-22-a-las-15.00.44-300x201.png 300w, https:\/\/www.masmaristany.com\/wp-content\/uploads\/2025\/03\/Captura-de-pantalla-2025-04-22-a-las-15.00.44-1024x686.png 1024w, https:\/\/www.masmaristany.com\/wp-content\/uploads\/2025\/03\/Captura-de-pantalla-2025-04-22-a-las-15.00.44.png 1438w\" sizes=\"(max-width: 768px) 100vw, 768px\" \/>\t\t\t\t<\/a>\n\t\t\t<\/div>\n        \n                <div class=\"post-grid-text-wrap\">\n               \t\t\t\t<h3 class=\"title\">\n\t\t\t<a href=\"https:\/\/www.masmaristany.com\/ca\/2025\/03\/24\/inventari-de-masies-de-gallecs\/\">INVENTARI DE MASIES DE GALLECS<\/a>\n\t\t<\/h3>\n\t\t\t                \t                \t                                <\/div>\n\n            <\/div><!-- .blog-inner -->\n           \n        <\/article>\n\n        \n\t\t\t<\/div>\n\t\t<\/div>\n\t\t\t\t\t\t<\/div>\n\t\t\t\t<\/div>\n\t\t\t\t\t<\/div>\n\t\t\t\t<\/div>\n\t\t\t\t<\/div>\n\t\t","protected":false},"excerpt":{"rendered":"<p>PGOU DE VALDEGOV\u00cdA, Mem\u00f2ria i diagnosi SUBSISTEMES DE LES ACTIVITATS ECON\u00d2MIQUES A LA AMB. RUTES SALUDABLES OLESA DE MONTSERRAT PARC FLUVIAL DE LA RIERA DE SENTMENAT PE PARC TERRITORIAL DE GALLECS PDU CAMP DE TARRAGONA INVENTARI DE MASIES DE GALLECS<\/p>\n","protected":false},"author":3,"featured_media":0,"parent":0,"menu_order":0,"comment_status":"closed","ping_status":"closed","template":"elementor_header_footer","meta":{"footnotes":""},"class_list":["post-7187","page","type-page","status-publish","hentry"],"yoast_head":"<!-- This site is optimized with the Yoast SEO plugin v26.7 - https:\/\/yoast.com\/wordpress\/plugins\/seo\/ -->\n<title>Territori paisatge - mas maristany<\/title>\n<meta name=\"robots\" content=\"index, follow, max-snippet:-1, max-image-preview:large, max-video-preview:-1\" \/>\n<link rel=\"canonical\" href=\"https:\/\/www.masmaristany.com\/ca\/territori-paisatge\/\" \/>\n<meta property=\"og:locale\" content=\"ca_ES\" \/>\n<meta property=\"og:type\" content=\"article\" \/>\n<meta property=\"og:title\" content=\"Territori paisatge - mas maristany\" \/>\n<meta property=\"og:description\" content=\"PGOU DE VALDEGOV\u00cdA, Mem\u00f2ria i diagnosi SUBSISTEMES DE LES ACTIVITATS ECON\u00d2MIQUES A LA AMB. RUTES SALUDABLES OLESA DE MONTSERRAT PARC FLUVIAL DE LA RIERA DE SENTMENAT PE PARC TERRITORIAL DE GALLECS PDU CAMP DE TARRAGONA INVENTARI DE MASIES DE GALLECS\" \/>\n<meta property=\"og:url\" content=\"https:\/\/www.masmaristany.com\/ca\/territori-paisatge\/\" \/>\n<meta property=\"og:site_name\" content=\"mas maristany\" \/>\n<meta property=\"article:modified_time\" content=\"2025-04-22T14:24:23+00:00\" \/>\n<meta property=\"og:image\" content=\"https:\/\/www.masmaristany.com\/wp-content\/uploads\/2025\/03\/01-PGOU-Valdegovia-PORTADA-768x518.jpg\" \/>\n<meta name=\"twitter:card\" content=\"summary_large_image\" \/>\n<script type=\"application\/ld+json\" class=\"yoast-schema-graph\">{\"@context\":\"https:\/\/schema.org\",\"@graph\":[{\"@type\":\"WebPage\",\"@id\":\"https:\/\/www.masmaristany.com\/ca\/territori-paisatge\/\",\"url\":\"https:\/\/www.masmaristany.com\/ca\/territori-paisatge\/\",\"name\":\"Territori paisatge - mas maristany\",\"isPartOf\":{\"@id\":\"https:\/\/www.masmaristany.com\/#website\"},\"primaryImageOfPage\":{\"@id\":\"https:\/\/www.masmaristany.com\/ca\/territori-paisatge\/#primaryimage\"},\"image\":{\"@id\":\"https:\/\/www.masmaristany.com\/ca\/territori-paisatge\/#primaryimage\"},\"thumbnailUrl\":\"https:\/\/www.masmaristany.com\/wp-content\/uploads\/2025\/03\/01-PGOU-Valdegovia-PORTADA-768x518.jpg\",\"datePublished\":\"2025-04-16T14:34:58+00:00\",\"dateModified\":\"2025-04-22T14:24:23+00:00\",\"breadcrumb\":{\"@id\":\"https:\/\/www.masmaristany.com\/ca\/territori-paisatge\/#breadcrumb\"},\"inLanguage\":\"ca\",\"potentialAction\":[{\"@type\":\"ReadAction\",\"target\":[\"https:\/\/www.masmaristany.com\/ca\/territori-paisatge\/\"]}]},{\"@type\":\"ImageObject\",\"inLanguage\":\"ca\",\"@id\":\"https:\/\/www.masmaristany.com\/ca\/territori-paisatge\/#primaryimage\",\"url\":\"https:\/\/www.masmaristany.com\/wp-content\/uploads\/2025\/03\/01-PGOU-Valdegovia-PORTADA-768x518.jpg\",\"contentUrl\":\"https:\/\/www.masmaristany.com\/wp-content\/uploads\/2025\/03\/01-PGOU-Valdegovia-PORTADA-768x518.jpg\"},{\"@type\":\"BreadcrumbList\",\"@id\":\"https:\/\/www.masmaristany.com\/ca\/territori-paisatge\/#breadcrumb\",\"itemListElement\":[{\"@type\":\"ListItem\",\"position\":1,\"name\":\"Portada\",\"item\":\"https:\/\/www.masmaristany.com\/ca\/\"},{\"@type\":\"ListItem\",\"position\":2,\"name\":\"Territori paisatge\"}]},{\"@type\":\"WebSite\",\"@id\":\"https:\/\/www.masmaristany.com\/#website\",\"url\":\"https:\/\/www.masmaristany.com\/\",\"name\":\"mas maristany\",\"description\":\"Estudio de arquitectura\",\"publisher\":{\"@id\":\"https:\/\/www.masmaristany.com\/#organization\"},\"potentialAction\":[{\"@type\":\"SearchAction\",\"target\":{\"@type\":\"EntryPoint\",\"urlTemplate\":\"https:\/\/www.masmaristany.com\/?s={search_term_string}\"},\"query-input\":{\"@type\":\"PropertyValueSpecification\",\"valueRequired\":true,\"valueName\":\"search_term_string\"}}],\"inLanguage\":\"ca\"},{\"@type\":\"Organization\",\"@id\":\"https:\/\/www.masmaristany.com\/#organization\",\"name\":\"mas maristany\",\"url\":\"https:\/\/www.masmaristany.com\/\",\"logo\":{\"@type\":\"ImageObject\",\"inLanguage\":\"ca\",\"@id\":\"https:\/\/www.masmaristany.com\/#\/schema\/logo\/image\/\",\"url\":\"https:\/\/www.masmaristany.com\/wp-content\/uploads\/2025\/03\/mas-maristany_logo-2.png\",\"contentUrl\":\"https:\/\/www.masmaristany.com\/wp-content\/uploads\/2025\/03\/mas-maristany_logo-2.png\",\"width\":1563,\"height\":625,\"caption\":\"mas maristany\"},\"image\":{\"@id\":\"https:\/\/www.masmaristany.com\/#\/schema\/logo\/image\/\"}}]}<\/script>\n<!-- \/ Yoast SEO plugin. -->","yoast_head_json":{"title":"Territori paisatge - mas maristany","robots":{"index":"index","follow":"follow","max-snippet":"max-snippet:-1","max-image-preview":"max-image-preview:large","max-video-preview":"max-video-preview:-1"},"canonical":"https:\/\/www.masmaristany.com\/ca\/territori-paisatge\/","og_locale":"ca_ES","og_type":"article","og_title":"Territori paisatge - mas maristany","og_description":"PGOU DE VALDEGOV\u00cdA, Mem\u00f2ria i diagnosi SUBSISTEMES DE LES ACTIVITATS ECON\u00d2MIQUES A LA AMB. RUTES SALUDABLES OLESA DE MONTSERRAT PARC FLUVIAL DE LA RIERA DE SENTMENAT PE PARC TERRITORIAL DE GALLECS PDU CAMP DE TARRAGONA INVENTARI DE MASIES DE GALLECS","og_url":"https:\/\/www.masmaristany.com\/ca\/territori-paisatge\/","og_site_name":"mas maristany","article_modified_time":"2025-04-22T14:24:23+00:00","og_image":[{"url":"https:\/\/www.masmaristany.com\/wp-content\/uploads\/2025\/03\/01-PGOU-Valdegovia-PORTADA-768x518.jpg","type":"","width":"","height":""}],"twitter_card":"summary_large_image","schema":{"@context":"https:\/\/schema.org","@graph":[{"@type":"WebPage","@id":"https:\/\/www.masmaristany.com\/ca\/territori-paisatge\/","url":"https:\/\/www.masmaristany.com\/ca\/territori-paisatge\/","name":"Territori paisatge - mas maristany","isPartOf":{"@id":"https:\/\/www.masmaristany.com\/#website"},"primaryImageOfPage":{"@id":"https:\/\/www.masmaristany.com\/ca\/territori-paisatge\/#primaryimage"},"image":{"@id":"https:\/\/www.masmaristany.com\/ca\/territori-paisatge\/#primaryimage"},"thumbnailUrl":"https:\/\/www.masmaristany.com\/wp-content\/uploads\/2025\/03\/01-PGOU-Valdegovia-PORTADA-768x518.jpg","datePublished":"2025-04-16T14:34:58+00:00","dateModified":"2025-04-22T14:24:23+00:00","breadcrumb":{"@id":"https:\/\/www.masmaristany.com\/ca\/territori-paisatge\/#breadcrumb"},"inLanguage":"ca","potentialAction":[{"@type":"ReadAction","target":["https:\/\/www.masmaristany.com\/ca\/territori-paisatge\/"]}]},{"@type":"ImageObject","inLanguage":"ca","@id":"https:\/\/www.masmaristany.com\/ca\/territori-paisatge\/#primaryimage","url":"https:\/\/www.masmaristany.com\/wp-content\/uploads\/2025\/03\/01-PGOU-Valdegovia-PORTADA-768x518.jpg","contentUrl":"https:\/\/www.masmaristany.com\/wp-content\/uploads\/2025\/03\/01-PGOU-Valdegovia-PORTADA-768x518.jpg"},{"@type":"BreadcrumbList","@id":"https:\/\/www.masmaristany.com\/ca\/territori-paisatge\/#breadcrumb","itemListElement":[{"@type":"ListItem","position":1,"name":"Portada","item":"https:\/\/www.masmaristany.com\/ca\/"},{"@type":"ListItem","position":2,"name":"Territori paisatge"}]},{"@type":"WebSite","@id":"https:\/\/www.masmaristany.com\/#website","url":"https:\/\/www.masmaristany.com\/","name":"mas maristany","description":"Estudio de arquitectura","publisher":{"@id":"https:\/\/www.masmaristany.com\/#organization"},"potentialAction":[{"@type":"SearchAction","target":{"@type":"EntryPoint","urlTemplate":"https:\/\/www.masmaristany.com\/?s={search_term_string}"},"query-input":{"@type":"PropertyValueSpecification","valueRequired":true,"valueName":"search_term_string"}}],"inLanguage":"ca"},{"@type":"Organization","@id":"https:\/\/www.masmaristany.com\/#organization","name":"mas maristany","url":"https:\/\/www.masmaristany.com\/","logo":{"@type":"ImageObject","inLanguage":"ca","@id":"https:\/\/www.masmaristany.com\/#\/schema\/logo\/image\/","url":"https:\/\/www.masmaristany.com\/wp-content\/uploads\/2025\/03\/mas-maristany_logo-2.png","contentUrl":"https:\/\/www.masmaristany.com\/wp-content\/uploads\/2025\/03\/mas-maristany_logo-2.png","width":1563,"height":625,"caption":"mas maristany"},"image":{"@id":"https:\/\/www.masmaristany.com\/#\/schema\/logo\/image\/"}}]}},"_links":{"self":[{"href":"https:\/\/www.masmaristany.com\/ca\/wp-json\/wp\/v2\/pages\/7187","targetHints":{"allow":["GET"]}}],"collection":[{"href":"https:\/\/www.masmaristany.com\/ca\/wp-json\/wp\/v2\/pages"}],"about":[{"href":"https:\/\/www.masmaristany.com\/ca\/wp-json\/wp\/v2\/types\/page"}],"author":[{"embeddable":true,"href":"https:\/\/www.masmaristany.com\/ca\/wp-json\/wp\/v2\/users\/3"}],"replies":[{"embeddable":true,"href":"https:\/\/www.masmaristany.com\/ca\/wp-json\/wp\/v2\/comments?post=7187"}],"version-history":[{"count":6,"href":"https:\/\/www.masmaristany.com\/ca\/wp-json\/wp\/v2\/pages\/7187\/revisions"}],"predecessor-version":[{"id":7301,"href":"https:\/\/www.masmaristany.com\/ca\/wp-json\/wp\/v2\/pages\/7187\/revisions\/7301"}],"wp:attachment":[{"href":"https:\/\/www.masmaristany.com\/ca\/wp-json\/wp\/v2\/media?parent=7187"}],"curies":[{"name":"wp","href":"https:\/\/api.w.org\/{rel}","templated":true}]}}